{"id":9181,"date":"2024-05-13T07:57:42","date_gmt":"2024-05-13T07:57:42","guid":{"rendered":"https:\/\/www.citycharge.eu\/sitemap\/"},"modified":"2024-12-24T07:26:58","modified_gmt":"2024-12-24T07:26:58","slug":"sitemap","status":"publish","type":"page","link":"https:\/\/www.citycharge.eu\/da\/sitemap\/","title":{"rendered":"Sitemap"},"content":{"rendered":"\t\t<div data-elementor-type=\"wp-page\" data-elementor-id=\"9181\" class=\"elementor elementor-9181 elementor-655\" data-elementor-post-type=\"page\">\n\t\t\t\t<div class=\"elementor-element elementor-element-4994176 e-flex e-con-boxed e-con e-parent\" data-id=\"4994176\" data-element_type=\"container\" data-e-type=\"container\" data-settings=\"{&quot;background_background&quot;:&quot;classic&quot;}\">\n\t\t\t\t\t<div class=\"e-con-inner\">\n\t\t\t\t<div class=\"elementor-element elementor-element-40facc1 elementor-widget elementor-widget-heading\" data-id=\"40facc1\" data-element_type=\"widget\" data-e-type=\"widget\" data-widget_type=\"heading.default\">\n\t\t\t\t<div class=\"elementor-widget-container\">\n\t\t\t\t\t<h1 class=\"elementor-heading-title elementor-size-default\">Sitemap  <\/h1>\t\t\t\t<\/div>\n\t\t\t\t<\/div>\n\t\t\t\t\t<\/div>\n\t\t\t\t<\/div>\n\t\t<div class=\"elementor-element elementor-element-e83b362 linkzwart e-flex e-con-boxed e-con e-parent\" data-id=\"e83b362\" data-element_type=\"container\" data-e-type=\"container\" data-settings=\"{&quot;background_background&quot;:&quot;classic&quot;}\">\n\t\t\t\t\t<div class=\"e-con-inner\">\n\t\t<div class=\"elementor-element elementor-element-9d4b3fe e-con-full e-flex e-con e-child\" data-id=\"9d4b3fe\" data-element_type=\"container\" data-e-type=\"container\">\n\t\t\t\t<div class=\"elementor-element elementor-element-10b9202 elementor-widget elementor-widget-text-editor\" data-id=\"10b9202\" data-element_type=\"widget\" data-e-type=\"widget\" data-widget_type=\"text-editor.default\">\n\t\t\t\t<div class=\"elementor-widget-container\">\n\t\t\t\t\t\t\t\t\t<ul>\n<li><div class=\"wsp-container\"><h2 class=\"wsp-posts-title\">Posts by category<\/h2>\n<ul class=\"wsp-posts-list\">\n\t<li><strong class=\"wsp-category-title\">Category: <a href=\"https:\/\/www.citycharge.eu\/da\/category\/nyheder\/\">Nyheder<\/a><\/strong>\n<ul class=\"wsp-posts-list\">\t\t<li class=\"wsp-post\"><a href=\"https:\/\/www.citycharge.eu\/da\/open-charge-alliance-core-certifikat\/\">Open Charge Alliance Core-certifikat<\/a><\/li>\n\t\t<li class=\"wsp-post\"><a href=\"https:\/\/www.citycharge.eu\/da\/citycharge-til-stede-paa-sail-amsterdam\/\">CityCharge til stede p\u00e5 SAIL Amsterdam<\/a><\/li>\n\t\t<li class=\"wsp-post\"><a href=\"https:\/\/www.citycharge.eu\/da\/oostnl-investering-i-smarte-ladepunkter-i-lygtepaele\/\">OostNL: Investering i smarte ladepunkter i lygtep\u00e6le<\/a><\/li>\n\t\t<li class=\"wsp-post\"><a href=\"https:\/\/www.citycharge.eu\/da\/en-foerste-for-eindhoven-og-anden-i-holland-lygtepael-med-stikkontakt-til-opladning-af-elbiler\/\">En f\u00f8rste for Eindhoven (og anden i Holland): lygtep\u00e6l med stikkontakt til opladning af elbiler<\/a><\/li>\n\t\t<li class=\"wsp-post\"><a href=\"https:\/\/www.citycharge.eu\/da\/opladning-af-bil-ved-en-lygtepael-bliver-snart-muligt-i-zaltbommel-brakel-faar-gadestik\/\">Opladning af bil ved en lygtep\u00e6l bliver snart muligt i Zaltbommel, Brakel f\u00e5r gadestik<\/a><\/li>\n\t\t<li class=\"wsp-post\"><a href=\"https:\/\/www.citycharge.eu\/da\/nye-ladelygtepaele-i-arnhem\/\">Nye ladelygtep\u00e6le i Arnhem<\/a><\/li>\n\t\t<li class=\"wsp-post\"><a href=\"https:\/\/www.citycharge.eu\/da\/den-smarte-lysmast-er-nu-ogsaa-en-kendsgerning-i-renkum\/\">Den smarte lysmast er nu ogs\u00e5 en kendsgerning i Renkum<\/a><\/li>\n\t\t<li class=\"wsp-post\"><a href=\"https:\/\/www.citycharge.eu\/da\/primevest-forvandler-lygtepaelen-til-smart-ladepunkt-for-at-lette-eksplosiv-vaekst-af-elbiler\/\">Primevest forvandler lygtep\u00e6len til smart ladepunkt for at lette eksplosiv v\u00e6kst af elbiler<\/a><\/li>\n<\/ul><\/li>\n\t<li><strong class=\"wsp-category-title\">Category: <a href=\"https:\/\/www.citycharge.eu\/da\/category\/sager\/\">Sager<\/a><\/strong>\n<ul class=\"wsp-posts-list\">\t\t<li class=\"wsp-post\"><a href=\"https:\/\/www.citycharge.eu\/da\/tilburg-kommune\/\">Tilburg Kommune<\/a><\/li>\n\t\t<li class=\"wsp-post\"><a href=\"https:\/\/www.citycharge.eu\/da\/eemsdelta-kommune\/\">Eemsdelta Kommune<\/a><\/li>\n\t\t<li class=\"wsp-post\"><a href=\"https:\/\/www.citycharge.eu\/da\/haarlemmermeer-kommune\/\">Haarlemmermeer kommune<\/a><\/li>\n\t\t<li class=\"wsp-post\"><a href=\"https:\/\/www.citycharge.eu\/da\/leiderdorp-kommune\/\">Leiderdorp Kommune<\/a><\/li>\n\t\t<li class=\"wsp-post\"><a href=\"https:\/\/www.citycharge.eu\/da\/deventer-kommune\/\">Deventer Kommune<\/a><\/li>\n\t\t<li class=\"wsp-post\"><a href=\"https:\/\/www.citycharge.eu\/da\/arnhem-kommune\/\">Arnhem kommune<\/a><\/li>\n\t\t<li class=\"wsp-post\"><a href=\"https:\/\/www.citycharge.eu\/da\/zaltbommel-kommune\/\">Zaltbommel kommune<\/a><\/li>\n\t\t<li class=\"wsp-post\"><a href=\"https:\/\/www.citycharge.eu\/da\/eindhoven-kommune\/\">Eindhoven kommune<\/a><\/li>\n\t\t<li class=\"wsp-post\"><a href=\"https:\/\/www.citycharge.eu\/da\/renkum-kommune\/\">Renkum kommune<\/a><\/li>\n\t\t<li class=\"wsp-post\"><a href=\"https:\/\/www.citycharge.eu\/da\/oosterhout-kommune\/\">Oosterhout kommune<\/a><\/li>\n\t\t<li class=\"wsp-post\"><a href=\"https:\/\/www.citycharge.eu\/da\/alkmaar-kommune\/\">Alkmaar kommune<\/a><\/li>\n<\/ul><\/li>\n<\/ul>\n<\/div><\/li>\n<\/ul>\n\t\t\t\t\t\t\t\t<\/div>\n\t\t\t\t<\/div>\n\t\t\t\t<\/div>\n\t\t<div class=\"elementor-element elementor-element-60ea742 e-con-full e-flex e-con e-child\" data-id=\"60ea742\" data-element_type=\"container\" data-e-type=\"container\">\n\t\t\t\t<div class=\"elementor-element elementor-element-2d2792b elementor-widget elementor-widget-text-editor\" data-id=\"2d2792b\" data-element_type=\"widget\" data-e-type=\"widget\" data-widget_type=\"text-editor.default\">\n\t\t\t\t<div class=\"elementor-widget-container\">\n\t\t\t\t\t\t\t\t\t<ul>\n<li><div class=\"wsp-container\"><h2 class=\"wsp-pages-title\">Pages<\/h2>\n<ul class=\"wsp-pages-list\">\n<li class=\"page_item page-item-9892\"><a href=\"https:\/\/www.citycharge.eu\/da\/ansvarsfraskrivelse\/\">Ansvarsfraskrivelse<\/a><\/li>\n<li class=\"page_item page-item-9328\"><a href=\"https:\/\/www.citycharge.eu\/da\/brochure\/\">Brochure<\/a><\/li>\n<li class=\"page_item page-item-9452\"><a href=\"https:\/\/www.citycharge.eu\/da\/cookiepolitik\/\">Cookiepolitik<\/a><\/li>\n<li class=\"page_item page-item-9933\"><a href=\"https:\/\/www.citycharge.eu\/da\/de-gik-foer-dig\/\">De gik f\u00f8r dig<\/a><\/li>\n<li class=\"page_item page-item-11069\"><a href=\"https:\/\/www.citycharge.eu\/da\/fordelene-ved-innovative-lastlysmaster\/\">Fordelene ved innovative lastlysmaster<\/a><\/li>\n<li class=\"page_item page-item-9155\"><a href=\"https:\/\/www.citycharge.eu\/da\/\">Hjem<\/a><\/li>\n<li class=\"page_item page-item-9475\"><a href=\"https:\/\/www.citycharge.eu\/da\/beregningsvaerktoej\/\">Hurtig scanning<\/a><\/li>\n<li class=\"page_item page-item-9171\"><a href=\"https:\/\/www.citycharge.eu\/da\/kontakte\/\">Kontakte<\/a><\/li>\n<li class=\"page_item page-item-9213\"><a href=\"https:\/\/www.citycharge.eu\/da\/kontaktformular-takkeside\/\">Kontaktformular takkeside<\/a><\/li>\n<li class=\"page_item page-item-9985\"><a href=\"https:\/\/www.citycharge.eu\/da\/nyheder\/\">Nyheder<\/a><\/li>\n<li class=\"page_item page-item-9176\"><a href=\"https:\/\/www.citycharge.eu\/da\/om-os\/\">Om os<\/a><\/li>\n<li class=\"page_item page-item-9266 page_item_has_children\"><a href=\"https:\/\/www.citycharge.eu\/da\/opladningsloesning\/\">Opladningsl\u00f8sning<\/a>\n<ul class='children'>\n\t<li class=\"page_item page-item-9290\"><a href=\"https:\/\/www.citycharge.eu\/da\/opladningsloesning\/cpoer\/\">CPO&#8217;er<\/a><\/li>\n\t<li class=\"page_item page-item-9247\"><a href=\"https:\/\/www.citycharge.eu\/da\/opladningsloesning\/kommuner\/\">Kommuner<\/a><\/li>\n\t<li class=\"page_item page-item-10048\"><a href=\"https:\/\/www.citycharge.eu\/da\/opladningsloesning\/konsulentfirmaer\/\">Konsulentfirmaer<\/a><\/li>\n\t<li class=\"page_item page-item-10100\"><a href=\"https:\/\/www.citycharge.eu\/da\/opladningsloesning\/ordregivende-myndigheder\/\">Ordregivende myndigheder<\/a><\/li>\n\t<li class=\"page_item page-item-10073\"><a href=\"https:\/\/www.citycharge.eu\/da\/opladningsloesning\/projektudviklere\/\">Projektudviklere<\/a><\/li>\n<\/ul>\n<\/li>\n<li class=\"page_item page-item-9959\"><a href=\"https:\/\/www.citycharge.eu\/da\/partnere\/\">Partnere<\/a><\/li>\n<li class=\"page_item page-item-10021\"><a href=\"https:\/\/www.citycharge.eu\/da\/privatlivspolitik\/\">Privatlivspolitik<\/a><\/li>\n<li class=\"page_item page-item-9181\"><a href=\"https:\/\/www.citycharge.eu\/da\/sitemap\/\">Sitemap<\/a><\/li>\n<li class=\"page_item page-item-9482\"><a href=\"https:\/\/www.citycharge.eu\/da\/tak-side-download-brochure\/\">Tak side download brochure<\/a><\/li>\n<li class=\"page_item page-item-9865\"><a href=\"https:\/\/www.citycharge.eu\/da\/tak-side-download-specifikationer\/\">Tak side download specifikationer<\/a><\/li>\n<li class=\"page_item page-item-9834\"><a href=\"https:\/\/www.citycharge.eu\/da\/tekniske-specifikationer\/\">Tekniske specifikationer<\/a><\/li>\n<\/ul>\n<\/div><\/li>\n<\/ul>\n\t\t\t\t\t\t\t\t<\/div>\n\t\t\t\t<\/div>\n\t\t\t\t<\/div>\n\t\t\t\t\t<\/div>\n\t\t\t\t<\/div>\n\t\t<div class=\"elementor-element elementor-element-5bdfffa e-flex e-con-boxed e-con e-parent\" data-id=\"5bdfffa\" data-element_type=\"container\" data-e-type=\"container\" data-settings=\"{&quot;background_background&quot;:&quot;classic&quot;}\">\n\t\t\t\t\t<div class=\"e-con-inner\">\n\t\t<div class=\"elementor-element elementor-element-9c0d534 e-con-full e-flex e-con e-child\" data-id=\"9c0d534\" data-element_type=\"container\" data-e-type=\"container\" data-settings=\"{&quot;background_background&quot;:&quot;classic&quot;}\">\n\t\t<div class=\"elementor-element elementor-element-daf70e3 e-flex e-con-boxed e-con e-child\" data-id=\"daf70e3\" data-element_type=\"container\" data-e-type=\"container\">\n\t\t\t\t\t<div class=\"e-con-inner\">\n\t\t<div class=\"elementor-element elementor-element-9be657b e-flex e-con-boxed e-con e-child\" data-id=\"9be657b\" data-element_type=\"container\" data-e-type=\"container\">\n\t\t\t\t\t<div class=\"e-con-inner\">\n\t\t\t\t<div class=\"elementor-element elementor-element-20a910c elementor-widget elementor-widget-heading\" data-id=\"20a910c\" data-element_type=\"widget\" data-e-type=\"widget\" data-widget_type=\"heading.default\">\n\t\t\t\t<div class=\"elementor-widget-container\">\n\t\t\t\t\t<h3 class=\"elementor-heading-title elementor-size-default\">\"Sikker opladning og leg \u2013 CityCharge giver et b\u00f8rnevenligt milj\u00f8.\"<\/h3>\t\t\t\t<\/div>\n\t\t\t\t<\/div>\n\t\t\t\t\t<\/div>\n\t\t\t\t<\/div>\n\t\t\t\t\t<\/div>\n\t\t\t\t<\/div>\n\t\t\t\t<\/div>\n\t\t<div class=\"elementor-element elementor-element-35fd8d1 e-con-full e-flex e-con e-child\" data-id=\"35fd8d1\" data-element_type=\"container\" data-e-type=\"container\">\n\t\t\t\t<div class=\"elementor-element elementor-element-b99b5e3 elementor-widget elementor-widget-text-editor\" data-id=\"b99b5e3\" data-element_type=\"widget\" data-e-type=\"widget\" data-widget_type=\"text-editor.default\">\n\t\t\t\t<div class=\"elementor-widget-container\">\n\t\t\t\t\t\t\t\t\t<h2>Vil du ogs\u00e5 gerne oplade uden bekymringer?<\/h2>\n\t\t\t\t\t\t\t\t<\/div>\n\t\t\t\t<\/div>\n\t\t\t\t<div class=\"elementor-element elementor-element-b9db6f6 elementor-widget elementor-widget-text-editor\" data-id=\"b9db6f6\" data-element_type=\"widget\" data-e-type=\"widget\" data-widget_type=\"text-editor.default\">\n\t\t\t\t<div class=\"elementor-widget-container\">\n\t\t\t\t\t\t\t\t\t<p>Er du nysgerrig p\u00e5, hvad CityCharge kan g\u00f8re for din kommune eller dit projekt? Vi fort\u00e6ller gerne om mulighederne.   <\/p>\n\t\t\t\t\t\t\t\t<\/div>\n\t\t\t\t<\/div>\n\t\t\t\t<div class=\"elementor-element elementor-element-a646ef4 elementor-widget elementor-widget-text-editor\" data-id=\"a646ef4\" data-element_type=\"widget\" data-e-type=\"widget\" data-widget_type=\"text-editor.default\">\n\t\t\t\t<div class=\"elementor-widget-container\">\n\t\t\t\t\t\t\t\t\t<p><strong>Kontakt en af \u200b\u200bvores r\u00e5dgivere.<\/strong><\/p>\n\t\t\t\t\t\t\t\t<\/div>\n\t\t\t\t<\/div>\n\t\t\t\t<div class=\"elementor-element elementor-element-f75e8fd elementor-mobile-align-left elementor-widget elementor-widget-button\" data-id=\"f75e8fd\" data-element_type=\"widget\" data-e-type=\"widget\" data-widget_type=\"button.default\">\n\t\t\t\t<div class=\"elementor-widget-container\">\n\t\t\t\t\t\t\t\t\t<div class=\"elementor-button-wrapper\">\n\t\t\t\t\t<a class=\"elementor-button elementor-button-link elementor-size-sm\" href=\"http:\/\/+31850716620\">\n\t\t\t\t\t\t<span class=\"elementor-button-content-wrapper\">\n\t\t\t\t\t\t<span class=\"elementor-button-icon\">\n\t\t\t\t<svg aria-hidden=\"true\" class=\"e-font-icon-svg e-fas-phone-alt\" viewBox=\"0 0 512 512\" xmlns=\"http:\/\/www.w3.org\/2000\/svg\"><path d=\"M497.39 361.8l-112-48a24 24 0 0 0-28 6.9l-49.6 60.6A370.66 370.66 0 0 1 130.6 204.11l60.6-49.6a23.94 23.94 0 0 0 6.9-28l-48-112A24.16 24.16 0 0 0 122.6.61l-104 24A24 24 0 0 0 0 48c0 256.5 207.9 464 464 464a24 24 0 0 0 23.4-18.6l24-104a24.29 24.29 0 0 0-14.01-27.6z\"><\/path><\/svg>\t\t\t<\/span>\n\t\t\t\t\t\t\t\t\t<span class=\"elementor-button-text\">085-0716620<\/span>\n\t\t\t\t\t<\/span>\n\t\t\t\t\t<\/a>\n\t\t\t\t<\/div>\n\t\t\t\t\t\t\t\t<\/div>\n\t\t\t\t<\/div>\n\t\t\t\t<div class=\"elementor-element elementor-element-30ef0cc elementor-align-left animated-fast elementor-invisible elementor-widget elementor-widget-button\" data-id=\"30ef0cc\" data-element_type=\"widget\" data-e-type=\"widget\" data-settings=\"{&quot;_animation&quot;:&quot;zoomIn&quot;}\" data-widget_type=\"button.default\">\n\t\t\t\t<div class=\"elementor-widget-container\">\n\t\t\t\t\t\t\t\t\t<div class=\"elementor-button-wrapper\">\n\t\t\t\t\t<a class=\"elementor-button elementor-button-link elementor-size-sm\" href=\"https:\/\/www.citycharge.eu\/da\/kontakte\/\">\n\t\t\t\t\t\t<span class=\"elementor-button-content-wrapper\">\n\t\t\t\t\t\t\t\t\t<span class=\"elementor-button-text\">Kontakte<\/span>\n\t\t\t\t\t<\/span>\n\t\t\t\t\t<\/a>\n\t\t\t\t<\/div>\n\t\t\t\t\t\t\t\t<\/div>\n\t\t\t\t<\/div>\n\t\t\t\t<\/div>\n\t\t\t\t\t<\/div>\n\t\t\t\t<\/div>\n\t\t\t\t<\/div>\n\t\t","protected":false},"excerpt":{"rendered":"<p>Sitemap &#8220;Sikker opladning og leg \u2013 CityCharge giver et b\u00f8rnevenligt milj\u00f8.&#8221; Vil du ogs\u00e5 gerne oplade uden bekymringer? Er du nysgerrig p\u00e5, hvad CityCharge kan g\u00f8re for din kommune eller dit projekt? Vi fort\u00e6ller gerne om mulighederne. Kontakt en af \u200b\u200bvores r\u00e5dgivere. 085-0716620 Kontakte<\/p>\n","protected":false},"author":1,"featured_media":0,"parent":0,"menu_order":0,"comment_status":"closed","ping_status":"closed","template":"elementor_header_footer","meta":{"_acf_changed":false,"footnotes":""},"class_list":["post-9181","page","type-page","status-publish","hentry"],"acf":[],"yoast_head":"<!-- This site is optimized with the Yoast SEO plugin v27.5 - https:\/\/yoast.com\/product\/yoast-seo-wordpress\/ -->\n<title>Sitemap - CityCharge<\/title>\n<meta name=\"robots\" content=\"index, follow, max-snippet:-1, max-image-preview:large, max-video-preview:-1\" \/>\n<link rel=\"canonical\" href=\"https:\/\/www.citycharge.eu\/da\/sitemap\/\" \/>\n<meta property=\"og:locale\" content=\"da_DK\" \/>\n<meta property=\"og:type\" content=\"article\" \/>\n<meta property=\"og:title\" content=\"Sitemap - CityCharge\" \/>\n<meta property=\"og:description\" content=\"Sitemap &#8220;Sikker opladning og leg \u2013 CityCharge giver et b\u00f8rnevenligt milj\u00f8.&#8221; Vil du ogs\u00e5 gerne oplade uden bekymringer? Er du nysgerrig p\u00e5, hvad CityCharge kan g\u00f8re for din kommune eller dit projekt? Vi fort\u00e6ller gerne om mulighederne. Kontakt en af \u200b\u200bvores r\u00e5dgivere. 085-0716620 Kontakte\" \/>\n<meta property=\"og:url\" content=\"https:\/\/www.citycharge.eu\/da\/sitemap\/\" \/>\n<meta property=\"og:site_name\" content=\"CityCharge\" \/>\n<meta property=\"article:modified_time\" content=\"2024-12-24T07:26:58+00:00\" \/>\n<meta name=\"twitter:card\" content=\"summary_large_image\" \/>\n<script type=\"application\/ld+json\" class=\"yoast-schema-graph\">{\"@context\":\"https:\\\/\\\/schema.org\",\"@graph\":[{\"@type\":\"WebPage\",\"@id\":\"https:\\\/\\\/www.citycharge.eu\\\/da\\\/sitemap\\\/\",\"url\":\"https:\\\/\\\/www.citycharge.eu\\\/da\\\/sitemap\\\/\",\"name\":\"Sitemap - CityCharge\",\"isPartOf\":{\"@id\":\"https:\\\/\\\/www.citycharge.eu\\\/da\\\/#website\"},\"datePublished\":\"2024-05-13T07:57:42+00:00\",\"dateModified\":\"2024-12-24T07:26:58+00:00\",\"breadcrumb\":{\"@id\":\"https:\\\/\\\/www.citycharge.eu\\\/da\\\/sitemap\\\/#breadcrumb\"},\"inLanguage\":\"da-DK\",\"potentialAction\":[{\"@type\":\"ReadAction\",\"target\":[\"https:\\\/\\\/www.citycharge.eu\\\/da\\\/sitemap\\\/\"]}]},{\"@type\":\"BreadcrumbList\",\"@id\":\"https:\\\/\\\/www.citycharge.eu\\\/da\\\/sitemap\\\/#breadcrumb\",\"itemListElement\":[{\"@type\":\"ListItem\",\"position\":1,\"name\":\"Home\",\"item\":\"https:\\\/\\\/www.citycharge.eu\\\/da\\\/\"},{\"@type\":\"ListItem\",\"position\":2,\"name\":\"Sitemap\"}]},{\"@type\":\"WebSite\",\"@id\":\"https:\\\/\\\/www.citycharge.eu\\\/da\\\/#website\",\"url\":\"https:\\\/\\\/www.citycharge.eu\\\/da\\\/\",\"name\":\"CityCharge\",\"description\":\"Nieuw licht op laden\",\"publisher\":{\"@id\":\"https:\\\/\\\/www.citycharge.eu\\\/da\\\/#organization\"},\"potentialAction\":[{\"@type\":\"SearchAction\",\"target\":{\"@type\":\"EntryPoint\",\"urlTemplate\":\"https:\\\/\\\/www.citycharge.eu\\\/da\\\/?s={search_term_string}\"},\"query-input\":{\"@type\":\"PropertyValueSpecification\",\"valueRequired\":true,\"valueName\":\"search_term_string\"}}],\"inLanguage\":\"da-DK\"},{\"@type\":\"Organization\",\"@id\":\"https:\\\/\\\/www.citycharge.eu\\\/da\\\/#organization\",\"name\":\"CityCharge\",\"url\":\"https:\\\/\\\/www.citycharge.eu\\\/da\\\/\",\"logo\":{\"@type\":\"ImageObject\",\"inLanguage\":\"da-DK\",\"@id\":\"https:\\\/\\\/www.citycharge.eu\\\/da\\\/#\\\/schema\\\/logo\\\/image\\\/\",\"url\":\"https:\\\/\\\/www.citycharge.eu\\\/wp-content\\\/uploads\\\/2024\\\/07\\\/Citycharge_payofff_white.svg\",\"contentUrl\":\"https:\\\/\\\/www.citycharge.eu\\\/wp-content\\\/uploads\\\/2024\\\/07\\\/Citycharge_payofff_white.svg\",\"width\":1920,\"height\":530,\"caption\":\"CityCharge\"},\"image\":{\"@id\":\"https:\\\/\\\/www.citycharge.eu\\\/da\\\/#\\\/schema\\\/logo\\\/image\\\/\"}}]}<\/script>\n<!-- \/ Yoast SEO plugin. -->","yoast_head_json":{"title":"Sitemap - CityCharge","robots":{"index":"index","follow":"follow","max-snippet":"max-snippet:-1","max-image-preview":"max-image-preview:large","max-video-preview":"max-video-preview:-1"},"canonical":"https:\/\/www.citycharge.eu\/da\/sitemap\/","og_locale":"da_DK","og_type":"article","og_title":"Sitemap - CityCharge","og_description":"Sitemap &#8220;Sikker opladning og leg \u2013 CityCharge giver et b\u00f8rnevenligt milj\u00f8.&#8221; Vil du ogs\u00e5 gerne oplade uden bekymringer? Er du nysgerrig p\u00e5, hvad CityCharge kan g\u00f8re for din kommune eller dit projekt? Vi fort\u00e6ller gerne om mulighederne. Kontakt en af \u200b\u200bvores r\u00e5dgivere. 085-0716620 Kontakte","og_url":"https:\/\/www.citycharge.eu\/da\/sitemap\/","og_site_name":"CityCharge","article_modified_time":"2024-12-24T07:26:58+00:00","twitter_card":"summary_large_image","schema":{"@context":"https:\/\/schema.org","@graph":[{"@type":"WebPage","@id":"https:\/\/www.citycharge.eu\/da\/sitemap\/","url":"https:\/\/www.citycharge.eu\/da\/sitemap\/","name":"Sitemap - CityCharge","isPartOf":{"@id":"https:\/\/www.citycharge.eu\/da\/#website"},"datePublished":"2024-05-13T07:57:42+00:00","dateModified":"2024-12-24T07:26:58+00:00","breadcrumb":{"@id":"https:\/\/www.citycharge.eu\/da\/sitemap\/#breadcrumb"},"inLanguage":"da-DK","potentialAction":[{"@type":"ReadAction","target":["https:\/\/www.citycharge.eu\/da\/sitemap\/"]}]},{"@type":"BreadcrumbList","@id":"https:\/\/www.citycharge.eu\/da\/sitemap\/#breadcrumb","itemListElement":[{"@type":"ListItem","position":1,"name":"Home","item":"https:\/\/www.citycharge.eu\/da\/"},{"@type":"ListItem","position":2,"name":"Sitemap"}]},{"@type":"WebSite","@id":"https:\/\/www.citycharge.eu\/da\/#website","url":"https:\/\/www.citycharge.eu\/da\/","name":"CityCharge","description":"Nieuw licht op laden","publisher":{"@id":"https:\/\/www.citycharge.eu\/da\/#organization"},"potentialAction":[{"@type":"SearchAction","target":{"@type":"EntryPoint","urlTemplate":"https:\/\/www.citycharge.eu\/da\/?s={search_term_string}"},"query-input":{"@type":"PropertyValueSpecification","valueRequired":true,"valueName":"search_term_string"}}],"inLanguage":"da-DK"},{"@type":"Organization","@id":"https:\/\/www.citycharge.eu\/da\/#organization","name":"CityCharge","url":"https:\/\/www.citycharge.eu\/da\/","logo":{"@type":"ImageObject","inLanguage":"da-DK","@id":"https:\/\/www.citycharge.eu\/da\/#\/schema\/logo\/image\/","url":"https:\/\/www.citycharge.eu\/wp-content\/uploads\/2024\/07\/Citycharge_payofff_white.svg","contentUrl":"https:\/\/www.citycharge.eu\/wp-content\/uploads\/2024\/07\/Citycharge_payofff_white.svg","width":1920,"height":530,"caption":"CityCharge"},"image":{"@id":"https:\/\/www.citycharge.eu\/da\/#\/schema\/logo\/image\/"}}]}},"_links":{"self":[{"href":"https:\/\/www.citycharge.eu\/da\/wp-json\/wp\/v2\/pages\/9181","targetHints":{"allow":["GET"]}}],"collection":[{"href":"https:\/\/www.citycharge.eu\/da\/wp-json\/wp\/v2\/pages"}],"about":[{"href":"https:\/\/www.citycharge.eu\/da\/wp-json\/wp\/v2\/types\/page"}],"author":[{"embeddable":true,"href":"https:\/\/www.citycharge.eu\/da\/wp-json\/wp\/v2\/users\/1"}],"replies":[{"embeddable":true,"href":"https:\/\/www.citycharge.eu\/da\/wp-json\/wp\/v2\/comments?post=9181"}],"version-history":[{"count":1,"href":"https:\/\/www.citycharge.eu\/da\/wp-json\/wp\/v2\/pages\/9181\/revisions"}],"predecessor-version":[{"id":9183,"href":"https:\/\/www.citycharge.eu\/da\/wp-json\/wp\/v2\/pages\/9181\/revisions\/9183"}],"wp:attachment":[{"href":"https:\/\/www.citycharge.eu\/da\/wp-json\/wp\/v2\/media?parent=9181"}],"curies":[{"name":"wp","href":"https:\/\/api.w.org\/{rel}","templated":true}]}}