{"id":10044,"date":"2024-05-12T18:00:01","date_gmt":"2024-05-12T18:00:01","guid":{"rendered":"https:\/\/www.citycharge.eu\/ladeloesung\/beratungsunternehmen\/"},"modified":"2024-12-30T11:19:50","modified_gmt":"2024-12-30T11:19:50","slug":"beratungsunternehmen","status":"publish","type":"page","link":"https:\/\/www.citycharge.eu\/de\/ladeloesung\/beratungsunternehmen\/","title":{"rendered":"Beratungsunternehmen"},"content":{"rendered":"\t\t<div data-elementor-type=\"wp-page\" data-elementor-id=\"10044\" class=\"elementor elementor-10044 elementor-612\" data-elementor-post-type=\"page\">\n\t\t\t\t<div class=\"elementor-element elementor-element-4994176 e-flex e-con-boxed e-con e-parent\" data-id=\"4994176\" data-element_type=\"container\" data-e-type=\"container\" data-settings=\"{&quot;background_background&quot;:&quot;classic&quot;}\">\n\t\t\t\t\t<div class=\"e-con-inner\">\n\t\t\t\t<div class=\"elementor-element elementor-element-40facc1 elementor-widget elementor-widget-heading\" data-id=\"40facc1\" data-element_type=\"widget\" data-e-type=\"widget\" data-widget_type=\"heading.default\">\n\t\t\t\t<div class=\"elementor-widget-container\">\n\t\t\t\t\t<h1 class=\"elementor-heading-title elementor-size-default\">Was kann CityCharge f\u00fcr Ihr Projekt tun?<\/h1>\t\t\t\t<\/div>\n\t\t\t\t<\/div>\n\t\t\t\t\t<\/div>\n\t\t\t\t<\/div>\n\t\t<div class=\"elementor-element elementor-element-189034f e-flex e-con-boxed e-con e-parent\" data-id=\"189034f\" data-element_type=\"container\" data-e-type=\"container\" data-settings=\"{&quot;background_background&quot;:&quot;classic&quot;}\">\n\t\t\t\t\t<div class=\"e-con-inner\">\n\t\t<div class=\"elementor-element elementor-element-982f161 e-con-full e-flex e-con e-child\" data-id=\"982f161\" data-element_type=\"container\" data-e-type=\"container\" data-settings=\"{&quot;background_background&quot;:&quot;classic&quot;}\">\n\t\t\t\t<\/div>\n\t\t<div class=\"elementor-element elementor-element-0f88491 e-con-full e-flex e-con e-child\" data-id=\"0f88491\" data-element_type=\"container\" data-e-type=\"container\">\n\t\t\t\t<div class=\"elementor-element elementor-element-f8de039 elementor-widget elementor-widget-heading\" data-id=\"f8de039\" data-element_type=\"widget\" data-e-type=\"widget\" data-widget_type=\"heading.default\">\n\t\t\t\t<div class=\"elementor-widget-container\">\n\t\t\t\t\t<h2 class=\"elementor-heading-title elementor-size-default\">Beratungsunternehmen f\u00fcr den \u00f6ffentlichen und halb\u00f6ffentlichen Bereich  <\/h2>\t\t\t\t<\/div>\n\t\t\t\t<\/div>\n\t\t\t\t<div class=\"elementor-element elementor-element-82197dd elementor-widget elementor-widget-text-editor\" data-id=\"82197dd\" data-element_type=\"widget\" data-e-type=\"widget\" data-widget_type=\"text-editor.default\">\n\t\t\t\t<div class=\"elementor-widget-container\">\n\t\t\t\t\t\t\t\t\t<p>Neben \u00f6ffentlichen Standorten wie Stra\u00dfen und Pl\u00e4tzen in D\u00f6rfern und St\u00e4dten eignet sich die Ladelichtmastl\u00f6sung f\u00fcr Elektrofahrzeuge auch ideal f\u00fcr halb\u00f6ffentliche Standorte wie Gewerbeparks, Sportanlagen, Hotels und Einkaufszentren.<\/p>\n<p>Die Kombination aus \u00f6ffentlicher Beleuchtung und Laden von Elektrofahrzeugen bietet auch einen Sicherheitsaspekt, da der Ladepunkt unter dem Laternenpfahl immer beleuchtet ist. Wichtige Vorteile sind der schnelle Rollout an bestehenden Standorten, die Begrenzung des CO\u2082-Aussto\u00dfes und die attraktivere Optik des Parkplatzes. <\/p>\n\t\t\t\t\t\t\t\t<\/div>\n\t\t\t\t<\/div>\n\t\t\t\t<\/div>\n\t\t\t\t\t<\/div>\n\t\t\t\t<\/div>\n\t\t<div class=\"elementor-element elementor-element-ecdba96 e-flex e-con-boxed e-con e-parent\" data-id=\"ecdba96\" data-element_type=\"container\" data-e-type=\"container\" data-settings=\"{&quot;background_background&quot;:&quot;classic&quot;}\">\n\t\t\t\t\t<div class=\"e-con-inner\">\n\t\t<div class=\"elementor-element elementor-element-99b0b3a e-flex e-con-boxed e-con e-child\" data-id=\"99b0b3a\" data-element_type=\"container\" data-e-type=\"container\" data-settings=\"{&quot;background_background&quot;:&quot;classic&quot;}\">\n\t\t\t\t\t<div class=\"e-con-inner\">\n\t\t\t\t<div class=\"elementor-element elementor-element-07867ae elementor-widget elementor-widget-text-editor\" data-id=\"07867ae\" data-element_type=\"widget\" data-e-type=\"widget\" data-widget_type=\"text-editor.default\">\n\t\t\t\t<div class=\"elementor-widget-container\">\n\t\t\t\t\t\t\t\t\t<h4><strong>Machen Sie einen Unterschied mit CityCharge<\/strong><\/h4>\n<p>CityCharge steht f\u00fcr Innovation, Nachhaltigkeit und Komfort. Kontaktieren Sie uns und entdecken Sie, wie unsere Ladel\u00f6sungen Ihr Projekt ver\u00e4ndern k\u00f6nnen. Gemeinsam bauen wir eine sauberere und gr\u00fcnere Zukunft.  <\/p>\n\t\t\t\t\t\t\t\t<\/div>\n\t\t\t\t<\/div>\n\t\t\t\t<div class=\"elementor-element elementor-element-e13d5e0 elementor-align-center animated-fast elementor-invisible elementor-widget elementor-widget-button\" data-id=\"e13d5e0\" data-element_type=\"widget\" data-e-type=\"widget\" data-settings=\"{&quot;_animation&quot;:&quot;zoomIn&quot;}\" data-widget_type=\"button.default\">\n\t\t\t\t<div class=\"elementor-widget-container\">\n\t\t\t\t\t\t\t\t\t<div class=\"elementor-button-wrapper\">\n\t\t\t\t\t<a class=\"elementor-button elementor-button-link elementor-size-sm\" href=\"https:\/\/www.citycharge.eu\/de\/kontakt\/\">\n\t\t\t\t\t\t<span class=\"elementor-button-content-wrapper\">\n\t\t\t\t\t\t\t\t\t<span class=\"elementor-button-text\">Kontakt<\/span>\n\t\t\t\t\t<\/span>\n\t\t\t\t\t<\/a>\n\t\t\t\t<\/div>\n\t\t\t\t\t\t\t\t<\/div>\n\t\t\t\t<\/div>\n\t\t\t\t\t<\/div>\n\t\t\t\t<\/div>\n\t\t\t\t\t<\/div>\n\t\t\t\t<\/div>\n\t\t<div class=\"elementor-element elementor-element-5514304 e-flex e-con-boxed e-con e-parent\" data-id=\"5514304\" data-element_type=\"container\" data-e-type=\"container\" data-settings=\"{&quot;background_background&quot;:&quot;classic&quot;}\">\n\t\t\t\t\t<div class=\"e-con-inner\">\n\t\t\t\t<div class=\"elementor-element elementor-element-1094170 elementor-widget elementor-widget-heading\" data-id=\"1094170\" data-element_type=\"widget\" data-e-type=\"widget\" data-widget_type=\"heading.default\">\n\t\t\t\t<div class=\"elementor-widget-container\">\n\t\t\t\t\t<h2 class=\"elementor-heading-title elementor-size-default\">Herunterladen<\/h2>\t\t\t\t<\/div>\n\t\t\t\t<\/div>\n\t\t\t\t<div class=\"elementor-element elementor-element-7bcd267 elementor-widget elementor-widget-text-editor\" data-id=\"7bcd267\" data-element_type=\"widget\" data-e-type=\"widget\" data-widget_type=\"text-editor.default\">\n\t\t\t\t<div class=\"elementor-widget-container\">\n\t\t\t\t\t\t\t\t\t<p>Sind Sie interessiert? Laden Sie unten unsere Produktinformationen und Brosch\u00fcre herunter. <\/p>\n\t\t\t\t\t\t\t\t<\/div>\n\t\t\t\t<\/div>\n\t\t<div class=\"elementor-element elementor-element-e1f2531 e-con-full e-flex e-con e-child\" data-id=\"e1f2531\" data-element_type=\"container\" data-e-type=\"container\">\n\t\t<div class=\"elementor-element elementor-element-5bc3158 e-con-full e-flex e-con e-child\" data-id=\"5bc3158\" data-element_type=\"container\" data-e-type=\"container\">\n\t\t\t\t<div class=\"elementor-element elementor-element-3a9ea50 elementor-cta--skin-cover elementor-animated-content elementor-bg-transform elementor-bg-transform-zoom-in elementor-widget elementor-widget-call-to-action\" data-id=\"3a9ea50\" data-element_type=\"widget\" data-e-type=\"widget\" data-widget_type=\"call-to-action.default\">\n\t\t\t\t<div class=\"elementor-widget-container\">\n\t\t\t\t\t\t\t<a class=\"elementor-cta\" href=\"http:\/\/www.citycharge.eu\/wp-content\/uploads\/2024\/06\/CCE002_Product_folder_A5_5-6-24_HR75.pdf\" target=\"_blank\">\n\t\t\t\t\t<div class=\"elementor-cta__bg-wrapper\">\n\t\t\t\t<div class=\"elementor-cta__bg elementor-bg\" style=\"background-image: url(https:\/\/www.citycharge.eu\/wp-content\/uploads\/2024\/06\/Productinfo-.jpg);\" role=\"img\" aria-label=\"Productinfo -\"><\/div>\n\t\t\t\t<div class=\"elementor-cta__bg-overlay\"><\/div>\n\t\t\t<\/div>\n\t\t\t\t\t\t\t<div class=\"elementor-cta__content\">\n\t\t\t\t\n\t\t\t\t\t\t\t\t\t<h2 class=\"elementor-cta__title elementor-cta__content-item elementor-content-item elementor-animated-item--grow\">\n\t\t\t\t\t\tProduktinformationen CityChargeR\t\t\t\t\t<\/h2>\n\t\t\t\t\n\t\t\t\t\n\t\t\t\t\t\t\t\t\t<div class=\"elementor-cta__button-wrapper elementor-cta__content-item elementor-content-item elementor-animated-item--grow\">\n\t\t\t\t\t<span class=\"elementor-cta__button elementor-button elementor-size-\">\n\t\t\t\t\t\tHier herunterladen\t\t\t\t\t<\/span>\n\t\t\t\t\t<\/div>\n\t\t\t\t\t\t\t<\/div>\n\t\t\t\t\t\t<\/a>\n\t\t\t\t\t\t<\/div>\n\t\t\t\t<\/div>\n\t\t\t\t<\/div>\n\t\t<div class=\"elementor-element elementor-element-d2178f6 e-con-full e-flex e-con e-child\" data-id=\"d2178f6\" data-element_type=\"container\" data-e-type=\"container\">\n\t\t\t\t<div class=\"elementor-element elementor-element-07cd9bd elementor-cta--skin-cover elementor-animated-content elementor-bg-transform elementor-bg-transform-zoom-in elementor-widget elementor-widget-call-to-action\" data-id=\"07cd9bd\" data-element_type=\"widget\" data-e-type=\"widget\" data-widget_type=\"call-to-action.default\">\n\t\t\t\t<div class=\"elementor-widget-container\">\n\t\t\t\t\t\t\t<a class=\"elementor-cta\" href=\"https:\/\/www.citycharge.eu\/de\/broschuere\/\">\n\t\t\t\t\t<div class=\"elementor-cta__bg-wrapper\">\n\t\t\t\t<div class=\"elementor-cta__bg elementor-bg\" style=\"background-image: url(https:\/\/www.citycharge.eu\/wp-content\/uploads\/2024\/05\/download-citycharge-2.jpg);\" role=\"img\" aria-label=\"download citycharge 2\"><\/div>\n\t\t\t\t<div class=\"elementor-cta__bg-overlay\"><\/div>\n\t\t\t<\/div>\n\t\t\t\t\t\t\t<div class=\"elementor-cta__content\">\n\t\t\t\t\n\t\t\t\t\t\t\t\t\t<h2 class=\"elementor-cta__title elementor-cta__content-item elementor-content-item elementor-animated-item--grow\">\n\t\t\t\t\t\tBrosch\u00fcre\t\t\t\t\t<\/h2>\n\t\t\t\t\n\t\t\t\t\n\t\t\t\t\t\t\t\t\t<div class=\"elementor-cta__button-wrapper elementor-cta__content-item elementor-content-item elementor-animated-item--grow\">\n\t\t\t\t\t<span class=\"elementor-cta__button elementor-button elementor-size-\">\n\t\t\t\t\t\tHier herunterladen\t\t\t\t\t<\/span>\n\t\t\t\t\t<\/div>\n\t\t\t\t\t\t\t<\/div>\n\t\t\t\t\t\t<\/a>\n\t\t\t\t\t\t<\/div>\n\t\t\t\t<\/div>\n\t\t\t\t<\/div>\n\t\t\t\t<\/div>\n\t\t\t\t\t<\/div>\n\t\t\t\t<\/div>\n\t\t<div class=\"elementor-element elementor-element-33c433f e-flex e-con-boxed e-con e-parent\" data-id=\"33c433f\" data-element_type=\"container\" data-e-type=\"container\">\n\t\t\t\t\t<div class=\"e-con-inner\">\n\t\t\t\t<div class=\"elementor-element elementor-element-eddec7e elementor-widget elementor-widget-heading\" data-id=\"eddec7e\" data-element_type=\"widget\" data-e-type=\"widget\" data-widget_type=\"heading.default\">\n\t\t\t\t<div class=\"elementor-widget-container\">\n\t\t\t\t\t<h2 class=\"elementor-heading-title elementor-size-default\">Erfahrungsberichte<\/h2>\t\t\t\t<\/div>\n\t\t\t\t<\/div>\n\t\t<div class=\"elementor-element elementor-element-f896164 e-con-full e-flex e-con e-child\" data-id=\"f896164\" data-element_type=\"container\" data-e-type=\"container\">\n\t\t\t\t<\/div>\n\t\t\t\t\t<\/div>\n\t\t\t\t<\/div>\n\t\t<div class=\"elementor-element elementor-element-202cd62 e-flex e-con-boxed e-con e-parent\" data-id=\"202cd62\" data-element_type=\"container\" data-e-type=\"container\" data-settings=\"{&quot;background_background&quot;:&quot;classic&quot;}\">\n\t\t\t\t\t<div class=\"e-con-inner\">\n\t\t<div class=\"elementor-element elementor-element-0567efd e-con-full e-flex e-con e-child\" data-id=\"0567efd\" data-element_type=\"container\" data-e-type=\"container\" data-settings=\"{&quot;background_background&quot;:&quot;classic&quot;}\">\n\t\t<div class=\"elementor-element elementor-element-340ffe2 e-flex e-con-boxed e-con e-child\" data-id=\"340ffe2\" data-element_type=\"container\" data-e-type=\"container\">\n\t\t\t\t\t<div class=\"e-con-inner\">\n\t\t<div class=\"elementor-element elementor-element-42de38e e-flex e-con-boxed e-con e-child\" data-id=\"42de38e\" data-element_type=\"container\" data-e-type=\"container\">\n\t\t\t\t\t<div class=\"e-con-inner\">\n\t\t\t\t<div class=\"elementor-element elementor-element-fc0f711 elementor-widget elementor-widget-heading\" data-id=\"fc0f711\" data-element_type=\"widget\" data-e-type=\"widget\" data-widget_type=\"heading.default\">\n\t\t\t\t<div class=\"elementor-widget-container\">\n\t\t\t\t\t<h3 class=\"elementor-heading-title elementor-size-default\">\u201eEine Stra\u00dfe weit wegzuladen und Sachen nach Hause zu schleppen geh\u00f6rt jetzt der Vergangenheit an!\u201c<\/h3>\t\t\t\t<\/div>\n\t\t\t\t<\/div>\n\t\t\t\t\t<\/div>\n\t\t\t\t<\/div>\n\t\t\t\t\t<\/div>\n\t\t\t\t<\/div>\n\t\t\t\t<\/div>\n\t\t<div class=\"elementor-element elementor-element-d4742cd e-con-full e-flex e-con e-child\" data-id=\"d4742cd\" data-element_type=\"container\" data-e-type=\"container\">\n\t\t\t\t<div class=\"elementor-element elementor-element-64d9c89 elementor-widget elementor-widget-heading\" data-id=\"64d9c89\" data-element_type=\"widget\" data-e-type=\"widget\" data-widget_type=\"heading.default\">\n\t\t\t\t<div class=\"elementor-widget-container\">\n\t\t\t\t\t<h2 class=\"elementor-heading-title elementor-size-default\">M\u00f6chten Sie auch sorgenfrei laden?<\/h2>\t\t\t\t<\/div>\n\t\t\t\t<\/div>\n\t\t\t\t<div class=\"elementor-element elementor-element-d4a6fec elementor-widget elementor-widget-text-editor\" data-id=\"d4a6fec\" data-element_type=\"widget\" data-e-type=\"widget\" data-widget_type=\"text-editor.default\">\n\t\t\t\t<div class=\"elementor-widget-container\">\n\t\t\t\t\t\t\t\t\t<p>Sind Sie neugierig, was CityCharge f\u00fcr Ihre Gemeinde oder Ihr Projekt tun kann?<br \/>\nGerne informieren wir Sie \u00fcber die M\u00f6glichkeiten.   <\/p>\n\t\t\t\t\t\t\t\t<\/div>\n\t\t\t\t<\/div>\n\t\t\t\t<div class=\"elementor-element elementor-element-c5c724e elementor-widget elementor-widget-text-editor\" data-id=\"c5c724e\" data-element_type=\"widget\" data-e-type=\"widget\" data-widget_type=\"text-editor.default\">\n\t\t\t\t<div class=\"elementor-widget-container\">\n\t\t\t\t\t\t\t\t\t<p><strong>Kontaktieren Sie einen unserer Berater.<\/strong><\/p>\n\t\t\t\t\t\t\t\t<\/div>\n\t\t\t\t<\/div>\n\t\t\t\t<div class=\"elementor-element elementor-element-6cde96f elementor-mobile-align-left elementor-widget elementor-widget-button\" data-id=\"6cde96f\" data-element_type=\"widget\" data-e-type=\"widget\" data-widget_type=\"button.default\">\n\t\t\t\t<div class=\"elementor-widget-container\">\n\t\t\t\t\t\t\t\t\t<div class=\"elementor-button-wrapper\">\n\t\t\t\t\t<a class=\"elementor-button elementor-button-link elementor-size-sm\" href=\"#\">\n\t\t\t\t\t\t<span class=\"elementor-button-content-wrapper\">\n\t\t\t\t\t\t<span class=\"elementor-button-icon\">\n\t\t\t\t<svg aria-hidden=\"true\" class=\"e-font-icon-svg e-fas-phone-alt\" viewBox=\"0 0 512 512\" xmlns=\"http:\/\/www.w3.org\/2000\/svg\"><path d=\"M497.39 361.8l-112-48a24 24 0 0 0-28 6.9l-49.6 60.6A370.66 370.66 0 0 1 130.6 204.11l60.6-49.6a23.94 23.94 0 0 0 6.9-28l-48-112A24.16 24.16 0 0 0 122.6.61l-104 24A24 24 0 0 0 0 48c0 256.5 207.9 464 464 464a24 24 0 0 0 23.4-18.6l24-104a24.29 24.29 0 0 0-14.01-27.6z\"><\/path><\/svg>\t\t\t<\/span>\n\t\t\t\t\t\t\t\t\t<span class=\"elementor-button-text\">085-0716620<\/span>\n\t\t\t\t\t<\/span>\n\t\t\t\t\t<\/a>\n\t\t\t\t<\/div>\n\t\t\t\t\t\t\t\t<\/div>\n\t\t\t\t<\/div>\n\t\t\t\t<div class=\"elementor-element elementor-element-088adb4 elementor-align-left animated-fast elementor-invisible elementor-widget elementor-widget-button\" data-id=\"088adb4\" data-element_type=\"widget\" data-e-type=\"widget\" data-settings=\"{&quot;_animation&quot;:&quot;zoomIn&quot;}\" data-widget_type=\"button.default\">\n\t\t\t\t<div class=\"elementor-widget-container\">\n\t\t\t\t\t\t\t\t\t<div class=\"elementor-button-wrapper\">\n\t\t\t\t\t<a class=\"elementor-button elementor-button-link elementor-size-sm\" href=\"https:\/\/www.citycharge.eu\/de\/kontakt\/\">\n\t\t\t\t\t\t<span class=\"elementor-button-content-wrapper\">\n\t\t\t\t\t\t\t\t\t<span class=\"elementor-button-text\">Kontakt<\/span>\n\t\t\t\t\t<\/span>\n\t\t\t\t\t<\/a>\n\t\t\t\t<\/div>\n\t\t\t\t\t\t\t\t<\/div>\n\t\t\t\t<\/div>\n\t\t\t\t<\/div>\n\t\t\t\t\t<\/div>\n\t\t\t\t<\/div>\n\t\t\t\t<\/div>\n\t\t","protected":false},"excerpt":{"rendered":"<p>Was kann CityCharge f\u00fcr Ihr Projekt tun? Beratungsunternehmen f\u00fcr den \u00f6ffentlichen und halb\u00f6ffentlichen Bereich Neben \u00f6ffentlichen Standorten wie Stra\u00dfen und Pl\u00e4tzen in D\u00f6rfern und St\u00e4dten eignet sich die Ladelichtmastl\u00f6sung f\u00fcr Elektrofahrzeuge auch ideal f\u00fcr halb\u00f6ffentliche Standorte wie Gewerbeparks, Sportanlagen, Hotels und Einkaufszentren. Die Kombination aus \u00f6ffentlicher Beleuchtung und Laden von Elektrofahrzeugen bietet auch einen Sicherheitsaspekt, [&hellip;]<\/p>\n","protected":false},"author":1,"featured_media":0,"parent":9267,"menu_order":0,"comment_status":"closed","ping_status":"closed","template":"elementor_header_footer","meta":{"_acf_changed":false,"footnotes":""},"class_list":["post-10044","page","type-page","status-publish","hentry"],"acf":[],"yoast_head":"<!-- This site is optimized with the Yoast SEO plugin v27.4 - https:\/\/yoast.com\/product\/yoast-seo-wordpress\/ -->\n<title>Beratungsunternehmen - CityCharge<\/title>\n<meta name=\"robots\" content=\"index, follow, max-snippet:-1, max-image-preview:large, max-video-preview:-1\" \/>\n<link rel=\"canonical\" href=\"https:\/\/www.citycharge.eu\/de\/ladeloesung\/beratungsunternehmen\/\" \/>\n<meta property=\"og:locale\" content=\"de_DE\" \/>\n<meta property=\"og:type\" content=\"article\" \/>\n<meta property=\"og:title\" content=\"Beratungsunternehmen - CityCharge\" \/>\n<meta property=\"og:description\" content=\"Was kann CityCharge f\u00fcr Ihr Projekt tun? Beratungsunternehmen f\u00fcr den \u00f6ffentlichen und halb\u00f6ffentlichen Bereich Neben \u00f6ffentlichen Standorten wie Stra\u00dfen und Pl\u00e4tzen in D\u00f6rfern und St\u00e4dten eignet sich die Ladelichtmastl\u00f6sung f\u00fcr Elektrofahrzeuge auch ideal f\u00fcr halb\u00f6ffentliche Standorte wie Gewerbeparks, Sportanlagen, Hotels und Einkaufszentren. Die Kombination aus \u00f6ffentlicher Beleuchtung und Laden von Elektrofahrzeugen bietet auch einen Sicherheitsaspekt, [&hellip;]\" \/>\n<meta property=\"og:url\" content=\"https:\/\/www.citycharge.eu\/de\/ladeloesung\/beratungsunternehmen\/\" \/>\n<meta property=\"og:site_name\" content=\"CityCharge\" \/>\n<meta property=\"article:modified_time\" content=\"2024-12-30T11:19:50+00:00\" \/>\n<meta name=\"twitter:card\" content=\"summary_large_image\" \/>\n<meta name=\"twitter:label1\" content=\"Gesch\u00e4tzte Lesezeit\" \/>\n\t<meta name=\"twitter:data1\" content=\"1\u00a0Minute\" \/>\n<script type=\"application\/ld+json\" class=\"yoast-schema-graph\">{\"@context\":\"https:\\\/\\\/schema.org\",\"@graph\":[{\"@type\":\"WebPage\",\"@id\":\"https:\\\/\\\/www.citycharge.eu\\\/de\\\/ladeloesung\\\/beratungsunternehmen\\\/\",\"url\":\"https:\\\/\\\/www.citycharge.eu\\\/de\\\/ladeloesung\\\/beratungsunternehmen\\\/\",\"name\":\"Beratungsunternehmen - CityCharge\",\"isPartOf\":{\"@id\":\"https:\\\/\\\/www.citycharge.eu\\\/de\\\/#website\"},\"datePublished\":\"2024-05-12T18:00:01+00:00\",\"dateModified\":\"2024-12-30T11:19:50+00:00\",\"breadcrumb\":{\"@id\":\"https:\\\/\\\/www.citycharge.eu\\\/de\\\/ladeloesung\\\/beratungsunternehmen\\\/#breadcrumb\"},\"inLanguage\":\"de\",\"potentialAction\":[{\"@type\":\"ReadAction\",\"target\":[\"https:\\\/\\\/www.citycharge.eu\\\/de\\\/ladeloesung\\\/beratungsunternehmen\\\/\"]}]},{\"@type\":\"BreadcrumbList\",\"@id\":\"https:\\\/\\\/www.citycharge.eu\\\/de\\\/ladeloesung\\\/beratungsunternehmen\\\/#breadcrumb\",\"itemListElement\":[{\"@type\":\"ListItem\",\"position\":1,\"name\":\"Home\",\"item\":\"https:\\\/\\\/www.citycharge.eu\\\/de\\\/\"},{\"@type\":\"ListItem\",\"position\":2,\"name\":\"Ladel\u00f6sung\",\"item\":\"https:\\\/\\\/www.citycharge.eu\\\/de\\\/ladeloesung\\\/\"},{\"@type\":\"ListItem\",\"position\":3,\"name\":\"Beratungsunternehmen\"}]},{\"@type\":\"WebSite\",\"@id\":\"https:\\\/\\\/www.citycharge.eu\\\/de\\\/#website\",\"url\":\"https:\\\/\\\/www.citycharge.eu\\\/de\\\/\",\"name\":\"CityCharge\",\"description\":\"Nieuw licht op laden\",\"publisher\":{\"@id\":\"https:\\\/\\\/www.citycharge.eu\\\/de\\\/#organization\"},\"potentialAction\":[{\"@type\":\"SearchAction\",\"target\":{\"@type\":\"EntryPoint\",\"urlTemplate\":\"https:\\\/\\\/www.citycharge.eu\\\/de\\\/?s={search_term_string}\"},\"query-input\":{\"@type\":\"PropertyValueSpecification\",\"valueRequired\":true,\"valueName\":\"search_term_string\"}}],\"inLanguage\":\"de\"},{\"@type\":\"Organization\",\"@id\":\"https:\\\/\\\/www.citycharge.eu\\\/de\\\/#organization\",\"name\":\"CityCharge\",\"url\":\"https:\\\/\\\/www.citycharge.eu\\\/de\\\/\",\"logo\":{\"@type\":\"ImageObject\",\"inLanguage\":\"de\",\"@id\":\"https:\\\/\\\/www.citycharge.eu\\\/de\\\/#\\\/schema\\\/logo\\\/image\\\/\",\"url\":\"https:\\\/\\\/www.citycharge.eu\\\/wp-content\\\/uploads\\\/2024\\\/07\\\/Citycharge_payofff_white.svg\",\"contentUrl\":\"https:\\\/\\\/www.citycharge.eu\\\/wp-content\\\/uploads\\\/2024\\\/07\\\/Citycharge_payofff_white.svg\",\"width\":1920,\"height\":530,\"caption\":\"CityCharge\"},\"image\":{\"@id\":\"https:\\\/\\\/www.citycharge.eu\\\/de\\\/#\\\/schema\\\/logo\\\/image\\\/\"}}]}<\/script>\n<!-- \/ Yoast SEO plugin. -->","yoast_head_json":{"title":"Beratungsunternehmen - CityCharge","robots":{"index":"index","follow":"follow","max-snippet":"max-snippet:-1","max-image-preview":"max-image-preview:large","max-video-preview":"max-video-preview:-1"},"canonical":"https:\/\/www.citycharge.eu\/de\/ladeloesung\/beratungsunternehmen\/","og_locale":"de_DE","og_type":"article","og_title":"Beratungsunternehmen - CityCharge","og_description":"Was kann CityCharge f\u00fcr Ihr Projekt tun? Beratungsunternehmen f\u00fcr den \u00f6ffentlichen und halb\u00f6ffentlichen Bereich Neben \u00f6ffentlichen Standorten wie Stra\u00dfen und Pl\u00e4tzen in D\u00f6rfern und St\u00e4dten eignet sich die Ladelichtmastl\u00f6sung f\u00fcr Elektrofahrzeuge auch ideal f\u00fcr halb\u00f6ffentliche Standorte wie Gewerbeparks, Sportanlagen, Hotels und Einkaufszentren. Die Kombination aus \u00f6ffentlicher Beleuchtung und Laden von Elektrofahrzeugen bietet auch einen Sicherheitsaspekt, [&hellip;]","og_url":"https:\/\/www.citycharge.eu\/de\/ladeloesung\/beratungsunternehmen\/","og_site_name":"CityCharge","article_modified_time":"2024-12-30T11:19:50+00:00","twitter_card":"summary_large_image","twitter_misc":{"Gesch\u00e4tzte Lesezeit":"1\u00a0Minute"},"schema":{"@context":"https:\/\/schema.org","@graph":[{"@type":"WebPage","@id":"https:\/\/www.citycharge.eu\/de\/ladeloesung\/beratungsunternehmen\/","url":"https:\/\/www.citycharge.eu\/de\/ladeloesung\/beratungsunternehmen\/","name":"Beratungsunternehmen - CityCharge","isPartOf":{"@id":"https:\/\/www.citycharge.eu\/de\/#website"},"datePublished":"2024-05-12T18:00:01+00:00","dateModified":"2024-12-30T11:19:50+00:00","breadcrumb":{"@id":"https:\/\/www.citycharge.eu\/de\/ladeloesung\/beratungsunternehmen\/#breadcrumb"},"inLanguage":"de","potentialAction":[{"@type":"ReadAction","target":["https:\/\/www.citycharge.eu\/de\/ladeloesung\/beratungsunternehmen\/"]}]},{"@type":"BreadcrumbList","@id":"https:\/\/www.citycharge.eu\/de\/ladeloesung\/beratungsunternehmen\/#breadcrumb","itemListElement":[{"@type":"ListItem","position":1,"name":"Home","item":"https:\/\/www.citycharge.eu\/de\/"},{"@type":"ListItem","position":2,"name":"Ladel\u00f6sung","item":"https:\/\/www.citycharge.eu\/de\/ladeloesung\/"},{"@type":"ListItem","position":3,"name":"Beratungsunternehmen"}]},{"@type":"WebSite","@id":"https:\/\/www.citycharge.eu\/de\/#website","url":"https:\/\/www.citycharge.eu\/de\/","name":"CityCharge","description":"Nieuw licht op laden","publisher":{"@id":"https:\/\/www.citycharge.eu\/de\/#organization"},"potentialAction":[{"@type":"SearchAction","target":{"@type":"EntryPoint","urlTemplate":"https:\/\/www.citycharge.eu\/de\/?s={search_term_string}"},"query-input":{"@type":"PropertyValueSpecification","valueRequired":true,"valueName":"search_term_string"}}],"inLanguage":"de"},{"@type":"Organization","@id":"https:\/\/www.citycharge.eu\/de\/#organization","name":"CityCharge","url":"https:\/\/www.citycharge.eu\/de\/","logo":{"@type":"ImageObject","inLanguage":"de","@id":"https:\/\/www.citycharge.eu\/de\/#\/schema\/logo\/image\/","url":"https:\/\/www.citycharge.eu\/wp-content\/uploads\/2024\/07\/Citycharge_payofff_white.svg","contentUrl":"https:\/\/www.citycharge.eu\/wp-content\/uploads\/2024\/07\/Citycharge_payofff_white.svg","width":1920,"height":530,"caption":"CityCharge"},"image":{"@id":"https:\/\/www.citycharge.eu\/de\/#\/schema\/logo\/image\/"}}]}},"_links":{"self":[{"href":"https:\/\/www.citycharge.eu\/de\/wp-json\/wp\/v2\/pages\/10044","targetHints":{"allow":["GET"]}}],"collection":[{"href":"https:\/\/www.citycharge.eu\/de\/wp-json\/wp\/v2\/pages"}],"about":[{"href":"https:\/\/www.citycharge.eu\/de\/wp-json\/wp\/v2\/types\/page"}],"author":[{"embeddable":true,"href":"https:\/\/www.citycharge.eu\/de\/wp-json\/wp\/v2\/users\/1"}],"replies":[{"embeddable":true,"href":"https:\/\/www.citycharge.eu\/de\/wp-json\/wp\/v2\/comments?post=10044"}],"version-history":[{"count":1,"href":"https:\/\/www.citycharge.eu\/de\/wp-json\/wp\/v2\/pages\/10044\/revisions"}],"predecessor-version":[{"id":10046,"href":"https:\/\/www.citycharge.eu\/de\/wp-json\/wp\/v2\/pages\/10044\/revisions\/10046"}],"up":[{"embeddable":true,"href":"https:\/\/www.citycharge.eu\/de\/wp-json\/wp\/v2\/pages\/9267"}],"wp:attachment":[{"href":"https:\/\/www.citycharge.eu\/de\/wp-json\/wp\/v2\/media?parent=10044"}],"curies":[{"name":"wp","href":"https:\/\/api.w.org\/{rel}","templated":true}]}}