{"id":9180,"date":"2024-05-13T07:57:42","date_gmt":"2024-05-13T07:57:42","guid":{"rendered":"https:\/\/www.citycharge.eu\/sitemap\/"},"modified":"2024-12-24T07:26:58","modified_gmt":"2024-12-24T07:26:58","slug":"sitemap","status":"publish","type":"page","link":"https:\/\/www.citycharge.eu\/de\/sitemap\/","title":{"rendered":"Sitemap"},"content":{"rendered":"\t\t<div data-elementor-type=\"wp-page\" data-elementor-id=\"9180\" class=\"elementor elementor-9180 elementor-655\" data-elementor-post-type=\"page\">\n\t\t\t\t<div class=\"elementor-element elementor-element-4994176 e-flex e-con-boxed e-con e-parent\" data-id=\"4994176\" data-element_type=\"container\" data-e-type=\"container\" data-settings=\"{&quot;background_background&quot;:&quot;classic&quot;}\">\n\t\t\t\t\t<div class=\"e-con-inner\">\n\t\t\t\t<div class=\"elementor-element elementor-element-40facc1 elementor-widget elementor-widget-heading\" data-id=\"40facc1\" data-element_type=\"widget\" data-e-type=\"widget\" data-widget_type=\"heading.default\">\n\t\t\t\t<div class=\"elementor-widget-container\">\n\t\t\t\t\t<h1 class=\"elementor-heading-title elementor-size-default\">Sitemap  <\/h1>\t\t\t\t<\/div>\n\t\t\t\t<\/div>\n\t\t\t\t\t<\/div>\n\t\t\t\t<\/div>\n\t\t<div class=\"elementor-element elementor-element-e83b362 linkzwart e-flex e-con-boxed e-con e-parent\" data-id=\"e83b362\" data-element_type=\"container\" data-e-type=\"container\" data-settings=\"{&quot;background_background&quot;:&quot;classic&quot;}\">\n\t\t\t\t\t<div class=\"e-con-inner\">\n\t\t<div class=\"elementor-element elementor-element-9d4b3fe e-con-full e-flex e-con e-child\" data-id=\"9d4b3fe\" data-element_type=\"container\" data-e-type=\"container\">\n\t\t\t\t<div class=\"elementor-element elementor-element-10b9202 elementor-widget elementor-widget-text-editor\" data-id=\"10b9202\" data-element_type=\"widget\" data-e-type=\"widget\" data-widget_type=\"text-editor.default\">\n\t\t\t\t<div class=\"elementor-widget-container\">\n\t\t\t\t\t\t\t\t\t<ul>\n<li><div class=\"wsp-container\"><h2 class=\"wsp-posts-title\">Beitr\u00e4ge nach Kategorie<\/h2>\n<ul class=\"wsp-posts-list\">\n\t<li><strong class=\"wsp-category-title\">Kategorie: <a href=\"https:\/\/www.citycharge.eu\/de\/category\/falle\/\">F\u00e4lle<\/a><\/strong>\n<ul class=\"wsp-posts-list\">\t\t<li class=\"wsp-post\"><a href=\"https:\/\/www.citycharge.eu\/de\/ladestation-in-frankreich\/\">Ladestation in Frankreich<\/a><\/li>\n\t\t<li class=\"wsp-post\"><a href=\"https:\/\/www.citycharge.eu\/de\/gemeinde-tilburg\/\">Gemeinde Tilburg<\/a><\/li>\n\t\t<li class=\"wsp-post\"><a href=\"https:\/\/www.citycharge.eu\/de\/gemeinde-eemsdelta\/\">Gemeinde Eemsdelta<\/a><\/li>\n\t\t<li class=\"wsp-post\"><a href=\"https:\/\/www.citycharge.eu\/de\/gemeinde-haarlemmermeer\/\">Gemeinde Haarlemmermeer<\/a><\/li>\n\t\t<li class=\"wsp-post\"><a href=\"https:\/\/www.citycharge.eu\/de\/gemeinde-leiderdorp\/\">Gemeinde Leiderdorp<\/a><\/li>\n\t\t<li class=\"wsp-post\"><a href=\"https:\/\/www.citycharge.eu\/de\/gemeinde-deventer\/\">Gemeinde Deventer<\/a><\/li>\n\t\t<li class=\"wsp-post\"><a href=\"https:\/\/www.citycharge.eu\/de\/gemeinde-arnheim\/\">Gemeinde Arnheim<\/a><\/li>\n\t\t<li class=\"wsp-post\"><a href=\"https:\/\/www.citycharge.eu\/de\/gemeinde-zaltbommel\/\">Gemeinde Zaltbommel<\/a><\/li>\n\t\t<li class=\"wsp-post\"><a href=\"https:\/\/www.citycharge.eu\/de\/gemeinde-eindhoven\/\">Gemeinde Eindhoven<\/a><\/li>\n\t\t<li class=\"wsp-post\"><a href=\"https:\/\/www.citycharge.eu\/de\/gemeinde-renkum\/\">Gemeinde Renkum<\/a><\/li>\n\t\t<li class=\"wsp-post\"><a href=\"https:\/\/www.citycharge.eu\/de\/gemeinde-oosterhout\/\">Gemeinde Oosterhout<\/a><\/li>\n\t\t<li class=\"wsp-post\"><a href=\"https:\/\/www.citycharge.eu\/de\/gemeinde-alkmaar\/\">Gemeinde Alkmaar<\/a><\/li>\n<\/ul><\/li>\n\t<li><strong class=\"wsp-category-title\">Kategorie: <a href=\"https:\/\/www.citycharge.eu\/de\/category\/nachricht\/\">Nachricht<\/a><\/strong>\n<ul class=\"wsp-posts-list\">\t\t<li class=\"wsp-post\"><a href=\"https:\/\/www.citycharge.eu\/de\/open-charge-alliance-core-zertifikat\/\">Open Charge Alliance Core-Zertifikat<\/a><\/li>\n\t\t<li class=\"wsp-post\"><a href=\"https:\/\/www.citycharge.eu\/de\/citycharge-ist-auf-der-sail-amsterdam-vertreten\/\">CityCharge ist auf der SAIL Amsterdam vertreten.<\/a><\/li>\n\t\t<li class=\"wsp-post\"><a href=\"https:\/\/www.citycharge.eu\/de\/oostnl-investition-fuer-intelligente-ladepunkte-in-laternenpfaehlen\/\">OostNL: Investition f\u00fcr intelligente Ladepunkte in Laternenpf\u00e4hlen<\/a><\/li>\n\t\t<li class=\"wsp-post\"><a href=\"https:\/\/www.citycharge.eu\/de\/eine-premiere-fuer-eindhoven-und-die-zweite-in-den-niederlanden-laternenpfahl-mit-steckdose-zum-laden-von-elektroautos\/\">Eine Premiere f\u00fcr Eindhoven (und die zweite in den Niederlanden): Laternenpfahl mit Steckdose zum Laden von Elektroautos<\/a><\/li>\n\t\t<li class=\"wsp-post\"><a href=\"https:\/\/www.citycharge.eu\/de\/in-zaltbommel-wird-es-bald-moeglich-sein-ein-auto-an-einem-laternenpfahl-aufzuladen-brakel-wird-strassenstecker-bekommen\/\">In Zaltbommel wird es bald m\u00f6glich sein, ein Auto an einem Laternenpfahl aufzuladen, Brakel wird Stra\u00dfenstecker bekommen<\/a><\/li>\n\t\t<li class=\"wsp-post\"><a href=\"https:\/\/www.citycharge.eu\/de\/neue-ladelaternen-in-arnheim\/\">Neue Ladelaternen in Arnheim<\/a><\/li>\n\t\t<li class=\"wsp-post\"><a href=\"https:\/\/www.citycharge.eu\/de\/der-smarte-lichtmast-ist-mittlerweile-auch-in-renkum-eine-tatsache\/\">Der smarte Lichtmast ist mittlerweile auch in Renkum eine Tatsache<\/a><\/li>\n\t\t<li class=\"wsp-post\"><a href=\"https:\/\/www.citycharge.eu\/de\/primevest-verwandelt-den-laternenpfahl-in-einen-intelligenten-ladepunkt-um-das-explosionsartige-wachstum-von-elektroautos-zu-ermoeglichen\/\">Primevest verwandelt den Laternenpfahl in einen intelligenten Ladepunkt, um das explosionsartige Wachstum von Elektroautos zu erm\u00f6glichen<\/a><\/li>\n<\/ul><\/li>\n<\/ul>\n<\/div><\/li>\n<\/ul>\n\t\t\t\t\t\t\t\t<\/div>\n\t\t\t\t<\/div>\n\t\t\t\t<\/div>\n\t\t<div class=\"elementor-element elementor-element-60ea742 e-con-full e-flex e-con e-child\" data-id=\"60ea742\" data-element_type=\"container\" data-e-type=\"container\">\n\t\t\t\t<div class=\"elementor-element elementor-element-2d2792b elementor-widget elementor-widget-text-editor\" data-id=\"2d2792b\" data-element_type=\"widget\" data-e-type=\"widget\" data-widget_type=\"text-editor.default\">\n\t\t\t\t<div class=\"elementor-widget-container\">\n\t\t\t\t\t\t\t\t\t<ul>\n<li><div class=\"wsp-container\"><h2 class=\"wsp-pages-title\">Seiten<\/h2>\n<ul class=\"wsp-pages-list\">\n<li class=\"page_item page-item-9324\"><a href=\"https:\/\/www.citycharge.eu\/de\/broschuere\/\">Brosch\u00fcre<\/a><\/li>\n<li class=\"page_item page-item-9448\"><a href=\"https:\/\/www.citycharge.eu\/de\/cookie-richtlinie\/\">Cookie-Richtlinie<\/a><\/li>\n<li class=\"page_item page-item-9305\"><a href=\"https:\/\/www.citycharge.eu\/de\/dankeschoen-seite-broschuere-herunterladen\/\">Dankesch\u00f6n-Seite, Brosch\u00fcre herunterladen<\/a><\/li>\n<li class=\"page_item page-item-10017\"><a href=\"https:\/\/www.citycharge.eu\/de\/datenschutzrichtlinie\/\">Datenschutzrichtlinie<\/a><\/li>\n<li class=\"page_item page-item-11075\"><a href=\"https:\/\/www.citycharge.eu\/de\/die-vorteile-innovativer-ladelichtmasten\/\">Die Vorteile innovativer Ladelichtmasten<\/a><\/li>\n<li class=\"page_item page-item-9888\"><a href=\"https:\/\/www.citycharge.eu\/de\/haftungsausschluss\/\">Haftungsausschluss<\/a><\/li>\n<li class=\"page_item page-item-9159\"><a href=\"https:\/\/www.citycharge.eu\/de\/\">Heim<\/a><\/li>\n<li class=\"page_item page-item-9211\"><a href=\"https:\/\/www.citycharge.eu\/de\/kontakt\/\">Kontakt<\/a><\/li>\n<li class=\"page_item page-item-9203\"><a href=\"https:\/\/www.citycharge.eu\/de\/kontaktformular-dankeseite\/\">Kontaktformular-Dankeseite<\/a><\/li>\n<li class=\"page_item page-item-9267 page_item_has_children\"><a href=\"https:\/\/www.citycharge.eu\/de\/ladeloesung\/\">Ladel\u00f6sung<\/a>\n<ul class='children'>\n\t<li class=\"page_item page-item-10044\"><a href=\"https:\/\/www.citycharge.eu\/de\/ladeloesung\/beratungsunternehmen\/\">Beratungsunternehmen<\/a><\/li>\n\t<li class=\"page_item page-item-9295\"><a href=\"https:\/\/www.citycharge.eu\/de\/ladeloesung\/cpos\/\">CPOs<\/a><\/li>\n\t<li class=\"page_item page-item-9263\"><a href=\"https:\/\/www.citycharge.eu\/de\/ladeloesung\/gemeinden\/\">Gemeinden<\/a><\/li>\n\t<li class=\"page_item page-item-10095\"><a href=\"https:\/\/www.citycharge.eu\/de\/ladeloesung\/oeffentliche-auftraggeber\/\">\u00d6ffentliche Auftraggeber<\/a><\/li>\n\t<li class=\"page_item page-item-10069\"><a href=\"https:\/\/www.citycharge.eu\/de\/ladeloesung\/projektentwickler\/\">Projektentwickler<\/a><\/li>\n<\/ul>\n<\/li>\n<li class=\"page_item page-item-9982\"><a href=\"https:\/\/www.citycharge.eu\/de\/nachricht\/\">Nachricht<\/a><\/li>\n<li class=\"page_item page-item-9955\"><a href=\"https:\/\/www.citycharge.eu\/de\/partner\/\">Partner<\/a><\/li>\n<li class=\"page_item page-item-9473\"><a href=\"https:\/\/www.citycharge.eu\/de\/berechnungstool\/\">Schnellscan<\/a><\/li>\n<li class=\"page_item page-item-9930\"><a href=\"https:\/\/www.citycharge.eu\/de\/sie-gingen-vor-dir\/\">Sie gingen vor dir<\/a><\/li>\n<li class=\"page_item page-item-9180\"><a href=\"https:\/\/www.citycharge.eu\/de\/sitemap\/\">Sitemap<\/a><\/li>\n<li class=\"page_item page-item-9831\"><a href=\"https:\/\/www.citycharge.eu\/de\/technische-spezifikationen\/\">Technische Spezifikationen<\/a><\/li>\n<li class=\"page_item page-item-9191\"><a href=\"https:\/\/www.citycharge.eu\/de\/ueber-uns\/\">\u00dcber uns<\/a><\/li>\n<li class=\"page_item page-item-9858\"><a href=\"https:\/\/www.citycharge.eu\/de\/vielen-dank-fuer-die-download-spezifikationen-der-seite\/\">Vielen Dank f\u00fcr die Download-Spezifikationen der Seite<\/a><\/li>\n<\/ul>\n<\/div><\/li>\n<\/ul>\n\t\t\t\t\t\t\t\t<\/div>\n\t\t\t\t<\/div>\n\t\t\t\t<\/div>\n\t\t\t\t\t<\/div>\n\t\t\t\t<\/div>\n\t\t<div class=\"elementor-element elementor-element-5bdfffa e-flex e-con-boxed e-con e-parent\" data-id=\"5bdfffa\" data-element_type=\"container\" data-e-type=\"container\" data-settings=\"{&quot;background_background&quot;:&quot;classic&quot;}\">\n\t\t\t\t\t<div class=\"e-con-inner\">\n\t\t<div class=\"elementor-element elementor-element-9c0d534 e-con-full e-flex e-con e-child\" data-id=\"9c0d534\" data-element_type=\"container\" data-e-type=\"container\" data-settings=\"{&quot;background_background&quot;:&quot;classic&quot;}\">\n\t\t<div class=\"elementor-element elementor-element-daf70e3 e-flex e-con-boxed e-con e-child\" data-id=\"daf70e3\" data-element_type=\"container\" data-e-type=\"container\">\n\t\t\t\t\t<div class=\"e-con-inner\">\n\t\t<div class=\"elementor-element elementor-element-9be657b e-flex e-con-boxed e-con e-child\" data-id=\"9be657b\" data-element_type=\"container\" data-e-type=\"container\">\n\t\t\t\t\t<div class=\"e-con-inner\">\n\t\t\t\t<div class=\"elementor-element elementor-element-20a910c elementor-widget elementor-widget-heading\" data-id=\"20a910c\" data-element_type=\"widget\" data-e-type=\"widget\" data-widget_type=\"heading.default\">\n\t\t\t\t<div class=\"elementor-widget-container\">\n\t\t\t\t\t<h3 class=\"elementor-heading-title elementor-size-default\">\u201eSicheres Laden und Spielen \u2013 CityCharge sorgt f\u00fcr eine kindgerechte Umgebung.\u201c<\/h3>\t\t\t\t<\/div>\n\t\t\t\t<\/div>\n\t\t\t\t\t<\/div>\n\t\t\t\t<\/div>\n\t\t\t\t\t<\/div>\n\t\t\t\t<\/div>\n\t\t\t\t<\/div>\n\t\t<div class=\"elementor-element elementor-element-35fd8d1 e-con-full e-flex e-con e-child\" data-id=\"35fd8d1\" data-element_type=\"container\" data-e-type=\"container\">\n\t\t\t\t<div class=\"elementor-element elementor-element-b99b5e3 elementor-widget elementor-widget-text-editor\" data-id=\"b99b5e3\" data-element_type=\"widget\" data-e-type=\"widget\" data-widget_type=\"text-editor.default\">\n\t\t\t\t<div class=\"elementor-widget-container\">\n\t\t\t\t\t\t\t\t\t<h2>M\u00f6chten Sie auch sorgenfrei laden?<\/h2>\n\t\t\t\t\t\t\t\t<\/div>\n\t\t\t\t<\/div>\n\t\t\t\t<div class=\"elementor-element elementor-element-b9db6f6 elementor-widget elementor-widget-text-editor\" data-id=\"b9db6f6\" data-element_type=\"widget\" data-e-type=\"widget\" data-widget_type=\"text-editor.default\">\n\t\t\t\t<div class=\"elementor-widget-container\">\n\t\t\t\t\t\t\t\t\t<p>Sind Sie neugierig, was CityCharge f\u00fcr Ihre Gemeinde oder Ihr Projekt tun kann?<br \/>\nGerne informieren wir Sie \u00fcber die M\u00f6glichkeiten.   <\/p>\n\t\t\t\t\t\t\t\t<\/div>\n\t\t\t\t<\/div>\n\t\t\t\t<div class=\"elementor-element elementor-element-a646ef4 elementor-widget elementor-widget-text-editor\" data-id=\"a646ef4\" data-element_type=\"widget\" data-e-type=\"widget\" data-widget_type=\"text-editor.default\">\n\t\t\t\t<div class=\"elementor-widget-container\">\n\t\t\t\t\t\t\t\t\t<p><strong>Kontaktieren Sie einen unserer Berater.<\/strong><\/p>\n\t\t\t\t\t\t\t\t<\/div>\n\t\t\t\t<\/div>\n\t\t\t\t<div class=\"elementor-element elementor-element-f75e8fd elementor-mobile-align-left elementor-widget elementor-widget-button\" data-id=\"f75e8fd\" data-element_type=\"widget\" data-e-type=\"widget\" data-widget_type=\"button.default\">\n\t\t\t\t<div class=\"elementor-widget-container\">\n\t\t\t\t\t\t\t\t\t<div class=\"elementor-button-wrapper\">\n\t\t\t\t\t<a class=\"elementor-button elementor-button-link elementor-size-sm\" href=\"http:\/\/+31850716620\">\n\t\t\t\t\t\t<span class=\"elementor-button-content-wrapper\">\n\t\t\t\t\t\t<span class=\"elementor-button-icon\">\n\t\t\t\t<svg aria-hidden=\"true\" class=\"e-font-icon-svg e-fas-phone-alt\" viewBox=\"0 0 512 512\" xmlns=\"http:\/\/www.w3.org\/2000\/svg\"><path d=\"M497.39 361.8l-112-48a24 24 0 0 0-28 6.9l-49.6 60.6A370.66 370.66 0 0 1 130.6 204.11l60.6-49.6a23.94 23.94 0 0 0 6.9-28l-48-112A24.16 24.16 0 0 0 122.6.61l-104 24A24 24 0 0 0 0 48c0 256.5 207.9 464 464 464a24 24 0 0 0 23.4-18.6l24-104a24.29 24.29 0 0 0-14.01-27.6z\"><\/path><\/svg>\t\t\t<\/span>\n\t\t\t\t\t\t\t\t\t<span class=\"elementor-button-text\">085-0716620<\/span>\n\t\t\t\t\t<\/span>\n\t\t\t\t\t<\/a>\n\t\t\t\t<\/div>\n\t\t\t\t\t\t\t\t<\/div>\n\t\t\t\t<\/div>\n\t\t\t\t<div class=\"elementor-element elementor-element-30ef0cc elementor-align-left animated-fast elementor-invisible elementor-widget elementor-widget-button\" data-id=\"30ef0cc\" data-element_type=\"widget\" data-e-type=\"widget\" data-settings=\"{&quot;_animation&quot;:&quot;zoomIn&quot;}\" data-widget_type=\"button.default\">\n\t\t\t\t<div class=\"elementor-widget-container\">\n\t\t\t\t\t\t\t\t\t<div class=\"elementor-button-wrapper\">\n\t\t\t\t\t<a class=\"elementor-button elementor-button-link elementor-size-sm\" href=\"https:\/\/www.citycharge.eu\/contact\/\">\n\t\t\t\t\t\t<span class=\"elementor-button-content-wrapper\">\n\t\t\t\t\t\t\t\t\t<span class=\"elementor-button-text\">Kontakt<\/span>\n\t\t\t\t\t<\/span>\n\t\t\t\t\t<\/a>\n\t\t\t\t<\/div>\n\t\t\t\t\t\t\t\t<\/div>\n\t\t\t\t<\/div>\n\t\t\t\t<\/div>\n\t\t\t\t\t<\/div>\n\t\t\t\t<\/div>\n\t\t\t\t<\/div>\n\t\t","protected":false},"excerpt":{"rendered":"<p>Sitemap \u201eSicheres Laden und Spielen \u2013 CityCharge sorgt f\u00fcr eine kindgerechte Umgebung.\u201c M\u00f6chten Sie auch sorgenfrei laden? Sind Sie neugierig, was CityCharge f\u00fcr Ihre Gemeinde oder Ihr Projekt tun kann? Gerne informieren wir Sie \u00fcber die M\u00f6glichkeiten. Kontaktieren Sie einen unserer Berater. 085-0716620 Kontakt<\/p>\n","protected":false},"author":1,"featured_media":0,"parent":0,"menu_order":0,"comment_status":"closed","ping_status":"closed","template":"elementor_header_footer","meta":{"_acf_changed":false,"footnotes":""},"class_list":["post-9180","page","type-page","status-publish","hentry"],"acf":[],"yoast_head":"<!-- This site is optimized with the Yoast SEO plugin v27.4 - https:\/\/yoast.com\/product\/yoast-seo-wordpress\/ -->\n<title>Sitemap - CityCharge<\/title>\n<meta name=\"robots\" content=\"index, follow, max-snippet:-1, max-image-preview:large, max-video-preview:-1\" \/>\n<link rel=\"canonical\" href=\"https:\/\/www.citycharge.eu\/de\/sitemap\/\" \/>\n<meta property=\"og:locale\" content=\"de_DE\" \/>\n<meta property=\"og:type\" content=\"article\" \/>\n<meta property=\"og:title\" content=\"Sitemap - CityCharge\" \/>\n<meta property=\"og:description\" content=\"Sitemap \u201eSicheres Laden und Spielen \u2013 CityCharge sorgt f\u00fcr eine kindgerechte Umgebung.\u201c M\u00f6chten Sie auch sorgenfrei laden? Sind Sie neugierig, was CityCharge f\u00fcr Ihre Gemeinde oder Ihr Projekt tun kann? Gerne informieren wir Sie \u00fcber die M\u00f6glichkeiten. Kontaktieren Sie einen unserer Berater. 085-0716620 Kontakt\" \/>\n<meta property=\"og:url\" content=\"https:\/\/www.citycharge.eu\/de\/sitemap\/\" \/>\n<meta property=\"og:site_name\" content=\"CityCharge\" \/>\n<meta property=\"article:modified_time\" content=\"2024-12-24T07:26:58+00:00\" \/>\n<meta name=\"twitter:card\" content=\"summary_large_image\" \/>\n<script type=\"application\/ld+json\" class=\"yoast-schema-graph\">{\"@context\":\"https:\\\/\\\/schema.org\",\"@graph\":[{\"@type\":\"WebPage\",\"@id\":\"https:\\\/\\\/www.citycharge.eu\\\/de\\\/sitemap\\\/\",\"url\":\"https:\\\/\\\/www.citycharge.eu\\\/de\\\/sitemap\\\/\",\"name\":\"Sitemap - CityCharge\",\"isPartOf\":{\"@id\":\"https:\\\/\\\/www.citycharge.eu\\\/de\\\/#website\"},\"datePublished\":\"2024-05-13T07:57:42+00:00\",\"dateModified\":\"2024-12-24T07:26:58+00:00\",\"breadcrumb\":{\"@id\":\"https:\\\/\\\/www.citycharge.eu\\\/de\\\/sitemap\\\/#breadcrumb\"},\"inLanguage\":\"de\",\"potentialAction\":[{\"@type\":\"ReadAction\",\"target\":[\"https:\\\/\\\/www.citycharge.eu\\\/de\\\/sitemap\\\/\"]}]},{\"@type\":\"BreadcrumbList\",\"@id\":\"https:\\\/\\\/www.citycharge.eu\\\/de\\\/sitemap\\\/#breadcrumb\",\"itemListElement\":[{\"@type\":\"ListItem\",\"position\":1,\"name\":\"Home\",\"item\":\"https:\\\/\\\/www.citycharge.eu\\\/de\\\/\"},{\"@type\":\"ListItem\",\"position\":2,\"name\":\"Sitemap\"}]},{\"@type\":\"WebSite\",\"@id\":\"https:\\\/\\\/www.citycharge.eu\\\/de\\\/#website\",\"url\":\"https:\\\/\\\/www.citycharge.eu\\\/de\\\/\",\"name\":\"CityCharge\",\"description\":\"Nieuw licht op laden\",\"publisher\":{\"@id\":\"https:\\\/\\\/www.citycharge.eu\\\/de\\\/#organization\"},\"potentialAction\":[{\"@type\":\"SearchAction\",\"target\":{\"@type\":\"EntryPoint\",\"urlTemplate\":\"https:\\\/\\\/www.citycharge.eu\\\/de\\\/?s={search_term_string}\"},\"query-input\":{\"@type\":\"PropertyValueSpecification\",\"valueRequired\":true,\"valueName\":\"search_term_string\"}}],\"inLanguage\":\"de\"},{\"@type\":\"Organization\",\"@id\":\"https:\\\/\\\/www.citycharge.eu\\\/de\\\/#organization\",\"name\":\"CityCharge\",\"url\":\"https:\\\/\\\/www.citycharge.eu\\\/de\\\/\",\"logo\":{\"@type\":\"ImageObject\",\"inLanguage\":\"de\",\"@id\":\"https:\\\/\\\/www.citycharge.eu\\\/de\\\/#\\\/schema\\\/logo\\\/image\\\/\",\"url\":\"https:\\\/\\\/www.citycharge.eu\\\/wp-content\\\/uploads\\\/2024\\\/07\\\/Citycharge_payofff_white.svg\",\"contentUrl\":\"https:\\\/\\\/www.citycharge.eu\\\/wp-content\\\/uploads\\\/2024\\\/07\\\/Citycharge_payofff_white.svg\",\"width\":1920,\"height\":530,\"caption\":\"CityCharge\"},\"image\":{\"@id\":\"https:\\\/\\\/www.citycharge.eu\\\/de\\\/#\\\/schema\\\/logo\\\/image\\\/\"}}]}<\/script>\n<!-- \/ Yoast SEO plugin. -->","yoast_head_json":{"title":"Sitemap - CityCharge","robots":{"index":"index","follow":"follow","max-snippet":"max-snippet:-1","max-image-preview":"max-image-preview:large","max-video-preview":"max-video-preview:-1"},"canonical":"https:\/\/www.citycharge.eu\/de\/sitemap\/","og_locale":"de_DE","og_type":"article","og_title":"Sitemap - CityCharge","og_description":"Sitemap \u201eSicheres Laden und Spielen \u2013 CityCharge sorgt f\u00fcr eine kindgerechte Umgebung.\u201c M\u00f6chten Sie auch sorgenfrei laden? Sind Sie neugierig, was CityCharge f\u00fcr Ihre Gemeinde oder Ihr Projekt tun kann? Gerne informieren wir Sie \u00fcber die M\u00f6glichkeiten. Kontaktieren Sie einen unserer Berater. 085-0716620 Kontakt","og_url":"https:\/\/www.citycharge.eu\/de\/sitemap\/","og_site_name":"CityCharge","article_modified_time":"2024-12-24T07:26:58+00:00","twitter_card":"summary_large_image","schema":{"@context":"https:\/\/schema.org","@graph":[{"@type":"WebPage","@id":"https:\/\/www.citycharge.eu\/de\/sitemap\/","url":"https:\/\/www.citycharge.eu\/de\/sitemap\/","name":"Sitemap - CityCharge","isPartOf":{"@id":"https:\/\/www.citycharge.eu\/de\/#website"},"datePublished":"2024-05-13T07:57:42+00:00","dateModified":"2024-12-24T07:26:58+00:00","breadcrumb":{"@id":"https:\/\/www.citycharge.eu\/de\/sitemap\/#breadcrumb"},"inLanguage":"de","potentialAction":[{"@type":"ReadAction","target":["https:\/\/www.citycharge.eu\/de\/sitemap\/"]}]},{"@type":"BreadcrumbList","@id":"https:\/\/www.citycharge.eu\/de\/sitemap\/#breadcrumb","itemListElement":[{"@type":"ListItem","position":1,"name":"Home","item":"https:\/\/www.citycharge.eu\/de\/"},{"@type":"ListItem","position":2,"name":"Sitemap"}]},{"@type":"WebSite","@id":"https:\/\/www.citycharge.eu\/de\/#website","url":"https:\/\/www.citycharge.eu\/de\/","name":"CityCharge","description":"Nieuw licht op laden","publisher":{"@id":"https:\/\/www.citycharge.eu\/de\/#organization"},"potentialAction":[{"@type":"SearchAction","target":{"@type":"EntryPoint","urlTemplate":"https:\/\/www.citycharge.eu\/de\/?s={search_term_string}"},"query-input":{"@type":"PropertyValueSpecification","valueRequired":true,"valueName":"search_term_string"}}],"inLanguage":"de"},{"@type":"Organization","@id":"https:\/\/www.citycharge.eu\/de\/#organization","name":"CityCharge","url":"https:\/\/www.citycharge.eu\/de\/","logo":{"@type":"ImageObject","inLanguage":"de","@id":"https:\/\/www.citycharge.eu\/de\/#\/schema\/logo\/image\/","url":"https:\/\/www.citycharge.eu\/wp-content\/uploads\/2024\/07\/Citycharge_payofff_white.svg","contentUrl":"https:\/\/www.citycharge.eu\/wp-content\/uploads\/2024\/07\/Citycharge_payofff_white.svg","width":1920,"height":530,"caption":"CityCharge"},"image":{"@id":"https:\/\/www.citycharge.eu\/de\/#\/schema\/logo\/image\/"}}]}},"_links":{"self":[{"href":"https:\/\/www.citycharge.eu\/de\/wp-json\/wp\/v2\/pages\/9180","targetHints":{"allow":["GET"]}}],"collection":[{"href":"https:\/\/www.citycharge.eu\/de\/wp-json\/wp\/v2\/pages"}],"about":[{"href":"https:\/\/www.citycharge.eu\/de\/wp-json\/wp\/v2\/types\/page"}],"author":[{"embeddable":true,"href":"https:\/\/www.citycharge.eu\/de\/wp-json\/wp\/v2\/users\/1"}],"replies":[{"embeddable":true,"href":"https:\/\/www.citycharge.eu\/de\/wp-json\/wp\/v2\/comments?post=9180"}],"version-history":[{"count":1,"href":"https:\/\/www.citycharge.eu\/de\/wp-json\/wp\/v2\/pages\/9180\/revisions"}],"predecessor-version":[{"id":9184,"href":"https:\/\/www.citycharge.eu\/de\/wp-json\/wp\/v2\/pages\/9180\/revisions\/9184"}],"wp:attachment":[{"href":"https:\/\/www.citycharge.eu\/de\/wp-json\/wp\/v2\/media?parent=9180"}],"curies":[{"name":"wp","href":"https:\/\/api.w.org\/{rel}","templated":true}]}}