{"id":9872,"date":"2024-07-23T12:16:29","date_gmt":"2024-07-23T12:16:29","guid":{"rendered":"https:\/\/www.citycharge.eu\/especificaciones-de-descarga-de-la-pagina-de-agradecimiento\/"},"modified":"2024-12-24T07:46:59","modified_gmt":"2024-12-24T07:46:59","slug":"especificaciones-de-descarga-de-la-pagina-de-agradecimiento","status":"publish","type":"page","link":"https:\/\/www.citycharge.eu\/es\/especificaciones-de-descarga-de-la-pagina-de-agradecimiento\/","title":{"rendered":"Especificaciones de descarga de la p\u00e1gina de agradecimiento."},"content":{"rendered":"\t\t<div data-elementor-type=\"wp-page\" data-elementor-id=\"9872\" class=\"elementor elementor-9872 elementor-6843\" data-elementor-post-type=\"page\">\n\t\t\t\t<div class=\"elementor-element elementor-element-d5786f4 e-flex e-con-boxed e-con e-parent\" data-id=\"d5786f4\" data-element_type=\"container\" data-e-type=\"container\">\n\t\t\t\t\t<div class=\"e-con-inner\">\n\t\t\t\t\t<\/div>\n\t\t\t\t<\/div>\n\t\t<div class=\"elementor-element elementor-element-c8b4b39 e-flex e-con-boxed e-con e-parent\" data-id=\"c8b4b39\" data-element_type=\"container\" data-e-type=\"container\">\n\t\t\t\t\t<div class=\"e-con-inner\">\n\t\t<div class=\"elementor-element elementor-element-dd1ca83 e-con-full e-flex e-con e-child\" data-id=\"dd1ca83\" data-element_type=\"container\" data-e-type=\"container\" data-settings=\"{&quot;background_background&quot;:&quot;classic&quot;}\">\n\t\t<div class=\"elementor-element elementor-element-a9efe4b e-con-full e-flex e-con e-child\" data-id=\"a9efe4b\" data-element_type=\"container\" data-e-type=\"container\">\n\t\t<div class=\"elementor-element elementor-element-e3b230d e-con-full e-flex e-con e-child\" data-id=\"e3b230d\" data-element_type=\"container\" data-e-type=\"container\">\n\t\t\t\t<div class=\"elementor-element elementor-element-ac1e7f5 elementor-widget elementor-widget-heading\" data-id=\"ac1e7f5\" data-element_type=\"widget\" data-e-type=\"widget\" data-widget_type=\"heading.default\">\n\t\t\t\t<div class=\"elementor-widget-container\">\n\t\t\t\t\t<h2 class=\"elementor-heading-title elementor-size-default\">Gracias<\/h2>\t\t\t\t<\/div>\n\t\t\t\t<\/div>\n\t\t\t\t<div class=\"elementor-element elementor-element-745e32c elementor-widget elementor-widget-text-editor\" data-id=\"745e32c\" data-element_type=\"widget\" data-e-type=\"widget\" data-widget_type=\"text-editor.default\">\n\t\t\t\t<div class=\"elementor-widget-container\">\n\t\t\t\t\t\t\t\t\t<p>Gracias por completar tus datos.<\/p>\n<p>Aqu\u00ed encontrar\u00e1s la descarga de las especificaciones.<\/p>\n\t\t\t\t\t\t\t\t<\/div>\n\t\t\t\t<\/div>\n\t\t\t\t<div class=\"elementor-element elementor-element-6ee6140 elementor-align-center animated-fast elementor-invisible elementor-widget elementor-widget-button\" data-id=\"6ee6140\" data-element_type=\"widget\" data-e-type=\"widget\" data-settings=\"{&quot;_animation&quot;:&quot;zoomIn&quot;}\" data-widget_type=\"button.default\">\n\t\t\t\t<div class=\"elementor-widget-container\">\n\t\t\t\t\t\t\t\t\t<div class=\"elementor-button-wrapper\">\n\t\t\t\t\t<a class=\"elementor-button elementor-button-link elementor-size-sm\" href=\"\/\">\n\t\t\t\t\t\t<span class=\"elementor-button-content-wrapper\">\n\t\t\t\t\t\t\t\t\t<span class=\"elementor-button-text\">Volver a la p\u00e1gina de inicio<\/span>\n\t\t\t\t\t<\/span>\n\t\t\t\t\t<\/a>\n\t\t\t\t<\/div>\n\t\t\t\t\t\t\t\t<\/div>\n\t\t\t\t<\/div>\n\t\t\t\t<\/div>\n\t\t\t\t<\/div>\n\t\t\t\t<\/div>\n\t\t\t\t\t<\/div>\n\t\t\t\t<\/div>\n\t\t<div class=\"elementor-element elementor-element-3c555ea e-flex e-con-boxed e-con e-parent\" data-id=\"3c555ea\" data-element_type=\"container\" data-e-type=\"container\">\n\t\t\t\t\t<div class=\"e-con-inner\">\n\t\t<div class=\"elementor-element elementor-element-15ede67 e-con-full e-flex e-con e-child\" data-id=\"15ede67\" data-element_type=\"container\" data-e-type=\"container\" data-settings=\"{&quot;background_background&quot;:&quot;classic&quot;}\">\n\t\t<div class=\"elementor-element elementor-element-329ce33 e-con-full e-flex e-con e-child\" data-id=\"329ce33\" data-element_type=\"container\" data-e-type=\"container\">\n\t\t<div class=\"elementor-element elementor-element-ecabb8c e-con-full e-flex e-con e-child\" data-id=\"ecabb8c\" data-element_type=\"container\" data-e-type=\"container\">\n\t\t\t\t<div class=\"elementor-element elementor-element-f72cfc3 elementor-cta--skin-cover elementor-animated-content elementor-bg-transform elementor-bg-transform-zoom-in elementor-widget elementor-widget-call-to-action\" data-id=\"f72cfc3\" data-element_type=\"widget\" data-e-type=\"widget\" data-widget_type=\"call-to-action.default\">\n\t\t\t\t<div class=\"elementor-widget-container\">\n\t\t\t\t\t\t\t<a class=\"elementor-cta\" href=\"\/wp-content\/uploads\/2024\/07\/CityChargeR_Technische_Specificaties_NL2.pdf\" target=\"_blank\">\n\t\t\t\t\t<div class=\"elementor-cta__bg-wrapper\">\n\t\t\t\t<div class=\"elementor-cta__bg elementor-bg\" style=\"background-image: url(https:\/\/www.citycharge.eu\/wp-content\/uploads\/2024\/05\/download-citycharge-2.jpg);\" role=\"img\" aria-label=\"download citycharge 2\"><\/div>\n\t\t\t\t<div class=\"elementor-cta__bg-overlay\"><\/div>\n\t\t\t<\/div>\n\t\t\t\t\t\t\t<div class=\"elementor-cta__content\">\n\t\t\t\t\n\t\t\t\t\t\t\t\t\t<h2 class=\"elementor-cta__title elementor-cta__content-item elementor-content-item elementor-animated-item--grow\">\n\t\t\t\t\t\tEspecificaciones Pa\u00edses Bajos\t\t\t\t\t<\/h2>\n\t\t\t\t\n\t\t\t\t\n\t\t\t\t\t\t\t\t\t<div class=\"elementor-cta__button-wrapper elementor-cta__content-item elementor-content-item elementor-animated-item--grow\">\n\t\t\t\t\t<span class=\"elementor-cta__button elementor-button elementor-size-\">\n\t\t\t\t\t\tDescargar aqu\u00ed\t\t\t\t\t<\/span>\n\t\t\t\t\t<\/div>\n\t\t\t\t\t\t\t<\/div>\n\t\t\t\t\t\t<\/a>\n\t\t\t\t\t\t<\/div>\n\t\t\t\t<\/div>\n\t\t\t\t<\/div>\n\t\t<div class=\"elementor-element elementor-element-e830d51 e-con-full e-flex e-con e-child\" data-id=\"e830d51\" data-element_type=\"container\" data-e-type=\"container\">\n\t\t\t\t<div class=\"elementor-element elementor-element-bead1a9 elementor-cta--skin-cover elementor-animated-content elementor-bg-transform elementor-bg-transform-zoom-in elementor-widget elementor-widget-call-to-action\" data-id=\"bead1a9\" data-element_type=\"widget\" data-e-type=\"widget\" data-widget_type=\"call-to-action.default\">\n\t\t\t\t<div class=\"elementor-widget-container\">\n\t\t\t\t\t\t\t<a class=\"elementor-cta\" href=\"\/wp-content\/uploads\/2024\/07\/CityChargeR_Technical_Specifications_ENGELS78.pdf\" target=\"_blank\">\n\t\t\t\t\t<div class=\"elementor-cta__bg-wrapper\">\n\t\t\t\t<div class=\"elementor-cta__bg elementor-bg\" style=\"background-image: url(https:\/\/www.citycharge.eu\/wp-content\/uploads\/2024\/05\/download-citycharge-2.jpg);\" role=\"img\" aria-label=\"download citycharge 2\"><\/div>\n\t\t\t\t<div class=\"elementor-cta__bg-overlay\"><\/div>\n\t\t\t<\/div>\n\t\t\t\t\t\t\t<div class=\"elementor-cta__content\">\n\t\t\t\t\n\t\t\t\t\t\t\t\t\t<h2 class=\"elementor-cta__title elementor-cta__content-item elementor-content-item elementor-animated-item--grow\">\n\t\t\t\t\t\tEspecificaci\u00f3n ESP\t\t\t\t\t<\/h2>\n\t\t\t\t\n\t\t\t\t\n\t\t\t\t\t\t\t\t\t<div class=\"elementor-cta__button-wrapper elementor-cta__content-item elementor-content-item elementor-animated-item--grow\">\n\t\t\t\t\t<span class=\"elementor-cta__button elementor-button elementor-size-\">\n\t\t\t\t\t\tDescargar aqu\u00ed\t\t\t\t\t<\/span>\n\t\t\t\t\t<\/div>\n\t\t\t\t\t\t\t<\/div>\n\t\t\t\t\t\t<\/a>\n\t\t\t\t\t\t<\/div>\n\t\t\t\t<\/div>\n\t\t\t\t<\/div>\n\t\t\t\t<\/div>\n\t\t\t\t<\/div>\n\t\t\t\t\t<\/div>\n\t\t\t\t<\/div>\n\t\t\t\t<\/div>\n\t\t","protected":false},"excerpt":{"rendered":"<p>Gracias Gracias por completar tus datos. Aqu\u00ed encontrar\u00e1s la descarga de las especificaciones. Volver a la p\u00e1gina de inicio Especificaciones Pa\u00edses Bajos Descargar aqu\u00ed Especificaci\u00f3n ESP Descargar aqu\u00ed<\/p>\n","protected":false},"author":1,"featured_media":0,"parent":0,"menu_order":0,"comment_status":"closed","ping_status":"closed","template":"elementor_header_footer","meta":{"_acf_changed":false,"footnotes":""},"class_list":["post-9872","page","type-page","status-publish","hentry"],"acf":[],"yoast_head":"<!-- This site is optimized with the Yoast SEO plugin v27.3 - https:\/\/yoast.com\/product\/yoast-seo-wordpress\/ -->\n<title>Especificaciones de descarga de la p\u00e1gina de agradecimiento. - CityCharge<\/title>\n<meta name=\"robots\" content=\"index, follow, max-snippet:-1, max-image-preview:large, max-video-preview:-1\" \/>\n<link rel=\"canonical\" href=\"https:\/\/www.citycharge.eu\/es\/especificaciones-de-descarga-de-la-pagina-de-agradecimiento\/\" \/>\n<meta property=\"og:locale\" content=\"es_ES\" \/>\n<meta property=\"og:type\" content=\"article\" \/>\n<meta property=\"og:title\" content=\"Especificaciones de descarga de la p\u00e1gina de agradecimiento. - CityCharge\" \/>\n<meta property=\"og:description\" content=\"Gracias Gracias por completar tus datos. Aqu\u00ed encontrar\u00e1s la descarga de las especificaciones. Volver a la p\u00e1gina de inicio Especificaciones Pa\u00edses Bajos Descargar aqu\u00ed Especificaci\u00f3n ESP Descargar aqu\u00ed\" \/>\n<meta property=\"og:url\" content=\"https:\/\/www.citycharge.eu\/es\/especificaciones-de-descarga-de-la-pagina-de-agradecimiento\/\" \/>\n<meta property=\"og:site_name\" content=\"CityCharge\" \/>\n<meta property=\"article:modified_time\" content=\"2024-12-24T07:46:59+00:00\" \/>\n<meta name=\"twitter:card\" content=\"summary_large_image\" \/>\n<script type=\"application\/ld+json\" class=\"yoast-schema-graph\">{\"@context\":\"https:\\\/\\\/schema.org\",\"@graph\":[{\"@type\":\"WebPage\",\"@id\":\"https:\\\/\\\/www.citycharge.eu\\\/es\\\/especificaciones-de-descarga-de-la-pagina-de-agradecimiento\\\/\",\"url\":\"https:\\\/\\\/www.citycharge.eu\\\/es\\\/especificaciones-de-descarga-de-la-pagina-de-agradecimiento\\\/\",\"name\":\"Especificaciones de descarga de la p\u00e1gina de agradecimiento. - CityCharge\",\"isPartOf\":{\"@id\":\"https:\\\/\\\/www.citycharge.eu\\\/es\\\/#website\"},\"datePublished\":\"2024-07-23T12:16:29+00:00\",\"dateModified\":\"2024-12-24T07:46:59+00:00\",\"breadcrumb\":{\"@id\":\"https:\\\/\\\/www.citycharge.eu\\\/es\\\/especificaciones-de-descarga-de-la-pagina-de-agradecimiento\\\/#breadcrumb\"},\"inLanguage\":\"es\",\"potentialAction\":[{\"@type\":\"ReadAction\",\"target\":[\"https:\\\/\\\/www.citycharge.eu\\\/es\\\/especificaciones-de-descarga-de-la-pagina-de-agradecimiento\\\/\"]}]},{\"@type\":\"BreadcrumbList\",\"@id\":\"https:\\\/\\\/www.citycharge.eu\\\/es\\\/especificaciones-de-descarga-de-la-pagina-de-agradecimiento\\\/#breadcrumb\",\"itemListElement\":[{\"@type\":\"ListItem\",\"position\":1,\"name\":\"Home\",\"item\":\"https:\\\/\\\/www.citycharge.eu\\\/es\\\/\"},{\"@type\":\"ListItem\",\"position\":2,\"name\":\"Especificaciones de descarga de la p\u00e1gina de agradecimiento.\"}]},{\"@type\":\"WebSite\",\"@id\":\"https:\\\/\\\/www.citycharge.eu\\\/es\\\/#website\",\"url\":\"https:\\\/\\\/www.citycharge.eu\\\/es\\\/\",\"name\":\"CityCharge\",\"description\":\"Nieuw licht op laden\",\"publisher\":{\"@id\":\"https:\\\/\\\/www.citycharge.eu\\\/es\\\/#organization\"},\"potentialAction\":[{\"@type\":\"SearchAction\",\"target\":{\"@type\":\"EntryPoint\",\"urlTemplate\":\"https:\\\/\\\/www.citycharge.eu\\\/es\\\/?s={search_term_string}\"},\"query-input\":{\"@type\":\"PropertyValueSpecification\",\"valueRequired\":true,\"valueName\":\"search_term_string\"}}],\"inLanguage\":\"es\"},{\"@type\":\"Organization\",\"@id\":\"https:\\\/\\\/www.citycharge.eu\\\/es\\\/#organization\",\"name\":\"CityCharge\",\"url\":\"https:\\\/\\\/www.citycharge.eu\\\/es\\\/\",\"logo\":{\"@type\":\"ImageObject\",\"inLanguage\":\"es\",\"@id\":\"https:\\\/\\\/www.citycharge.eu\\\/es\\\/#\\\/schema\\\/logo\\\/image\\\/\",\"url\":\"https:\\\/\\\/www.citycharge.eu\\\/wp-content\\\/uploads\\\/2024\\\/07\\\/Citycharge_payofff_white.svg\",\"contentUrl\":\"https:\\\/\\\/www.citycharge.eu\\\/wp-content\\\/uploads\\\/2024\\\/07\\\/Citycharge_payofff_white.svg\",\"width\":1920,\"height\":530,\"caption\":\"CityCharge\"},\"image\":{\"@id\":\"https:\\\/\\\/www.citycharge.eu\\\/es\\\/#\\\/schema\\\/logo\\\/image\\\/\"}}]}<\/script>\n<!-- \/ Yoast SEO plugin. -->","yoast_head_json":{"title":"Especificaciones de descarga de la p\u00e1gina de agradecimiento. - CityCharge","robots":{"index":"index","follow":"follow","max-snippet":"max-snippet:-1","max-image-preview":"max-image-preview:large","max-video-preview":"max-video-preview:-1"},"canonical":"https:\/\/www.citycharge.eu\/es\/especificaciones-de-descarga-de-la-pagina-de-agradecimiento\/","og_locale":"es_ES","og_type":"article","og_title":"Especificaciones de descarga de la p\u00e1gina de agradecimiento. - CityCharge","og_description":"Gracias Gracias por completar tus datos. Aqu\u00ed encontrar\u00e1s la descarga de las especificaciones. Volver a la p\u00e1gina de inicio Especificaciones Pa\u00edses Bajos Descargar aqu\u00ed Especificaci\u00f3n ESP Descargar aqu\u00ed","og_url":"https:\/\/www.citycharge.eu\/es\/especificaciones-de-descarga-de-la-pagina-de-agradecimiento\/","og_site_name":"CityCharge","article_modified_time":"2024-12-24T07:46:59+00:00","twitter_card":"summary_large_image","schema":{"@context":"https:\/\/schema.org","@graph":[{"@type":"WebPage","@id":"https:\/\/www.citycharge.eu\/es\/especificaciones-de-descarga-de-la-pagina-de-agradecimiento\/","url":"https:\/\/www.citycharge.eu\/es\/especificaciones-de-descarga-de-la-pagina-de-agradecimiento\/","name":"Especificaciones de descarga de la p\u00e1gina de agradecimiento. - CityCharge","isPartOf":{"@id":"https:\/\/www.citycharge.eu\/es\/#website"},"datePublished":"2024-07-23T12:16:29+00:00","dateModified":"2024-12-24T07:46:59+00:00","breadcrumb":{"@id":"https:\/\/www.citycharge.eu\/es\/especificaciones-de-descarga-de-la-pagina-de-agradecimiento\/#breadcrumb"},"inLanguage":"es","potentialAction":[{"@type":"ReadAction","target":["https:\/\/www.citycharge.eu\/es\/especificaciones-de-descarga-de-la-pagina-de-agradecimiento\/"]}]},{"@type":"BreadcrumbList","@id":"https:\/\/www.citycharge.eu\/es\/especificaciones-de-descarga-de-la-pagina-de-agradecimiento\/#breadcrumb","itemListElement":[{"@type":"ListItem","position":1,"name":"Home","item":"https:\/\/www.citycharge.eu\/es\/"},{"@type":"ListItem","position":2,"name":"Especificaciones de descarga de la p\u00e1gina de agradecimiento."}]},{"@type":"WebSite","@id":"https:\/\/www.citycharge.eu\/es\/#website","url":"https:\/\/www.citycharge.eu\/es\/","name":"CityCharge","description":"Nieuw licht op laden","publisher":{"@id":"https:\/\/www.citycharge.eu\/es\/#organization"},"potentialAction":[{"@type":"SearchAction","target":{"@type":"EntryPoint","urlTemplate":"https:\/\/www.citycharge.eu\/es\/?s={search_term_string}"},"query-input":{"@type":"PropertyValueSpecification","valueRequired":true,"valueName":"search_term_string"}}],"inLanguage":"es"},{"@type":"Organization","@id":"https:\/\/www.citycharge.eu\/es\/#organization","name":"CityCharge","url":"https:\/\/www.citycharge.eu\/es\/","logo":{"@type":"ImageObject","inLanguage":"es","@id":"https:\/\/www.citycharge.eu\/es\/#\/schema\/logo\/image\/","url":"https:\/\/www.citycharge.eu\/wp-content\/uploads\/2024\/07\/Citycharge_payofff_white.svg","contentUrl":"https:\/\/www.citycharge.eu\/wp-content\/uploads\/2024\/07\/Citycharge_payofff_white.svg","width":1920,"height":530,"caption":"CityCharge"},"image":{"@id":"https:\/\/www.citycharge.eu\/es\/#\/schema\/logo\/image\/"}}]}},"_links":{"self":[{"href":"https:\/\/www.citycharge.eu\/es\/wp-json\/wp\/v2\/pages\/9872","targetHints":{"allow":["GET"]}}],"collection":[{"href":"https:\/\/www.citycharge.eu\/es\/wp-json\/wp\/v2\/pages"}],"about":[{"href":"https:\/\/www.citycharge.eu\/es\/wp-json\/wp\/v2\/types\/page"}],"author":[{"embeddable":true,"href":"https:\/\/www.citycharge.eu\/es\/wp-json\/wp\/v2\/users\/1"}],"replies":[{"embeddable":true,"href":"https:\/\/www.citycharge.eu\/es\/wp-json\/wp\/v2\/comments?post=9872"}],"version-history":[{"count":1,"href":"https:\/\/www.citycharge.eu\/es\/wp-json\/wp\/v2\/pages\/9872\/revisions"}],"predecessor-version":[{"id":9874,"href":"https:\/\/www.citycharge.eu\/es\/wp-json\/wp\/v2\/pages\/9872\/revisions\/9874"}],"wp:attachment":[{"href":"https:\/\/www.citycharge.eu\/es\/wp-json\/wp\/v2\/media?parent=9872"}],"curies":[{"name":"wp","href":"https:\/\/api.w.org\/{rel}","templated":true}]}}