{"id":9995,"date":"2024-05-13T07:57:42","date_gmt":"2024-05-13T07:57:42","guid":{"rendered":"https:\/\/www.citycharge.eu\/sivustokartta\/"},"modified":"2024-12-24T07:47:28","modified_gmt":"2024-12-24T07:47:28","slug":"sivustokartta","status":"publish","type":"page","link":"https:\/\/www.citycharge.eu\/fi\/sivustokartta\/","title":{"rendered":"Sivustokartta"},"content":{"rendered":"\t\t<div data-elementor-type=\"wp-page\" data-elementor-id=\"9995\" class=\"elementor elementor-9995 elementor-655\" data-elementor-post-type=\"page\">\n\t\t\t\t<div class=\"elementor-element elementor-element-4994176 e-flex e-con-boxed e-con e-parent\" data-id=\"4994176\" data-element_type=\"container\" data-e-type=\"container\" data-settings=\"{&quot;background_background&quot;:&quot;classic&quot;}\">\n\t\t\t\t\t<div class=\"e-con-inner\">\n\t\t\t\t<div class=\"elementor-element elementor-element-40facc1 elementor-widget elementor-widget-heading\" data-id=\"40facc1\" data-element_type=\"widget\" data-e-type=\"widget\" data-widget_type=\"heading.default\">\n\t\t\t\t<div class=\"elementor-widget-container\">\n\t\t\t\t\t<h1 class=\"elementor-heading-title elementor-size-default\">Sivustokartta  <\/h1>\t\t\t\t<\/div>\n\t\t\t\t<\/div>\n\t\t\t\t\t<\/div>\n\t\t\t\t<\/div>\n\t\t<div class=\"elementor-element elementor-element-e83b362 linkzwart e-flex e-con-boxed e-con e-parent\" data-id=\"e83b362\" data-element_type=\"container\" data-e-type=\"container\" data-settings=\"{&quot;background_background&quot;:&quot;classic&quot;}\">\n\t\t\t\t\t<div class=\"e-con-inner\">\n\t\t<div class=\"elementor-element elementor-element-9d4b3fe e-con-full e-flex e-con e-child\" data-id=\"9d4b3fe\" data-element_type=\"container\" data-e-type=\"container\">\n\t\t\t\t<div class=\"elementor-element elementor-element-10b9202 elementor-widget elementor-widget-text-editor\" data-id=\"10b9202\" data-element_type=\"widget\" data-e-type=\"widget\" data-widget_type=\"text-editor.default\">\n\t\t\t\t<div class=\"elementor-widget-container\">\n\t\t\t\t\t\t\t\t\t<ul>\n<li><div class=\"wsp-container\"><h2 class=\"wsp-posts-title\">Posts by category<\/h2>\n<ul class=\"wsp-posts-list\">\n\t<li><strong class=\"wsp-category-title\">Category: <a href=\"https:\/\/www.citycharge.eu\/fi\/category\/tapaukset\/\">Tapaukset<\/a><\/strong>\n<ul class=\"wsp-posts-list\">\t\t<li class=\"wsp-post\"><a href=\"https:\/\/www.citycharge.eu\/fi\/latausasema-ranskassa\/\">Latausasema Ranskassa<\/a><\/li>\n\t\t<li class=\"wsp-post\"><a href=\"https:\/\/www.citycharge.eu\/fi\/tilburgin-kunta\/\">Tilburgin kunta<\/a><\/li>\n\t\t<li class=\"wsp-post\"><a href=\"https:\/\/www.citycharge.eu\/fi\/eemsdeltan-kunta\/\">Eemsdeltan kunta<\/a><\/li>\n\t\t<li class=\"wsp-post\"><a href=\"https:\/\/www.citycharge.eu\/fi\/haarlemmermeerin-kunta\/\">Haarlemmermeerin kunta<\/a><\/li>\n\t\t<li class=\"wsp-post\"><a href=\"https:\/\/www.citycharge.eu\/fi\/leiderdorpin-kunta\/\">Leiderdorpin kunta<\/a><\/li>\n\t\t<li class=\"wsp-post\"><a href=\"https:\/\/www.citycharge.eu\/fi\/deventerin-kunta\/\">Deventerin kunta<\/a><\/li>\n\t\t<li class=\"wsp-post\"><a href=\"https:\/\/www.citycharge.eu\/fi\/arnhemin-kunta\/\">Arnhemin kunta<\/a><\/li>\n\t\t<li class=\"wsp-post\"><a href=\"https:\/\/www.citycharge.eu\/fi\/zaltbommelin-kunta\/\">Zaltbommelin kunta<\/a><\/li>\n\t\t<li class=\"wsp-post\"><a href=\"https:\/\/www.citycharge.eu\/fi\/eindhovenin-kunta\/\">Eindhovenin kunta<\/a><\/li>\n\t\t<li class=\"wsp-post\"><a href=\"https:\/\/www.citycharge.eu\/fi\/renkumin-kunta\/\">Renkumin kunta<\/a><\/li>\n\t\t<li class=\"wsp-post\"><a href=\"https:\/\/www.citycharge.eu\/fi\/oosterhoutin-kunta\/\">Oosterhoutin kunta<\/a><\/li>\n\t\t<li class=\"wsp-post\"><a href=\"https:\/\/www.citycharge.eu\/fi\/alkmaarin-kunta\/\">Alkmaarin kunta<\/a><\/li>\n<\/ul><\/li>\n\t<li><strong class=\"wsp-category-title\">Category: <a href=\"https:\/\/www.citycharge.eu\/fi\/category\/uutiset\/\">Uutiset<\/a><\/strong>\n<ul class=\"wsp-posts-list\">\t\t<li class=\"wsp-post\"><a href=\"https:\/\/www.citycharge.eu\/fi\/open-charge-alliance-core-sertifikaatti\/\">Open Charge Alliance Core -sertifikaatti<\/a><\/li>\n\t\t<li class=\"wsp-post\"><a href=\"https:\/\/www.citycharge.eu\/fi\/citycharge-lasna-sail-amsterdamissa\/\">CityCharge l\u00e4sn\u00e4 SAIL Amsterdamissa<\/a><\/li>\n\t\t<li class=\"wsp-post\"><a href=\"https:\/\/www.citycharge.eu\/fi\/oostnl-investointi-alykkaisiin-latauspisteisiin-lyhtypylviin\/\">OostNL: Investointi \u00e4lykk\u00e4isiin latauspisteisiin lyhtypylviin<\/a><\/li>\n\t\t<li class=\"wsp-post\"><a href=\"https:\/\/www.citycharge.eu\/fi\/ensimmainen-eindhoveniin-ja-toinen-alankomaihin-lyhtypylvas-pistorasialla-sahkoautojen-lataamiseen\/\">Ensimm\u00e4inen Eindhoveniin (ja toinen Alankomaihin): lyhtypylv\u00e4s pistorasialla s\u00e4hk\u00f6autojen lataamiseen<\/a><\/li>\n\t\t<li class=\"wsp-post\"><a href=\"https:\/\/www.citycharge.eu\/fi\/auton-lataaminen-lyhtypylvaasta-on-pian-mahdollista-zaltbommelissa-brakel-saa-katupistokkeet\/\">Auton lataaminen lyhtypylv\u00e4\u00e4st\u00e4 on pian mahdollista Zaltbommelissa, Brakel saa katupistokkeet<\/a><\/li>\n\t\t<li class=\"wsp-post\"><a href=\"https:\/\/www.citycharge.eu\/fi\/uudet-latausvalotolpat-arnhemissa\/\">Uudet latausvalotolpat Arnhemissa<\/a><\/li>\n\t\t<li class=\"wsp-post\"><a href=\"https:\/\/www.citycharge.eu\/fi\/alykas-valopylvas-on-nyt-tosiasia-myos-renkumissa\/\">\u00c4lyk\u00e4s valopylv\u00e4s on nyt tosiasia my\u00f6s Renkumissa<\/a><\/li>\n\t\t<li class=\"wsp-post\"><a href=\"https:\/\/www.citycharge.eu\/fi\/primevest-muuttaa-lampun-pylvaan-alykkaaksi-latauspisteeksi-helpottaakseen-sahkoautojen-rajahdysmaista-kasvua\/\">Primevest muuttaa lampun pylv\u00e4\u00e4n \u00e4lykk\u00e4\u00e4ksi latauspisteeksi helpottaakseen s\u00e4hk\u00f6autojen r\u00e4j\u00e4hdysm\u00e4ist\u00e4 kasvua<\/a><\/li>\n<\/ul><\/li>\n<\/ul>\n<\/div><\/li>\n<\/ul>\n\t\t\t\t\t\t\t\t<\/div>\n\t\t\t\t<\/div>\n\t\t\t\t<\/div>\n\t\t<div class=\"elementor-element elementor-element-60ea742 e-con-full e-flex e-con e-child\" data-id=\"60ea742\" data-element_type=\"container\" data-e-type=\"container\">\n\t\t\t\t<div class=\"elementor-element elementor-element-2d2792b elementor-widget elementor-widget-text-editor\" data-id=\"2d2792b\" data-element_type=\"widget\" data-e-type=\"widget\" data-widget_type=\"text-editor.default\">\n\t\t\t\t<div class=\"elementor-widget-container\">\n\t\t\t\t\t\t\t\t\t<ul>\n<li><div class=\"wsp-container\"><h2 class=\"wsp-pages-title\">Pages<\/h2>\n<ul class=\"wsp-pages-list\">\n<li class=\"page_item page-item-9331\"><a href=\"https:\/\/www.citycharge.eu\/fi\/esite\/\">Esite<\/a><\/li>\n<li class=\"page_item page-item-9435\"><a href=\"https:\/\/www.citycharge.eu\/fi\/evastekaytanto\/\">Ev\u00e4stek\u00e4yt\u00e4nt\u00f6<\/a><\/li>\n<li class=\"page_item page-item-9937\"><a href=\"https:\/\/www.citycharge.eu\/fi\/he-menivat-ennen-sinua\/\">He meniv\u00e4t ennen sinua<\/a><\/li>\n<li class=\"page_item page-item-11073\"><a href=\"https:\/\/www.citycharge.eu\/fi\/innovatiivisten-lastausvalomastojen-edut\/\">Innovatiivisten lastausvalomastojen edut<\/a><\/li>\n<li class=\"page_item page-item-9868\"><a href=\"https:\/\/www.citycharge.eu\/fi\/kiitos-sivun-lataustiedot\/\">Kiitos sivun lataustiedot<\/a><\/li>\n<li class=\"page_item page-item-9309\"><a href=\"https:\/\/www.citycharge.eu\/fi\/kiitos-sivun-latausesite\/\">Kiitos-sivun latausesite<\/a><\/li>\n<li class=\"page_item page-item-9160\"><a href=\"https:\/\/www.citycharge.eu\/fi\/\">Kotiin<\/a><\/li>\n<li class=\"page_item page-item-9279 page_item_has_children\"><a href=\"https:\/\/www.citycharge.eu\/fi\/latausratkaisu\/\">Latausratkaisu<\/a>\n<ul class='children'>\n\t<li class=\"page_item page-item-10109\"><a href=\"https:\/\/www.citycharge.eu\/fi\/latausratkaisu\/cpot\/\">CPO:t<\/a><\/li>\n\t<li class=\"page_item page-item-10084\"><a href=\"https:\/\/www.citycharge.eu\/fi\/latausratkaisu\/hankintaviranomaiset\/\">Hankintaviranomaiset<\/a><\/li>\n\t<li class=\"page_item page-item-10030\"><a href=\"https:\/\/www.citycharge.eu\/fi\/latausratkaisu\/konsulttiyritykset\/\">Konsulttiyritykset<\/a><\/li>\n\t<li class=\"page_item page-item-9249\"><a href=\"https:\/\/www.citycharge.eu\/fi\/latausratkaisu\/kunnat\/\">kunnat<\/a><\/li>\n\t<li class=\"page_item page-item-10056\"><a href=\"https:\/\/www.citycharge.eu\/fi\/latausratkaisu\/projektien-kehittajat\/\">Projektien kehitt\u00e4j\u00e4t<\/a><\/li>\n<\/ul>\n<\/li>\n<li class=\"page_item page-item-9223\"><a href=\"https:\/\/www.citycharge.eu\/fi\/ota-yhteytta\/\">Ota yhteytt\u00e4<\/a><\/li>\n<li class=\"page_item page-item-9462\"><a href=\"https:\/\/www.citycharge.eu\/fi\/laskentatyokalu\/\">Pikaskannaus<\/a><\/li>\n<li class=\"page_item page-item-9995\"><a href=\"https:\/\/www.citycharge.eu\/fi\/sivustokartta\/\">Sivustokartta<\/a><\/li>\n<li class=\"page_item page-item-9841\"><a href=\"https:\/\/www.citycharge.eu\/fi\/tekniset-tiedot\/\">Tekniset tiedot<\/a><\/li>\n<li class=\"page_item page-item-9187\"><a href=\"https:\/\/www.citycharge.eu\/fi\/tietoja-meista\/\">Tietoja meist\u00e4<\/a><\/li>\n<li class=\"page_item page-item-10025\"><a href=\"https:\/\/www.citycharge.eu\/fi\/tietosuojakaytanto\/\">Tietosuojak\u00e4yt\u00e4nt\u00f6<\/a><\/li>\n<li class=\"page_item page-item-9967\"><a href=\"https:\/\/www.citycharge.eu\/fi\/uutiset\/\">Uutiset<\/a><\/li>\n<li class=\"page_item page-item-9895\"><a href=\"https:\/\/www.citycharge.eu\/fi\/vastuuvapauslauseke\/\">Vastuuvapauslauseke<\/a><\/li>\n<li class=\"page_item page-item-9942\"><a href=\"https:\/\/www.citycharge.eu\/fi\/yhteistyokumppanit\/\">Yhteisty\u00f6kumppanit<\/a><\/li>\n<li class=\"page_item page-item-9248\"><a href=\"https:\/\/www.citycharge.eu\/fi\/yhteydenottolomake-kiitossivu\/\">Yhteydenottolomake kiitossivu<\/a><\/li>\n<\/ul>\n<\/div><\/li>\n<\/ul>\n\t\t\t\t\t\t\t\t<\/div>\n\t\t\t\t<\/div>\n\t\t\t\t<\/div>\n\t\t\t\t\t<\/div>\n\t\t\t\t<\/div>\n\t\t<div class=\"elementor-element elementor-element-5bdfffa e-flex e-con-boxed e-con e-parent\" data-id=\"5bdfffa\" data-element_type=\"container\" data-e-type=\"container\" data-settings=\"{&quot;background_background&quot;:&quot;classic&quot;}\">\n\t\t\t\t\t<div class=\"e-con-inner\">\n\t\t<div class=\"elementor-element elementor-element-9c0d534 e-con-full e-flex e-con e-child\" data-id=\"9c0d534\" data-element_type=\"container\" data-e-type=\"container\" data-settings=\"{&quot;background_background&quot;:&quot;classic&quot;}\">\n\t\t<div class=\"elementor-element elementor-element-daf70e3 e-flex e-con-boxed e-con e-child\" data-id=\"daf70e3\" data-element_type=\"container\" data-e-type=\"container\">\n\t\t\t\t\t<div class=\"e-con-inner\">\n\t\t<div class=\"elementor-element elementor-element-9be657b e-flex e-con-boxed e-con e-child\" data-id=\"9be657b\" data-element_type=\"container\" data-e-type=\"container\">\n\t\t\t\t\t<div class=\"e-con-inner\">\n\t\t\t\t<div class=\"elementor-element elementor-element-20a910c elementor-widget elementor-widget-heading\" data-id=\"20a910c\" data-element_type=\"widget\" data-e-type=\"widget\" data-widget_type=\"heading.default\">\n\t\t\t\t<div class=\"elementor-widget-container\">\n\t\t\t\t\t<h3 class=\"elementor-heading-title elementor-size-default\">\"Turvallinen lataus ja pelaaminen \u2013 CityCharge tarjoaa lapsiyst\u00e4v\u00e4llisen ymp\u00e4rist\u00f6n.\"<\/h3>\t\t\t\t<\/div>\n\t\t\t\t<\/div>\n\t\t\t\t\t<\/div>\n\t\t\t\t<\/div>\n\t\t\t\t\t<\/div>\n\t\t\t\t<\/div>\n\t\t\t\t<\/div>\n\t\t<div class=\"elementor-element elementor-element-35fd8d1 e-con-full e-flex e-con e-child\" data-id=\"35fd8d1\" data-element_type=\"container\" data-e-type=\"container\">\n\t\t\t\t<div class=\"elementor-element elementor-element-b99b5e3 elementor-widget elementor-widget-text-editor\" data-id=\"b99b5e3\" data-element_type=\"widget\" data-e-type=\"widget\" data-widget_type=\"text-editor.default\">\n\t\t\t\t<div class=\"elementor-widget-container\">\n\t\t\t\t\t\t\t\t\t<h2>Haluatko my\u00f6s veloittaa huoletta?<\/h2>\n\t\t\t\t\t\t\t\t<\/div>\n\t\t\t\t<\/div>\n\t\t\t\t<div class=\"elementor-element elementor-element-b9db6f6 elementor-widget elementor-widget-text-editor\" data-id=\"b9db6f6\" data-element_type=\"widget\" data-e-type=\"widget\" data-widget_type=\"text-editor.default\">\n\t\t\t\t<div class=\"elementor-widget-container\">\n\t\t\t\t\t\t\t\t\t<p>Oletko kiinnostunut siit\u00e4, mit\u00e4 CityCharge voi tehd\u00e4 kuntasi tai hankkeesi hyv\u00e4ksi?<br \/>\nKerromme mielell\u00e4mme mahdollisuuksista.   <\/p>\n\t\t\t\t\t\t\t\t<\/div>\n\t\t\t\t<\/div>\n\t\t\t\t<div class=\"elementor-element elementor-element-a646ef4 elementor-widget elementor-widget-text-editor\" data-id=\"a646ef4\" data-element_type=\"widget\" data-e-type=\"widget\" data-widget_type=\"text-editor.default\">\n\t\t\t\t<div class=\"elementor-widget-container\">\n\t\t\t\t\t\t\t\t\t<p><strong>Ota yhteytt\u00e4 neuvonantajaamme.<\/strong><\/p>\n\t\t\t\t\t\t\t\t<\/div>\n\t\t\t\t<\/div>\n\t\t\t\t<div class=\"elementor-element elementor-element-f75e8fd elementor-mobile-align-left elementor-widget elementor-widget-button\" data-id=\"f75e8fd\" data-element_type=\"widget\" data-e-type=\"widget\" data-widget_type=\"button.default\">\n\t\t\t\t<div class=\"elementor-widget-container\">\n\t\t\t\t\t\t\t\t\t<div class=\"elementor-button-wrapper\">\n\t\t\t\t\t<a class=\"elementor-button elementor-button-link elementor-size-sm\" href=\"http:\/\/+31850716620\">\n\t\t\t\t\t\t<span class=\"elementor-button-content-wrapper\">\n\t\t\t\t\t\t<span class=\"elementor-button-icon\">\n\t\t\t\t<svg aria-hidden=\"true\" class=\"e-font-icon-svg e-fas-phone-alt\" viewBox=\"0 0 512 512\" xmlns=\"http:\/\/www.w3.org\/2000\/svg\"><path d=\"M497.39 361.8l-112-48a24 24 0 0 0-28 6.9l-49.6 60.6A370.66 370.66 0 0 1 130.6 204.11l60.6-49.6a23.94 23.94 0 0 0 6.9-28l-48-112A24.16 24.16 0 0 0 122.6.61l-104 24A24 24 0 0 0 0 48c0 256.5 207.9 464 464 464a24 24 0 0 0 23.4-18.6l24-104a24.29 24.29 0 0 0-14.01-27.6z\"><\/path><\/svg>\t\t\t<\/span>\n\t\t\t\t\t\t\t\t\t<span class=\"elementor-button-text\">085-0716620<\/span>\n\t\t\t\t\t<\/span>\n\t\t\t\t\t<\/a>\n\t\t\t\t<\/div>\n\t\t\t\t\t\t\t\t<\/div>\n\t\t\t\t<\/div>\n\t\t\t\t<div class=\"elementor-element elementor-element-30ef0cc elementor-align-left animated-fast elementor-invisible elementor-widget elementor-widget-button\" data-id=\"30ef0cc\" data-element_type=\"widget\" data-e-type=\"widget\" data-settings=\"{&quot;_animation&quot;:&quot;zoomIn&quot;}\" data-widget_type=\"button.default\">\n\t\t\t\t<div class=\"elementor-widget-container\">\n\t\t\t\t\t\t\t\t\t<div class=\"elementor-button-wrapper\">\n\t\t\t\t\t<a class=\"elementor-button elementor-button-link elementor-size-sm\" href=\"https:\/\/www.citycharge.eu\/fi\/ota-yhteytta\/\">\n\t\t\t\t\t\t<span class=\"elementor-button-content-wrapper\">\n\t\t\t\t\t\t\t\t\t<span class=\"elementor-button-text\">Ota yhteytt\u00e4<\/span>\n\t\t\t\t\t<\/span>\n\t\t\t\t\t<\/a>\n\t\t\t\t<\/div>\n\t\t\t\t\t\t\t\t<\/div>\n\t\t\t\t<\/div>\n\t\t\t\t<\/div>\n\t\t\t\t\t<\/div>\n\t\t\t\t<\/div>\n\t\t\t\t<\/div>\n\t\t","protected":false},"excerpt":{"rendered":"<p>Sivustokartta &#8221;Turvallinen lataus ja pelaaminen \u2013 CityCharge tarjoaa lapsiyst\u00e4v\u00e4llisen ymp\u00e4rist\u00f6n.&#8221; Haluatko my\u00f6s veloittaa huoletta? Oletko kiinnostunut siit\u00e4, mit\u00e4 CityCharge voi tehd\u00e4 kuntasi tai hankkeesi hyv\u00e4ksi? Kerromme mielell\u00e4mme mahdollisuuksista. Ota yhteytt\u00e4 neuvonantajaamme. 085-0716620 Ota yhteytt\u00e4<\/p>\n","protected":false},"author":1,"featured_media":0,"parent":0,"menu_order":0,"comment_status":"closed","ping_status":"closed","template":"elementor_header_footer","meta":{"_acf_changed":false,"footnotes":""},"class_list":["post-9995","page","type-page","status-publish","hentry"],"acf":[],"yoast_head":"<!-- This site is optimized with the Yoast SEO plugin v27.4 - https:\/\/yoast.com\/product\/yoast-seo-wordpress\/ -->\n<title>Sivustokartta - CityCharge<\/title>\n<meta name=\"robots\" content=\"index, follow, max-snippet:-1, max-image-preview:large, max-video-preview:-1\" \/>\n<link rel=\"canonical\" href=\"https:\/\/www.citycharge.eu\/fi\/sivustokartta\/\" \/>\n<meta property=\"og:locale\" content=\"fi_FI\" \/>\n<meta property=\"og:type\" content=\"article\" \/>\n<meta property=\"og:title\" content=\"Sivustokartta - CityCharge\" \/>\n<meta property=\"og:description\" content=\"Sivustokartta &#8221;Turvallinen lataus ja pelaaminen \u2013 CityCharge tarjoaa lapsiyst\u00e4v\u00e4llisen ymp\u00e4rist\u00f6n.&#8221; Haluatko my\u00f6s veloittaa huoletta? Oletko kiinnostunut siit\u00e4, mit\u00e4 CityCharge voi tehd\u00e4 kuntasi tai hankkeesi hyv\u00e4ksi? Kerromme mielell\u00e4mme mahdollisuuksista. Ota yhteytt\u00e4 neuvonantajaamme. 085-0716620 Ota yhteytt\u00e4\" \/>\n<meta property=\"og:url\" content=\"https:\/\/www.citycharge.eu\/fi\/sivustokartta\/\" \/>\n<meta property=\"og:site_name\" content=\"CityCharge\" \/>\n<meta property=\"article:modified_time\" content=\"2024-12-24T07:47:28+00:00\" \/>\n<meta name=\"twitter:card\" content=\"summary_large_image\" \/>\n<script type=\"application\/ld+json\" class=\"yoast-schema-graph\">{\"@context\":\"https:\\\/\\\/schema.org\",\"@graph\":[{\"@type\":\"WebPage\",\"@id\":\"https:\\\/\\\/www.citycharge.eu\\\/fi\\\/sivustokartta\\\/\",\"url\":\"https:\\\/\\\/www.citycharge.eu\\\/fi\\\/sivustokartta\\\/\",\"name\":\"Sivustokartta - CityCharge\",\"isPartOf\":{\"@id\":\"https:\\\/\\\/www.citycharge.eu\\\/fi\\\/#website\"},\"datePublished\":\"2024-05-13T07:57:42+00:00\",\"dateModified\":\"2024-12-24T07:47:28+00:00\",\"breadcrumb\":{\"@id\":\"https:\\\/\\\/www.citycharge.eu\\\/fi\\\/sivustokartta\\\/#breadcrumb\"},\"inLanguage\":\"fi\",\"potentialAction\":[{\"@type\":\"ReadAction\",\"target\":[\"https:\\\/\\\/www.citycharge.eu\\\/fi\\\/sivustokartta\\\/\"]}]},{\"@type\":\"BreadcrumbList\",\"@id\":\"https:\\\/\\\/www.citycharge.eu\\\/fi\\\/sivustokartta\\\/#breadcrumb\",\"itemListElement\":[{\"@type\":\"ListItem\",\"position\":1,\"name\":\"Home\",\"item\":\"https:\\\/\\\/www.citycharge.eu\\\/fi\\\/\"},{\"@type\":\"ListItem\",\"position\":2,\"name\":\"Sivustokartta\"}]},{\"@type\":\"WebSite\",\"@id\":\"https:\\\/\\\/www.citycharge.eu\\\/fi\\\/#website\",\"url\":\"https:\\\/\\\/www.citycharge.eu\\\/fi\\\/\",\"name\":\"CityCharge\",\"description\":\"Nieuw licht op laden\",\"publisher\":{\"@id\":\"https:\\\/\\\/www.citycharge.eu\\\/fi\\\/#organization\"},\"potentialAction\":[{\"@type\":\"SearchAction\",\"target\":{\"@type\":\"EntryPoint\",\"urlTemplate\":\"https:\\\/\\\/www.citycharge.eu\\\/fi\\\/?s={search_term_string}\"},\"query-input\":{\"@type\":\"PropertyValueSpecification\",\"valueRequired\":true,\"valueName\":\"search_term_string\"}}],\"inLanguage\":\"fi\"},{\"@type\":\"Organization\",\"@id\":\"https:\\\/\\\/www.citycharge.eu\\\/fi\\\/#organization\",\"name\":\"CityCharge\",\"url\":\"https:\\\/\\\/www.citycharge.eu\\\/fi\\\/\",\"logo\":{\"@type\":\"ImageObject\",\"inLanguage\":\"fi\",\"@id\":\"https:\\\/\\\/www.citycharge.eu\\\/fi\\\/#\\\/schema\\\/logo\\\/image\\\/\",\"url\":\"https:\\\/\\\/www.citycharge.eu\\\/wp-content\\\/uploads\\\/2024\\\/07\\\/Citycharge_payofff_white.svg\",\"contentUrl\":\"https:\\\/\\\/www.citycharge.eu\\\/wp-content\\\/uploads\\\/2024\\\/07\\\/Citycharge_payofff_white.svg\",\"width\":1920,\"height\":530,\"caption\":\"CityCharge\"},\"image\":{\"@id\":\"https:\\\/\\\/www.citycharge.eu\\\/fi\\\/#\\\/schema\\\/logo\\\/image\\\/\"}}]}<\/script>\n<!-- \/ Yoast SEO plugin. -->","yoast_head_json":{"title":"Sivustokartta - CityCharge","robots":{"index":"index","follow":"follow","max-snippet":"max-snippet:-1","max-image-preview":"max-image-preview:large","max-video-preview":"max-video-preview:-1"},"canonical":"https:\/\/www.citycharge.eu\/fi\/sivustokartta\/","og_locale":"fi_FI","og_type":"article","og_title":"Sivustokartta - CityCharge","og_description":"Sivustokartta &#8221;Turvallinen lataus ja pelaaminen \u2013 CityCharge tarjoaa lapsiyst\u00e4v\u00e4llisen ymp\u00e4rist\u00f6n.&#8221; Haluatko my\u00f6s veloittaa huoletta? Oletko kiinnostunut siit\u00e4, mit\u00e4 CityCharge voi tehd\u00e4 kuntasi tai hankkeesi hyv\u00e4ksi? Kerromme mielell\u00e4mme mahdollisuuksista. Ota yhteytt\u00e4 neuvonantajaamme. 085-0716620 Ota yhteytt\u00e4","og_url":"https:\/\/www.citycharge.eu\/fi\/sivustokartta\/","og_site_name":"CityCharge","article_modified_time":"2024-12-24T07:47:28+00:00","twitter_card":"summary_large_image","schema":{"@context":"https:\/\/schema.org","@graph":[{"@type":"WebPage","@id":"https:\/\/www.citycharge.eu\/fi\/sivustokartta\/","url":"https:\/\/www.citycharge.eu\/fi\/sivustokartta\/","name":"Sivustokartta - CityCharge","isPartOf":{"@id":"https:\/\/www.citycharge.eu\/fi\/#website"},"datePublished":"2024-05-13T07:57:42+00:00","dateModified":"2024-12-24T07:47:28+00:00","breadcrumb":{"@id":"https:\/\/www.citycharge.eu\/fi\/sivustokartta\/#breadcrumb"},"inLanguage":"fi","potentialAction":[{"@type":"ReadAction","target":["https:\/\/www.citycharge.eu\/fi\/sivustokartta\/"]}]},{"@type":"BreadcrumbList","@id":"https:\/\/www.citycharge.eu\/fi\/sivustokartta\/#breadcrumb","itemListElement":[{"@type":"ListItem","position":1,"name":"Home","item":"https:\/\/www.citycharge.eu\/fi\/"},{"@type":"ListItem","position":2,"name":"Sivustokartta"}]},{"@type":"WebSite","@id":"https:\/\/www.citycharge.eu\/fi\/#website","url":"https:\/\/www.citycharge.eu\/fi\/","name":"CityCharge","description":"Nieuw licht op laden","publisher":{"@id":"https:\/\/www.citycharge.eu\/fi\/#organization"},"potentialAction":[{"@type":"SearchAction","target":{"@type":"EntryPoint","urlTemplate":"https:\/\/www.citycharge.eu\/fi\/?s={search_term_string}"},"query-input":{"@type":"PropertyValueSpecification","valueRequired":true,"valueName":"search_term_string"}}],"inLanguage":"fi"},{"@type":"Organization","@id":"https:\/\/www.citycharge.eu\/fi\/#organization","name":"CityCharge","url":"https:\/\/www.citycharge.eu\/fi\/","logo":{"@type":"ImageObject","inLanguage":"fi","@id":"https:\/\/www.citycharge.eu\/fi\/#\/schema\/logo\/image\/","url":"https:\/\/www.citycharge.eu\/wp-content\/uploads\/2024\/07\/Citycharge_payofff_white.svg","contentUrl":"https:\/\/www.citycharge.eu\/wp-content\/uploads\/2024\/07\/Citycharge_payofff_white.svg","width":1920,"height":530,"caption":"CityCharge"},"image":{"@id":"https:\/\/www.citycharge.eu\/fi\/#\/schema\/logo\/image\/"}}]}},"_links":{"self":[{"href":"https:\/\/www.citycharge.eu\/fi\/wp-json\/wp\/v2\/pages\/9995","targetHints":{"allow":["GET"]}}],"collection":[{"href":"https:\/\/www.citycharge.eu\/fi\/wp-json\/wp\/v2\/pages"}],"about":[{"href":"https:\/\/www.citycharge.eu\/fi\/wp-json\/wp\/v2\/types\/page"}],"author":[{"embeddable":true,"href":"https:\/\/www.citycharge.eu\/fi\/wp-json\/wp\/v2\/users\/1"}],"replies":[{"embeddable":true,"href":"https:\/\/www.citycharge.eu\/fi\/wp-json\/wp\/v2\/comments?post=9995"}],"version-history":[{"count":1,"href":"https:\/\/www.citycharge.eu\/fi\/wp-json\/wp\/v2\/pages\/9995\/revisions"}],"predecessor-version":[{"id":9998,"href":"https:\/\/www.citycharge.eu\/fi\/wp-json\/wp\/v2\/pages\/9995\/revisions\/9998"}],"wp:attachment":[{"href":"https:\/\/www.citycharge.eu\/fi\/wp-json\/wp\/v2\/media?parent=9995"}],"curies":[{"name":"wp","href":"https:\/\/api.w.org\/{rel}","templated":true}]}}