{"id":9282,"date":"2024-05-12T14:44:40","date_gmt":"2024-05-12T14:44:40","guid":{"rendered":"https:\/\/www.citycharge.eu\/soluzione-di-ricarica\/"},"modified":"2024-12-30T11:06:33","modified_gmt":"2024-12-30T11:06:33","slug":"soluzione-di-ricarica","status":"publish","type":"page","link":"https:\/\/www.citycharge.eu\/it\/soluzione-di-ricarica\/","title":{"rendered":"Soluzione di ricarica"},"content":{"rendered":"\t\t<div data-elementor-type=\"wp-page\" data-elementor-id=\"9282\" class=\"elementor elementor-9282 elementor-540\" data-elementor-post-type=\"page\">\n\t\t\t\t<div class=\"elementor-element elementor-element-4994176 e-flex e-con-boxed e-con e-parent\" data-id=\"4994176\" data-element_type=\"container\" data-e-type=\"container\" data-settings=\"{&quot;background_background&quot;:&quot;classic&quot;}\">\n\t\t\t\t\t<div class=\"e-con-inner\">\n\t\t\t\t<div class=\"elementor-element elementor-element-40facc1 elementor-widget elementor-widget-heading\" data-id=\"40facc1\" data-element_type=\"widget\" data-e-type=\"widget\" data-widget_type=\"heading.default\">\n\t\t\t\t<div class=\"elementor-widget-container\">\n\t\t\t\t\t<h1 class=\"elementor-heading-title elementor-size-default\">Le nostre soluzioni di ricarica<\/h1>\t\t\t\t<\/div>\n\t\t\t\t<\/div>\n\t\t\t\t\t<\/div>\n\t\t\t\t<\/div>\n\t\t<div class=\"elementor-element elementor-element-7f495fc e-flex e-con-boxed e-con e-parent\" data-id=\"7f495fc\" data-element_type=\"container\" data-e-type=\"container\" data-settings=\"{&quot;background_background&quot;:&quot;classic&quot;}\">\n\t\t\t\t\t<div class=\"e-con-inner\">\n\t\t<div class=\"elementor-element elementor-element-1aafc85 e-con-full e-flex e-con e-child\" data-id=\"1aafc85\" data-element_type=\"container\" data-e-type=\"container\">\n\t\t<div class=\"elementor-element elementor-element-3857f01 e-flex e-con-boxed e-con e-child\" data-id=\"3857f01\" data-element_type=\"container\" data-e-type=\"container\" data-settings=\"{&quot;background_background&quot;:&quot;classic&quot;}\">\n\t\t\t\t\t<div class=\"e-con-inner\">\n\t\t\t\t<div class=\"elementor-element elementor-element-296626f elementor-widget elementor-widget-icon-box\" data-id=\"296626f\" data-element_type=\"widget\" data-e-type=\"widget\" data-widget_type=\"icon-box.default\">\n\t\t\t\t<div class=\"elementor-widget-container\">\n\t\t\t\t\t\t\t<div class=\"elementor-icon-box-wrapper\">\n\n\t\t\t\n\t\t\t\t\t\t<div class=\"elementor-icon-box-content\">\n\n\t\t\t\t\t\t\t\t\t<h3 class=\"elementor-icon-box-title\">\n\t\t\t\t\t\t<span  >\n\t\t\t\t\t\t\tComuni\t\t\t\t\t\t<\/span>\n\t\t\t\t\t<\/h3>\n\t\t\t\t\n\t\t\t\t\t\t\t\t\t<p class=\"elementor-icon-box-description\">\n\t\t\t\t\t\tPartner nella mobilit\u00e0 sostenibile\t\t\t\t\t<\/p>\n\t\t\t\t\n\t\t\t<\/div>\n\t\t\t\n\t\t<\/div>\n\t\t\t\t\t\t<\/div>\n\t\t\t\t<\/div>\n\t\t\t\t<div class=\"elementor-element elementor-element-5400956 elementor-align-center elementor-widget elementor-widget-button\" data-id=\"5400956\" data-element_type=\"widget\" data-e-type=\"widget\" data-widget_type=\"button.default\">\n\t\t\t\t<div class=\"elementor-widget-container\">\n\t\t\t\t\t\t\t\t\t<div class=\"elementor-button-wrapper\">\n\t\t\t\t\t<a class=\"elementor-button elementor-button-link elementor-size-sm\" href=\"https:\/\/www.citycharge.eu\/onze-laadoplossingen\/gemeenten\/\">\n\t\t\t\t\t\t<span class=\"elementor-button-content-wrapper\">\n\t\t\t\t\t\t\t\t\t<span class=\"elementor-button-text\">Di pi\u00f9<\/span>\n\t\t\t\t\t<\/span>\n\t\t\t\t\t<\/a>\n\t\t\t\t<\/div>\n\t\t\t\t\t\t\t\t<\/div>\n\t\t\t\t<\/div>\n\t\t\t\t\t<\/div>\n\t\t\t\t<\/div>\n\t\t<div class=\"elementor-element elementor-element-e865e3f e-flex e-con-boxed e-con e-child\" data-id=\"e865e3f\" data-element_type=\"container\" data-e-type=\"container\" data-settings=\"{&quot;background_background&quot;:&quot;classic&quot;}\">\n\t\t\t\t\t<div class=\"e-con-inner\">\n\t\t\t\t<div class=\"elementor-element elementor-element-60a1154 elementor-widget elementor-widget-icon-box\" data-id=\"60a1154\" data-element_type=\"widget\" data-e-type=\"widget\" data-widget_type=\"icon-box.default\">\n\t\t\t\t<div class=\"elementor-widget-container\">\n\t\t\t\t\t\t\t<div class=\"elementor-icon-box-wrapper\">\n\n\t\t\t\n\t\t\t\t\t\t<div class=\"elementor-icon-box-content\">\n\n\t\t\t\t\t\t\t\t\t<h3 class=\"elementor-icon-box-title\">\n\t\t\t\t\t\t<span  >\n\t\t\t\t\t\t\tCPO\t\t\t\t\t\t<\/span>\n\t\t\t\t\t<\/h3>\n\t\t\t\t\n\t\t\t\t\t\t\t\t\t<p class=\"elementor-icon-box-description\">\n\t\t\t\t\t\tIntegrazione nello spazio pubblico\t\t\t\t\t<\/p>\n\t\t\t\t\n\t\t\t<\/div>\n\t\t\t\n\t\t<\/div>\n\t\t\t\t\t\t<\/div>\n\t\t\t\t<\/div>\n\t\t\t\t<div class=\"elementor-element elementor-element-9eb3ed4 elementor-align-center elementor-widget elementor-widget-button\" data-id=\"9eb3ed4\" data-element_type=\"widget\" data-e-type=\"widget\" data-widget_type=\"button.default\">\n\t\t\t\t<div class=\"elementor-widget-container\">\n\t\t\t\t\t\t\t\t\t<div class=\"elementor-button-wrapper\">\n\t\t\t\t\t<a class=\"elementor-button elementor-button-link elementor-size-sm\" href=\"https:\/\/www.citycharge.eu\/onze-laadoplossingen\/cpos\/\">\n\t\t\t\t\t\t<span class=\"elementor-button-content-wrapper\">\n\t\t\t\t\t\t\t\t\t<span class=\"elementor-button-text\">Di pi\u00f9<\/span>\n\t\t\t\t\t<\/span>\n\t\t\t\t\t<\/a>\n\t\t\t\t<\/div>\n\t\t\t\t\t\t\t\t<\/div>\n\t\t\t\t<\/div>\n\t\t\t\t\t<\/div>\n\t\t\t\t<\/div>\n\t\t<div class=\"elementor-element elementor-element-0c14478 e-flex e-con-boxed e-con e-child\" data-id=\"0c14478\" data-element_type=\"container\" data-e-type=\"container\" data-settings=\"{&quot;background_background&quot;:&quot;classic&quot;}\">\n\t\t\t\t\t<div class=\"e-con-inner\">\n\t\t\t\t<div class=\"elementor-element elementor-element-8d89365 elementor-widget elementor-widget-icon-box\" data-id=\"8d89365\" data-element_type=\"widget\" data-e-type=\"widget\" data-widget_type=\"icon-box.default\">\n\t\t\t\t<div class=\"elementor-widget-container\">\n\t\t\t\t\t\t\t<div class=\"elementor-icon-box-wrapper\">\n\n\t\t\t\n\t\t\t\t\t\t<div class=\"elementor-icon-box-content\">\n\n\t\t\t\t\t\t\t\t\t<h3 class=\"elementor-icon-box-title\">\n\t\t\t\t\t\t<span  >\n\t\t\t\t\t\t\tAmministrazioni aggiudicatrici\t\t\t\t\t\t<\/span>\n\t\t\t\t\t<\/h3>\n\t\t\t\t\n\t\t\t\t\t\t\t\t\t<p class=\"elementor-icon-box-description\">\n\t\t\t\t\t\tNon una stazione di ricarica, ma un punto di ricarica\n\t\t\t\t\t<\/p>\n\t\t\t\t\n\t\t\t<\/div>\n\t\t\t\n\t\t<\/div>\n\t\t\t\t\t\t<\/div>\n\t\t\t\t<\/div>\n\t\t\t\t<div class=\"elementor-element elementor-element-2ae49c0 elementor-align-center elementor-widget elementor-widget-button\" data-id=\"2ae49c0\" data-element_type=\"widget\" data-e-type=\"widget\" data-widget_type=\"button.default\">\n\t\t\t\t<div class=\"elementor-widget-container\">\n\t\t\t\t\t\t\t\t\t<div class=\"elementor-button-wrapper\">\n\t\t\t\t\t<a class=\"elementor-button elementor-button-link elementor-size-sm\" href=\"https:\/\/www.citycharge.eu\/it\/soluzione-di-ricarica\/amministrazioni-aggiudicatrici\/\">\n\t\t\t\t\t\t<span class=\"elementor-button-content-wrapper\">\n\t\t\t\t\t\t\t\t\t<span class=\"elementor-button-text\">Di pi\u00f9<\/span>\n\t\t\t\t\t<\/span>\n\t\t\t\t\t<\/a>\n\t\t\t\t<\/div>\n\t\t\t\t\t\t\t\t<\/div>\n\t\t\t\t<\/div>\n\t\t\t\t\t<\/div>\n\t\t\t\t<\/div>\n\t\t\t\t<\/div>\n\t\t<div class=\"elementor-element elementor-element-3181510 e-con-full e-flex e-con e-child\" data-id=\"3181510\" data-element_type=\"container\" data-e-type=\"container\">\n\t\t<div class=\"elementor-element elementor-element-e4f0184 e-flex e-con-boxed e-con e-child\" data-id=\"e4f0184\" data-element_type=\"container\" data-e-type=\"container\" data-settings=\"{&quot;background_background&quot;:&quot;classic&quot;}\">\n\t\t\t\t\t<div class=\"e-con-inner\">\n\t\t\t\t<div class=\"elementor-element elementor-element-d320701 elementor-widget elementor-widget-icon-box\" data-id=\"d320701\" data-element_type=\"widget\" data-e-type=\"widget\" data-widget_type=\"icon-box.default\">\n\t\t\t\t<div class=\"elementor-widget-container\">\n\t\t\t\t\t\t\t<div class=\"elementor-icon-box-wrapper\">\n\n\t\t\t\n\t\t\t\t\t\t<div class=\"elementor-icon-box-content\">\n\n\t\t\t\t\t\t\t\t\t<h3 class=\"elementor-icon-box-title\">\n\t\t\t\t\t\t<span  >\n\t\t\t\t\t\t\tSviluppatori del progetto\t\t\t\t\t\t<\/span>\n\t\t\t\t\t<\/h3>\n\t\t\t\t\n\t\t\t\t\t\t\t\t\t<p class=\"elementor-icon-box-description\">\n\t\t\t\t\t\tFai la differenza con CityCharge\n\t\t\t\t\t<\/p>\n\t\t\t\t\n\t\t\t<\/div>\n\t\t\t\n\t\t<\/div>\n\t\t\t\t\t\t<\/div>\n\t\t\t\t<\/div>\n\t\t\t\t<div class=\"elementor-element elementor-element-01235db elementor-align-center elementor-widget elementor-widget-button\" data-id=\"01235db\" data-element_type=\"widget\" data-e-type=\"widget\" data-widget_type=\"button.default\">\n\t\t\t\t<div class=\"elementor-widget-container\">\n\t\t\t\t\t\t\t\t\t<div class=\"elementor-button-wrapper\">\n\t\t\t\t\t<a class=\"elementor-button elementor-button-link elementor-size-sm\" href=\"https:\/\/www.citycharge.eu\/onze-laadoplossingen\/projectontwikkelaars\/\">\n\t\t\t\t\t\t<span class=\"elementor-button-content-wrapper\">\n\t\t\t\t\t\t\t\t\t<span class=\"elementor-button-text\">Di pi\u00f9<\/span>\n\t\t\t\t\t<\/span>\n\t\t\t\t\t<\/a>\n\t\t\t\t<\/div>\n\t\t\t\t\t\t\t\t<\/div>\n\t\t\t\t<\/div>\n\t\t\t\t\t<\/div>\n\t\t\t\t<\/div>\n\t\t<div class=\"elementor-element elementor-element-d08783c e-flex e-con-boxed e-con e-child\" data-id=\"d08783c\" data-element_type=\"container\" data-e-type=\"container\" data-settings=\"{&quot;background_background&quot;:&quot;classic&quot;}\">\n\t\t\t\t\t<div class=\"e-con-inner\">\n\t\t\t\t<div class=\"elementor-element elementor-element-cd37939 elementor-widget elementor-widget-icon-box\" data-id=\"cd37939\" data-element_type=\"widget\" data-e-type=\"widget\" data-widget_type=\"icon-box.default\">\n\t\t\t\t<div class=\"elementor-widget-container\">\n\t\t\t\t\t\t\t<div class=\"elementor-icon-box-wrapper\">\n\n\t\t\t\n\t\t\t\t\t\t<div class=\"elementor-icon-box-content\">\n\n\t\t\t\t\t\t\t\t\t<h3 class=\"elementor-icon-box-title\">\n\t\t\t\t\t\t<a href=\"https:\/\/www.citycharge.eu\/it\/soluzione-di-ricarica\/societa-di-consulenza\/\" >\n\t\t\t\t\t\t\tSociet\u00e0 di consulenza\t\t\t\t\t\t<\/a>\n\t\t\t\t\t<\/h3>\n\t\t\t\t\n\t\t\t\t\t\t\t\t\t<p class=\"elementor-icon-box-description\">\n\t\t\t\t\t\tInnovazione, sostenibilit\u00e0 e facilit\u00e0 d'uso\t\t\t\t\t<\/p>\n\t\t\t\t\n\t\t\t<\/div>\n\t\t\t\n\t\t<\/div>\n\t\t\t\t\t\t<\/div>\n\t\t\t\t<\/div>\n\t\t\t\t<div class=\"elementor-element elementor-element-f344b2d elementor-align-center elementor-widget elementor-widget-button\" data-id=\"f344b2d\" data-element_type=\"widget\" data-e-type=\"widget\" data-widget_type=\"button.default\">\n\t\t\t\t<div class=\"elementor-widget-container\">\n\t\t\t\t\t\t\t\t\t<div class=\"elementor-button-wrapper\">\n\t\t\t\t\t<a class=\"elementor-button elementor-button-link elementor-size-sm\" href=\"https:\/\/www.citycharge.eu\/it\/soluzione-di-ricarica\/societa-di-consulenza\/\">\n\t\t\t\t\t\t<span class=\"elementor-button-content-wrapper\">\n\t\t\t\t\t\t\t\t\t<span class=\"elementor-button-text\">Di pi\u00f9<\/span>\n\t\t\t\t\t<\/span>\n\t\t\t\t\t<\/a>\n\t\t\t\t<\/div>\n\t\t\t\t\t\t\t\t<\/div>\n\t\t\t\t<\/div>\n\t\t\t\t\t<\/div>\n\t\t\t\t<\/div>\n\t\t<div class=\"elementor-element elementor-element-9649531 e-flex e-con-boxed e-con e-child\" data-id=\"9649531\" data-element_type=\"container\" data-e-type=\"container\" data-settings=\"{&quot;background_background&quot;:&quot;classic&quot;}\">\n\t\t\t\t\t<div class=\"e-con-inner\">\n\t\t\t\t<div class=\"elementor-element elementor-element-8e5b765 elementor-widget elementor-widget-icon-box\" data-id=\"8e5b765\" data-element_type=\"widget\" data-e-type=\"widget\" data-widget_type=\"icon-box.default\">\n\t\t\t\t<div class=\"elementor-widget-container\">\n\t\t\t\t\t\t\t<div class=\"elementor-icon-box-wrapper\">\n\n\t\t\t\n\t\t\t\t\t\t<div class=\"elementor-icon-box-content\">\n\n\t\t\t\t\t\t\t\t\t<h3 class=\"elementor-icon-box-title\">\n\t\t\t\t\t\t<span  >\n\t\t\t\t\t\t\tPartner\t\t\t\t\t\t<\/span>\n\t\t\t\t\t<\/h3>\n\t\t\t\t\n\t\t\t\t\t\t\t\t\t<p class=\"elementor-icon-box-description\">\n\t\t\t\t\t\tGuarda con chi lavoriamo\t\t\t\t\t<\/p>\n\t\t\t\t\n\t\t\t<\/div>\n\t\t\t\n\t\t<\/div>\n\t\t\t\t\t\t<\/div>\n\t\t\t\t<\/div>\n\t\t\t\t<div class=\"elementor-element elementor-element-a4046f7 elementor-align-center elementor-widget elementor-widget-button\" data-id=\"a4046f7\" data-element_type=\"widget\" data-e-type=\"widget\" data-widget_type=\"button.default\">\n\t\t\t\t<div class=\"elementor-widget-container\">\n\t\t\t\t\t\t\t\t\t<div class=\"elementor-button-wrapper\">\n\t\t\t\t\t<a class=\"elementor-button elementor-button-link elementor-size-sm\" href=\"https:\/\/www.citycharge.eu\/it\/partner\/\">\n\t\t\t\t\t\t<span class=\"elementor-button-content-wrapper\">\n\t\t\t\t\t\t\t\t\t<span class=\"elementor-button-text\">Di pi\u00f9<\/span>\n\t\t\t\t\t<\/span>\n\t\t\t\t\t<\/a>\n\t\t\t\t<\/div>\n\t\t\t\t\t\t\t\t<\/div>\n\t\t\t\t<\/div>\n\t\t\t\t\t<\/div>\n\t\t\t\t<\/div>\n\t\t\t\t<\/div>\n\t\t\t\t\t<\/div>\n\t\t\t\t<\/div>\n\t\t<div class=\"elementor-element elementor-element-0bcdd8a e-flex e-con-boxed e-con e-parent\" data-id=\"0bcdd8a\" data-element_type=\"container\" data-e-type=\"container\">\n\t\t\t\t\t<div class=\"e-con-inner\">\n\t\t\t\t<div class=\"elementor-element elementor-element-15a8a7d elementor-widget elementor-widget-heading\" data-id=\"15a8a7d\" data-element_type=\"widget\" data-e-type=\"widget\" data-widget_type=\"heading.default\">\n\t\t\t\t<div class=\"elementor-widget-container\">\n\t\t\t\t\t<h2 class=\"elementor-heading-title elementor-size-default\">Testimonianze<\/h2>\t\t\t\t<\/div>\n\t\t\t\t<\/div>\n\t\t<div class=\"elementor-element elementor-element-2e024d9 e-con-full e-flex e-con e-child\" data-id=\"2e024d9\" data-element_type=\"container\" data-e-type=\"container\">\n\t\t\t\t<\/div>\n\t\t\t\t\t<\/div>\n\t\t\t\t<\/div>\n\t\t<div class=\"elementor-element elementor-element-0bd5222 e-flex e-con-boxed e-con e-parent\" data-id=\"0bd5222\" data-element_type=\"container\" data-e-type=\"container\" data-settings=\"{&quot;background_background&quot;:&quot;classic&quot;}\">\n\t\t\t\t\t<div class=\"e-con-inner\">\n\t\t<div class=\"elementor-element elementor-element-1c0fda2 e-con-full e-flex e-con e-child\" data-id=\"1c0fda2\" data-element_type=\"container\" data-e-type=\"container\" data-settings=\"{&quot;background_background&quot;:&quot;classic&quot;}\">\n\t\t<div class=\"elementor-element elementor-element-9c83d31 e-flex e-con-boxed e-con e-child\" data-id=\"9c83d31\" data-element_type=\"container\" data-e-type=\"container\">\n\t\t\t\t\t<div class=\"e-con-inner\">\n\t\t<div class=\"elementor-element elementor-element-59766db e-flex e-con-boxed e-con e-child\" data-id=\"59766db\" data-element_type=\"container\" data-e-type=\"container\">\n\t\t\t\t\t<div class=\"e-con-inner\">\n\t\t\t\t<div class=\"elementor-element elementor-element-0f26479 elementor-widget elementor-widget-heading\" data-id=\"0f26479\" data-element_type=\"widget\" data-e-type=\"widget\" data-widget_type=\"heading.default\">\n\t\t\t\t<div class=\"elementor-widget-container\">\n\t\t\t\t\t<h3 class=\"elementor-heading-title elementor-size-default\">\u201cNon dovrai pi\u00f9 cercare un punto di ricarica nelle vicinanze. Ideale!\"<\/h3>\t\t\t\t<\/div>\n\t\t\t\t<\/div>\n\t\t\t\t\t<\/div>\n\t\t\t\t<\/div>\n\t\t\t\t\t<\/div>\n\t\t\t\t<\/div>\n\t\t\t\t<\/div>\n\t\t<div class=\"elementor-element elementor-element-812eb5a e-con-full e-flex e-con e-child\" data-id=\"812eb5a\" data-element_type=\"container\" data-e-type=\"container\">\n\t\t\t\t<div class=\"elementor-element elementor-element-0db78b0 elementor-widget elementor-widget-heading\" data-id=\"0db78b0\" data-element_type=\"widget\" data-e-type=\"widget\" data-widget_type=\"heading.default\">\n\t\t\t\t<div class=\"elementor-widget-container\">\n\t\t\t\t\t<h2 class=\"elementor-heading-title elementor-size-default\">Vorresti anche ricaricare senza preoccupazioni?<\/h2>\t\t\t\t<\/div>\n\t\t\t\t<\/div>\n\t\t\t\t<div class=\"elementor-element elementor-element-d83e7aa elementor-widget elementor-widget-text-editor\" data-id=\"d83e7aa\" data-element_type=\"widget\" data-e-type=\"widget\" data-widget_type=\"text-editor.default\">\n\t\t\t\t<div class=\"elementor-widget-container\">\n\t\t\t\t\t\t\t\t\t<p>Sei curioso di sapere cosa pu\u00f2 fare CityCharge per il tuo comune o progetto? Siamo felici di parlarvi delle possibilit\u00e0.   <\/p>\n\t\t\t\t\t\t\t\t<\/div>\n\t\t\t\t<\/div>\n\t\t\t\t<div class=\"elementor-element elementor-element-64b9bf6 elementor-widget elementor-widget-text-editor\" data-id=\"64b9bf6\" data-element_type=\"widget\" data-e-type=\"widget\" data-widget_type=\"text-editor.default\">\n\t\t\t\t<div class=\"elementor-widget-container\">\n\t\t\t\t\t\t\t\t\t<p><strong>Contatta uno dei nostri consulenti.<\/strong><\/p>\n\t\t\t\t\t\t\t\t<\/div>\n\t\t\t\t<\/div>\n\t\t\t\t<div class=\"elementor-element elementor-element-833d6e7 elementor-mobile-align-left elementor-widget elementor-widget-button\" data-id=\"833d6e7\" data-element_type=\"widget\" data-e-type=\"widget\" data-widget_type=\"button.default\">\n\t\t\t\t<div class=\"elementor-widget-container\">\n\t\t\t\t\t\t\t\t\t<div class=\"elementor-button-wrapper\">\n\t\t\t\t\t<a class=\"elementor-button elementor-button-link elementor-size-sm\" href=\"#\">\n\t\t\t\t\t\t<span class=\"elementor-button-content-wrapper\">\n\t\t\t\t\t\t<span class=\"elementor-button-icon\">\n\t\t\t\t<svg aria-hidden=\"true\" class=\"e-font-icon-svg e-fas-phone-alt\" viewBox=\"0 0 512 512\" xmlns=\"http:\/\/www.w3.org\/2000\/svg\"><path d=\"M497.39 361.8l-112-48a24 24 0 0 0-28 6.9l-49.6 60.6A370.66 370.66 0 0 1 130.6 204.11l60.6-49.6a23.94 23.94 0 0 0 6.9-28l-48-112A24.16 24.16 0 0 0 122.6.61l-104 24A24 24 0 0 0 0 48c0 256.5 207.9 464 464 464a24 24 0 0 0 23.4-18.6l24-104a24.29 24.29 0 0 0-14.01-27.6z\"><\/path><\/svg>\t\t\t<\/span>\n\t\t\t\t\t\t\t\t\t<span class=\"elementor-button-text\">085-0716620<\/span>\n\t\t\t\t\t<\/span>\n\t\t\t\t\t<\/a>\n\t\t\t\t<\/div>\n\t\t\t\t\t\t\t\t<\/div>\n\t\t\t\t<\/div>\n\t\t\t\t<div class=\"elementor-element elementor-element-66d3e10 elementor-align-left animated-fast elementor-invisible elementor-widget elementor-widget-button\" data-id=\"66d3e10\" data-element_type=\"widget\" data-e-type=\"widget\" data-settings=\"{&quot;_animation&quot;:&quot;zoomIn&quot;}\" data-widget_type=\"button.default\">\n\t\t\t\t<div class=\"elementor-widget-container\">\n\t\t\t\t\t\t\t\t\t<div class=\"elementor-button-wrapper\">\n\t\t\t\t\t<a class=\"elementor-button elementor-button-link elementor-size-sm\" href=\"https:\/\/www.citycharge.eu\/it\/contatto\/\">\n\t\t\t\t\t\t<span class=\"elementor-button-content-wrapper\">\n\t\t\t\t\t\t\t\t\t<span class=\"elementor-button-text\">Contatto<\/span>\n\t\t\t\t\t<\/span>\n\t\t\t\t\t<\/a>\n\t\t\t\t<\/div>\n\t\t\t\t\t\t\t\t<\/div>\n\t\t\t\t<\/div>\n\t\t\t\t<\/div>\n\t\t\t\t\t<\/div>\n\t\t\t\t<\/div>\n\t\t\t\t<\/div>\n\t\t","protected":false},"excerpt":{"rendered":"<p>Le nostre soluzioni di ricarica Comuni Partner nella mobilit\u00e0 sostenibile Di pi\u00f9 CPO Integrazione nello spazio pubblico Di pi\u00f9 Amministrazioni aggiudicatrici Non una stazione di ricarica, ma un punto di ricarica Di pi\u00f9 Sviluppatori del progetto Fai la differenza con CityCharge Di pi\u00f9 Societ\u00e0 di consulenza Innovazione, sostenibilit\u00e0 e facilit\u00e0 d&#8217;uso Di pi\u00f9 Partner Guarda [&hellip;]<\/p>\n","protected":false},"author":1,"featured_media":0,"parent":0,"menu_order":0,"comment_status":"closed","ping_status":"closed","template":"elementor_header_footer","meta":{"_acf_changed":false,"footnotes":""},"class_list":["post-9282","page","type-page","status-publish","hentry"],"acf":[],"yoast_head":"<!-- This site is optimized with the Yoast SEO plugin v27.5 - https:\/\/yoast.com\/product\/yoast-seo-wordpress\/ -->\n<title>Soluzione di ricarica - CityCharge<\/title>\n<meta name=\"robots\" content=\"index, follow, max-snippet:-1, max-image-preview:large, max-video-preview:-1\" \/>\n<link rel=\"canonical\" href=\"https:\/\/www.citycharge.eu\/it\/soluzione-di-ricarica\/\" \/>\n<meta property=\"og:locale\" content=\"it_IT\" \/>\n<meta property=\"og:type\" content=\"article\" \/>\n<meta property=\"og:title\" content=\"Soluzione di ricarica - CityCharge\" \/>\n<meta property=\"og:description\" content=\"Le nostre soluzioni di ricarica Comuni Partner nella mobilit\u00e0 sostenibile Di pi\u00f9 CPO Integrazione nello spazio pubblico Di pi\u00f9 Amministrazioni aggiudicatrici Non una stazione di ricarica, ma un punto di ricarica Di pi\u00f9 Sviluppatori del progetto Fai la differenza con CityCharge Di pi\u00f9 Societ\u00e0 di consulenza Innovazione, sostenibilit\u00e0 e facilit\u00e0 d&#8217;uso Di pi\u00f9 Partner Guarda [&hellip;]\" \/>\n<meta property=\"og:url\" content=\"https:\/\/www.citycharge.eu\/it\/soluzione-di-ricarica\/\" \/>\n<meta property=\"og:site_name\" content=\"CityCharge\" \/>\n<meta property=\"article:modified_time\" content=\"2024-12-30T11:06:33+00:00\" \/>\n<meta name=\"twitter:card\" content=\"summary_large_image\" \/>\n<meta name=\"twitter:label1\" content=\"Tempo di lettura stimato\" \/>\n\t<meta name=\"twitter:data1\" content=\"1 minuto\" \/>\n<script type=\"application\/ld+json\" class=\"yoast-schema-graph\">{\"@context\":\"https:\\\/\\\/schema.org\",\"@graph\":[{\"@type\":\"WebPage\",\"@id\":\"https:\\\/\\\/www.citycharge.eu\\\/it\\\/soluzione-di-ricarica\\\/\",\"url\":\"https:\\\/\\\/www.citycharge.eu\\\/it\\\/soluzione-di-ricarica\\\/\",\"name\":\"Soluzione di ricarica - CityCharge\",\"isPartOf\":{\"@id\":\"https:\\\/\\\/www.citycharge.eu\\\/it\\\/#website\"},\"datePublished\":\"2024-05-12T14:44:40+00:00\",\"dateModified\":\"2024-12-30T11:06:33+00:00\",\"breadcrumb\":{\"@id\":\"https:\\\/\\\/www.citycharge.eu\\\/it\\\/soluzione-di-ricarica\\\/#breadcrumb\"},\"inLanguage\":\"it-IT\",\"potentialAction\":[{\"@type\":\"ReadAction\",\"target\":[\"https:\\\/\\\/www.citycharge.eu\\\/it\\\/soluzione-di-ricarica\\\/\"]}]},{\"@type\":\"BreadcrumbList\",\"@id\":\"https:\\\/\\\/www.citycharge.eu\\\/it\\\/soluzione-di-ricarica\\\/#breadcrumb\",\"itemListElement\":[{\"@type\":\"ListItem\",\"position\":1,\"name\":\"Home\",\"item\":\"https:\\\/\\\/www.citycharge.eu\\\/it\\\/\"},{\"@type\":\"ListItem\",\"position\":2,\"name\":\"Soluzione di ricarica\"}]},{\"@type\":\"WebSite\",\"@id\":\"https:\\\/\\\/www.citycharge.eu\\\/it\\\/#website\",\"url\":\"https:\\\/\\\/www.citycharge.eu\\\/it\\\/\",\"name\":\"CityCharge\",\"description\":\"Nieuw licht op laden\",\"publisher\":{\"@id\":\"https:\\\/\\\/www.citycharge.eu\\\/it\\\/#organization\"},\"potentialAction\":[{\"@type\":\"SearchAction\",\"target\":{\"@type\":\"EntryPoint\",\"urlTemplate\":\"https:\\\/\\\/www.citycharge.eu\\\/it\\\/?s={search_term_string}\"},\"query-input\":{\"@type\":\"PropertyValueSpecification\",\"valueRequired\":true,\"valueName\":\"search_term_string\"}}],\"inLanguage\":\"it-IT\"},{\"@type\":\"Organization\",\"@id\":\"https:\\\/\\\/www.citycharge.eu\\\/it\\\/#organization\",\"name\":\"CityCharge\",\"url\":\"https:\\\/\\\/www.citycharge.eu\\\/it\\\/\",\"logo\":{\"@type\":\"ImageObject\",\"inLanguage\":\"it-IT\",\"@id\":\"https:\\\/\\\/www.citycharge.eu\\\/it\\\/#\\\/schema\\\/logo\\\/image\\\/\",\"url\":\"https:\\\/\\\/www.citycharge.eu\\\/wp-content\\\/uploads\\\/2024\\\/07\\\/Citycharge_payofff_white.svg\",\"contentUrl\":\"https:\\\/\\\/www.citycharge.eu\\\/wp-content\\\/uploads\\\/2024\\\/07\\\/Citycharge_payofff_white.svg\",\"width\":1920,\"height\":530,\"caption\":\"CityCharge\"},\"image\":{\"@id\":\"https:\\\/\\\/www.citycharge.eu\\\/it\\\/#\\\/schema\\\/logo\\\/image\\\/\"}}]}<\/script>\n<!-- \/ Yoast SEO plugin. -->","yoast_head_json":{"title":"Soluzione di ricarica - CityCharge","robots":{"index":"index","follow":"follow","max-snippet":"max-snippet:-1","max-image-preview":"max-image-preview:large","max-video-preview":"max-video-preview:-1"},"canonical":"https:\/\/www.citycharge.eu\/it\/soluzione-di-ricarica\/","og_locale":"it_IT","og_type":"article","og_title":"Soluzione di ricarica - CityCharge","og_description":"Le nostre soluzioni di ricarica Comuni Partner nella mobilit\u00e0 sostenibile Di pi\u00f9 CPO Integrazione nello spazio pubblico Di pi\u00f9 Amministrazioni aggiudicatrici Non una stazione di ricarica, ma un punto di ricarica Di pi\u00f9 Sviluppatori del progetto Fai la differenza con CityCharge Di pi\u00f9 Societ\u00e0 di consulenza Innovazione, sostenibilit\u00e0 e facilit\u00e0 d&#8217;uso Di pi\u00f9 Partner Guarda [&hellip;]","og_url":"https:\/\/www.citycharge.eu\/it\/soluzione-di-ricarica\/","og_site_name":"CityCharge","article_modified_time":"2024-12-30T11:06:33+00:00","twitter_card":"summary_large_image","twitter_misc":{"Tempo di lettura stimato":"1 minuto"},"schema":{"@context":"https:\/\/schema.org","@graph":[{"@type":"WebPage","@id":"https:\/\/www.citycharge.eu\/it\/soluzione-di-ricarica\/","url":"https:\/\/www.citycharge.eu\/it\/soluzione-di-ricarica\/","name":"Soluzione di ricarica - CityCharge","isPartOf":{"@id":"https:\/\/www.citycharge.eu\/it\/#website"},"datePublished":"2024-05-12T14:44:40+00:00","dateModified":"2024-12-30T11:06:33+00:00","breadcrumb":{"@id":"https:\/\/www.citycharge.eu\/it\/soluzione-di-ricarica\/#breadcrumb"},"inLanguage":"it-IT","potentialAction":[{"@type":"ReadAction","target":["https:\/\/www.citycharge.eu\/it\/soluzione-di-ricarica\/"]}]},{"@type":"BreadcrumbList","@id":"https:\/\/www.citycharge.eu\/it\/soluzione-di-ricarica\/#breadcrumb","itemListElement":[{"@type":"ListItem","position":1,"name":"Home","item":"https:\/\/www.citycharge.eu\/it\/"},{"@type":"ListItem","position":2,"name":"Soluzione di ricarica"}]},{"@type":"WebSite","@id":"https:\/\/www.citycharge.eu\/it\/#website","url":"https:\/\/www.citycharge.eu\/it\/","name":"CityCharge","description":"Nieuw licht op laden","publisher":{"@id":"https:\/\/www.citycharge.eu\/it\/#organization"},"potentialAction":[{"@type":"SearchAction","target":{"@type":"EntryPoint","urlTemplate":"https:\/\/www.citycharge.eu\/it\/?s={search_term_string}"},"query-input":{"@type":"PropertyValueSpecification","valueRequired":true,"valueName":"search_term_string"}}],"inLanguage":"it-IT"},{"@type":"Organization","@id":"https:\/\/www.citycharge.eu\/it\/#organization","name":"CityCharge","url":"https:\/\/www.citycharge.eu\/it\/","logo":{"@type":"ImageObject","inLanguage":"it-IT","@id":"https:\/\/www.citycharge.eu\/it\/#\/schema\/logo\/image\/","url":"https:\/\/www.citycharge.eu\/wp-content\/uploads\/2024\/07\/Citycharge_payofff_white.svg","contentUrl":"https:\/\/www.citycharge.eu\/wp-content\/uploads\/2024\/07\/Citycharge_payofff_white.svg","width":1920,"height":530,"caption":"CityCharge"},"image":{"@id":"https:\/\/www.citycharge.eu\/it\/#\/schema\/logo\/image\/"}}]}},"_links":{"self":[{"href":"https:\/\/www.citycharge.eu\/it\/wp-json\/wp\/v2\/pages\/9282","targetHints":{"allow":["GET"]}}],"collection":[{"href":"https:\/\/www.citycharge.eu\/it\/wp-json\/wp\/v2\/pages"}],"about":[{"href":"https:\/\/www.citycharge.eu\/it\/wp-json\/wp\/v2\/types\/page"}],"author":[{"embeddable":true,"href":"https:\/\/www.citycharge.eu\/it\/wp-json\/wp\/v2\/users\/1"}],"replies":[{"embeddable":true,"href":"https:\/\/www.citycharge.eu\/it\/wp-json\/wp\/v2\/comments?post=9282"}],"version-history":[{"count":2,"href":"https:\/\/www.citycharge.eu\/it\/wp-json\/wp\/v2\/pages\/9282\/revisions"}],"predecessor-version":[{"id":10581,"href":"https:\/\/www.citycharge.eu\/it\/wp-json\/wp\/v2\/pages\/9282\/revisions\/10581"}],"wp:attachment":[{"href":"https:\/\/www.citycharge.eu\/it\/wp-json\/wp\/v2\/media?parent=9282"}],"curies":[{"name":"wp","href":"https:\/\/api.w.org\/{rel}","templated":true}]}}