{"id":10003,"date":"2024-05-13T07:57:42","date_gmt":"2024-05-13T07:57:42","guid":{"rendered":"https:\/\/www.citycharge.eu\/sitemap\/"},"modified":"2024-12-24T07:47:28","modified_gmt":"2024-12-24T07:47:28","slug":"sitemap","status":"publish","type":"page","link":"https:\/\/www.citycharge.eu\/no\/sitemap\/","title":{"rendered":"Sitemap"},"content":{"rendered":"\t\t<div data-elementor-type=\"wp-page\" data-elementor-id=\"10003\" class=\"elementor elementor-10003 elementor-655\" data-elementor-post-type=\"page\">\n\t\t\t\t<div class=\"elementor-element elementor-element-4994176 e-flex e-con-boxed e-con e-parent\" data-id=\"4994176\" data-element_type=\"container\" data-e-type=\"container\" data-settings=\"{&quot;background_background&quot;:&quot;classic&quot;}\">\n\t\t\t\t\t<div class=\"e-con-inner\">\n\t\t\t\t<div class=\"elementor-element elementor-element-40facc1 elementor-widget elementor-widget-heading\" data-id=\"40facc1\" data-element_type=\"widget\" data-e-type=\"widget\" data-widget_type=\"heading.default\">\n\t\t\t\t<div class=\"elementor-widget-container\">\n\t\t\t\t\t<h1 class=\"elementor-heading-title elementor-size-default\">Sitemap  <\/h1>\t\t\t\t<\/div>\n\t\t\t\t<\/div>\n\t\t\t\t\t<\/div>\n\t\t\t\t<\/div>\n\t\t<div class=\"elementor-element elementor-element-e83b362 linkzwart e-flex e-con-boxed e-con e-parent\" data-id=\"e83b362\" data-element_type=\"container\" data-e-type=\"container\" data-settings=\"{&quot;background_background&quot;:&quot;classic&quot;}\">\n\t\t\t\t\t<div class=\"e-con-inner\">\n\t\t<div class=\"elementor-element elementor-element-9d4b3fe e-con-full e-flex e-con e-child\" data-id=\"9d4b3fe\" data-element_type=\"container\" data-e-type=\"container\">\n\t\t\t\t<div class=\"elementor-element elementor-element-10b9202 elementor-widget elementor-widget-text-editor\" data-id=\"10b9202\" data-element_type=\"widget\" data-e-type=\"widget\" data-widget_type=\"text-editor.default\">\n\t\t\t\t<div class=\"elementor-widget-container\">\n\t\t\t\t\t\t\t\t\t<ul>\n<li><div class=\"wsp-container\"><h2 class=\"wsp-posts-title\">Posts by category<\/h2>\n<ul class=\"wsp-posts-list\">\n\t<li><strong class=\"wsp-category-title\">Category: <a href=\"https:\/\/www.citycharge.eu\/no\/category\/nyheter-no\/\">Nyheter<\/a><\/strong>\n<ul class=\"wsp-posts-list\">\t\t<li class=\"wsp-post\"><a href=\"https:\/\/www.citycharge.eu\/no\/open-charge-alliance-core-sertifikat\/\">Open Charge Alliance Core-sertifikat<\/a><\/li>\n\t\t<li class=\"wsp-post\"><a href=\"https:\/\/www.citycharge.eu\/no\/citycharge-til-stede-pa-sail-amsterdam\/\">CityCharge til stede p\u00e5 SAIL Amsterdam<\/a><\/li>\n\t\t<li class=\"wsp-post\"><a href=\"https:\/\/www.citycharge.eu\/no\/oostnl-investering-for-smarte-ladepunkter-i-lyktestolper\/\">OostNL: Investering for smarte ladepunkter i lyktestolper<\/a><\/li>\n\t\t<li class=\"wsp-post\"><a href=\"https:\/\/www.citycharge.eu\/no\/en-forste-for-eindhoven-og-andre-i-nederland-lyktestolpe-med-stikkontakt-for-a-lade-elbiler\/\">En f\u00f8rste for Eindhoven (og andre i Nederland): lyktestolpe med stikkontakt for \u00e5 lade elbiler<\/a><\/li>\n\t\t<li class=\"wsp-post\"><a href=\"https:\/\/www.citycharge.eu\/no\/lading-av-bil-ved-lyktestolpe-vil-snart-vaere-mulig-i-zaltbommel-brakel-far-gateplugger\/\">Lading av bil ved lyktestolpe vil snart v\u00e6re mulig i Zaltbommel, Brakel f\u00e5r gateplugger<\/a><\/li>\n\t\t<li class=\"wsp-post\"><a href=\"https:\/\/www.citycharge.eu\/no\/nye-ladelyktestolper-i-arnhem\/\">Nye ladelyktestolper i Arnhem<\/a><\/li>\n\t\t<li class=\"wsp-post\"><a href=\"https:\/\/www.citycharge.eu\/no\/den-smarte-lysstolpen-er-na-ogsa-et-faktum-i-renkum\/\">Den smarte lysstolpen er n\u00e5 ogs\u00e5 et faktum i Renkum<\/a><\/li>\n\t\t<li class=\"wsp-post\"><a href=\"https:\/\/www.citycharge.eu\/no\/primevest-forvandler-lyktestolpen-til-smart-ladepunkt-for-a-legge-til-rette-for-eksplosiv-vekst-av-elbiler\/\">Primevest forvandler lyktestolpen til smart ladepunkt for \u00e5 legge til rette for eksplosiv vekst av elbiler<\/a><\/li>\n<\/ul><\/li>\n\t<li><strong class=\"wsp-category-title\">Category: <a href=\"https:\/\/www.citycharge.eu\/no\/category\/saker\/\">Saker<\/a><\/strong>\n<ul class=\"wsp-posts-list\">\t\t<li class=\"wsp-post\"><a href=\"https:\/\/www.citycharge.eu\/no\/ladestasjon-i-frankrike\/\">Ladestasjon i Frankrike<\/a><\/li>\n\t\t<li class=\"wsp-post\"><a href=\"https:\/\/www.citycharge.eu\/no\/tilburg-kommune\/\">Tilburg kommune<\/a><\/li>\n\t\t<li class=\"wsp-post\"><a href=\"https:\/\/www.citycharge.eu\/no\/eemsdelta-kommune\/\">Eemsdelta kommune<\/a><\/li>\n\t\t<li class=\"wsp-post\"><a href=\"https:\/\/www.citycharge.eu\/no\/kommune-haarlemmermeer\/\">Kommune Haarlemmermeer<\/a><\/li>\n\t\t<li class=\"wsp-post\"><a href=\"https:\/\/www.citycharge.eu\/no\/leiderdorp-kommune\/\">Leiderdorp kommune<\/a><\/li>\n\t\t<li class=\"wsp-post\"><a href=\"https:\/\/www.citycharge.eu\/no\/deventer-kommune\/\">Deventer kommune<\/a><\/li>\n\t\t<li class=\"wsp-post\"><a href=\"https:\/\/www.citycharge.eu\/no\/arnhem-kommune\/\">Arnhem kommune<\/a><\/li>\n\t\t<li class=\"wsp-post\"><a href=\"https:\/\/www.citycharge.eu\/no\/zaltbommel-kommune\/\">Zaltbommel kommune<\/a><\/li>\n\t\t<li class=\"wsp-post\"><a href=\"https:\/\/www.citycharge.eu\/no\/eindhoven-kommune\/\">Eindhoven kommune<\/a><\/li>\n\t\t<li class=\"wsp-post\"><a href=\"https:\/\/www.citycharge.eu\/no\/renkum-kommune\/\">Renkum kommune<\/a><\/li>\n\t\t<li class=\"wsp-post\"><a href=\"https:\/\/www.citycharge.eu\/no\/oosterhout-kommune\/\">Oosterhout kommune<\/a><\/li>\n\t\t<li class=\"wsp-post\"><a href=\"https:\/\/www.citycharge.eu\/no\/alkmaar-kommune\/\">Alkmaar kommune<\/a><\/li>\n<\/ul><\/li>\n<\/ul>\n<\/div><\/li>\n<\/ul>\n\t\t\t\t\t\t\t\t<\/div>\n\t\t\t\t<\/div>\n\t\t\t\t<\/div>\n\t\t<div class=\"elementor-element elementor-element-60ea742 e-con-full e-flex e-con e-child\" data-id=\"60ea742\" data-element_type=\"container\" data-e-type=\"container\">\n\t\t\t\t<div class=\"elementor-element elementor-element-2d2792b elementor-widget elementor-widget-text-editor\" data-id=\"2d2792b\" data-element_type=\"widget\" data-e-type=\"widget\" data-widget_type=\"text-editor.default\">\n\t\t\t\t<div class=\"elementor-widget-container\">\n\t\t\t\t\t\t\t\t\t<ul>\n<li><div class=\"wsp-container\"><h2 class=\"wsp-pages-title\">Pages<\/h2>\n<ul class=\"wsp-pages-list\">\n<li class=\"page_item page-item-9881\"><a href=\"https:\/\/www.citycharge.eu\/no\/ansvarsfraskrivelse\/\">Ansvarsfraskrivelse<\/a><\/li>\n<li class=\"page_item page-item-9317\"><a href=\"https:\/\/www.citycharge.eu\/no\/brosjyre\/\">Brosjyre<\/a><\/li>\n<li class=\"page_item page-item-9923\"><a href=\"https:\/\/www.citycharge.eu\/no\/de-gikk-foran-deg\/\">De gikk foran deg<\/a><\/li>\n<li class=\"page_item page-item-11425\"><a href=\"https:\/\/www.citycharge.eu\/no\/fordelene-med-innovative-ladelysmaster\/\">Fordelene med innovative ladelysmaster<\/a><\/li>\n<li class=\"page_item page-item-9190\"><a href=\"https:\/\/www.citycharge.eu\/no\/\">Hjem<\/a><\/li>\n<li class=\"page_item page-item-9468\"><a href=\"https:\/\/www.citycharge.eu\/no\/beregningsverktoy\/\">Hurtigskanning<\/a><\/li>\n<li class=\"page_item page-item-9235\"><a href=\"https:\/\/www.citycharge.eu\/no\/kontakt\/\">Kontakt<\/a><\/li>\n<li class=\"page_item page-item-9231\"><a href=\"https:\/\/www.citycharge.eu\/no\/kontaktskjema-takkeside\/\">Kontaktskjema takkeside<\/a><\/li>\n<li class=\"page_item page-item-9283 page_item_has_children\"><a href=\"https:\/\/www.citycharge.eu\/no\/ladelosning\/\">Ladel\u00f8sning<\/a>\n<ul class='children'>\n\t<li class=\"page_item page-item-10096\"><a href=\"https:\/\/www.citycharge.eu\/no\/ladelosning\/cpoer\/\">CPOer<\/a><\/li>\n\t<li class=\"page_item page-item-9253\"><a href=\"https:\/\/www.citycharge.eu\/no\/ladelosning\/kommuner\/\">Kommuner<\/a><\/li>\n\t<li class=\"page_item page-item-10039\"><a href=\"https:\/\/www.citycharge.eu\/no\/ladelosning\/konsulentfirmaer\/\">Konsulentfirmaer<\/a><\/li>\n\t<li class=\"page_item page-item-10092\"><a href=\"https:\/\/www.citycharge.eu\/no\/ladelosning\/oppdragsgivere\/\">Oppdragsgivere<\/a><\/li>\n\t<li class=\"page_item page-item-10066\"><a href=\"https:\/\/www.citycharge.eu\/no\/ladelosning\/prosjektutviklere\/\">Prosjektutviklere<\/a><\/li>\n<\/ul>\n<\/li>\n<li class=\"page_item page-item-9340\"><a href=\"https:\/\/www.citycharge.eu\/no\/nedlastingsbrosjyre-for-takkeside\/\">Nedlastingsbrosjyre for takkeside<\/a><\/li>\n<li class=\"page_item page-item-9976\"><a href=\"https:\/\/www.citycharge.eu\/no\/nyheter\/\">Nyheter<\/a><\/li>\n<li class=\"page_item page-item-9198\"><a href=\"https:\/\/www.citycharge.eu\/no\/om-oss\/\">Om oss<\/a><\/li>\n<li class=\"page_item page-item-9952\"><a href=\"https:\/\/www.citycharge.eu\/no\/partnere\/\">Partnere<\/a><\/li>\n<li class=\"page_item page-item-10018\"><a href=\"https:\/\/www.citycharge.eu\/no\/personvernerklaering\/\">Personvernerkl\u00e6ring<\/a><\/li>\n<li class=\"page_item page-item-9445\"><a href=\"https:\/\/www.citycharge.eu\/no\/retningslinjer-for-informasjonskapsler\/\">Retningslinjer for informasjonskapsler<\/a><\/li>\n<li class=\"page_item page-item-10003\"><a href=\"https:\/\/www.citycharge.eu\/no\/sitemap\/\">Sitemap<\/a><\/li>\n<li class=\"page_item page-item-9854\"><a href=\"https:\/\/www.citycharge.eu\/no\/takk-side-nedlasting-spesifikasjoner\/\">Takk side nedlasting spesifikasjoner<\/a><\/li>\n<li class=\"page_item page-item-9825\"><a href=\"https:\/\/www.citycharge.eu\/no\/tekniske-spesifikasjoner\/\">Tekniske spesifikasjoner<\/a><\/li>\n<\/ul>\n<\/div><\/li>\n<\/ul>\n\t\t\t\t\t\t\t\t<\/div>\n\t\t\t\t<\/div>\n\t\t\t\t<\/div>\n\t\t\t\t\t<\/div>\n\t\t\t\t<\/div>\n\t\t<div class=\"elementor-element elementor-element-5bdfffa e-flex e-con-boxed e-con e-parent\" data-id=\"5bdfffa\" data-element_type=\"container\" data-e-type=\"container\" data-settings=\"{&quot;background_background&quot;:&quot;classic&quot;}\">\n\t\t\t\t\t<div class=\"e-con-inner\">\n\t\t<div class=\"elementor-element elementor-element-9c0d534 e-con-full e-flex e-con e-child\" data-id=\"9c0d534\" data-element_type=\"container\" data-e-type=\"container\" data-settings=\"{&quot;background_background&quot;:&quot;classic&quot;}\">\n\t\t<div class=\"elementor-element elementor-element-daf70e3 e-flex e-con-boxed e-con e-child\" data-id=\"daf70e3\" data-element_type=\"container\" data-e-type=\"container\">\n\t\t\t\t\t<div class=\"e-con-inner\">\n\t\t<div class=\"elementor-element elementor-element-9be657b e-flex e-con-boxed e-con e-child\" data-id=\"9be657b\" data-element_type=\"container\" data-e-type=\"container\">\n\t\t\t\t\t<div class=\"e-con-inner\">\n\t\t\t\t<div class=\"elementor-element elementor-element-20a910c elementor-widget elementor-widget-heading\" data-id=\"20a910c\" data-element_type=\"widget\" data-e-type=\"widget\" data-widget_type=\"heading.default\">\n\t\t\t\t<div class=\"elementor-widget-container\">\n\t\t\t\t\t<h3 class=\"elementor-heading-title elementor-size-default\">\"Sikker lading og lek \u2013 CityCharge gir et barnevennlig milj\u00f8.\"<\/h3>\t\t\t\t<\/div>\n\t\t\t\t<\/div>\n\t\t\t\t\t<\/div>\n\t\t\t\t<\/div>\n\t\t\t\t\t<\/div>\n\t\t\t\t<\/div>\n\t\t\t\t<\/div>\n\t\t<div class=\"elementor-element elementor-element-35fd8d1 e-con-full e-flex e-con e-child\" data-id=\"35fd8d1\" data-element_type=\"container\" data-e-type=\"container\">\n\t\t\t\t<div class=\"elementor-element elementor-element-b99b5e3 elementor-widget elementor-widget-text-editor\" data-id=\"b99b5e3\" data-element_type=\"widget\" data-e-type=\"widget\" data-widget_type=\"text-editor.default\">\n\t\t\t\t<div class=\"elementor-widget-container\">\n\t\t\t\t\t\t\t\t\t<h2>Vil du ogs\u00e5 lade bekymringsfritt?<\/h2>\n\t\t\t\t\t\t\t\t<\/div>\n\t\t\t\t<\/div>\n\t\t\t\t<div class=\"elementor-element elementor-element-b9db6f6 elementor-widget elementor-widget-text-editor\" data-id=\"b9db6f6\" data-element_type=\"widget\" data-e-type=\"widget\" data-widget_type=\"text-editor.default\">\n\t\t\t\t<div class=\"elementor-widget-container\">\n\t\t\t\t\t\t\t\t\t<p>Er du nysgjerrig p\u00e5 hva CityCharge kan gj\u00f8re for din kommune eller ditt prosjekt? Vi forteller deg gjerne om mulighetene.   <\/p>\n\t\t\t\t\t\t\t\t<\/div>\n\t\t\t\t<\/div>\n\t\t\t\t<div class=\"elementor-element elementor-element-a646ef4 elementor-widget elementor-widget-text-editor\" data-id=\"a646ef4\" data-element_type=\"widget\" data-e-type=\"widget\" data-widget_type=\"text-editor.default\">\n\t\t\t\t<div class=\"elementor-widget-container\">\n\t\t\t\t\t\t\t\t\t<p><strong>Ta kontakt med en av v\u00e5re r\u00e5dgivere.<\/strong><\/p>\n\t\t\t\t\t\t\t\t<\/div>\n\t\t\t\t<\/div>\n\t\t\t\t<div class=\"elementor-element elementor-element-f75e8fd elementor-mobile-align-left elementor-widget elementor-widget-button\" data-id=\"f75e8fd\" data-element_type=\"widget\" data-e-type=\"widget\" data-widget_type=\"button.default\">\n\t\t\t\t<div class=\"elementor-widget-container\">\n\t\t\t\t\t\t\t\t\t<div class=\"elementor-button-wrapper\">\n\t\t\t\t\t<a class=\"elementor-button elementor-button-link elementor-size-sm\" href=\"http:\/\/+31850716620\">\n\t\t\t\t\t\t<span class=\"elementor-button-content-wrapper\">\n\t\t\t\t\t\t<span class=\"elementor-button-icon\">\n\t\t\t\t<svg aria-hidden=\"true\" class=\"e-font-icon-svg e-fas-phone-alt\" viewBox=\"0 0 512 512\" xmlns=\"http:\/\/www.w3.org\/2000\/svg\"><path d=\"M497.39 361.8l-112-48a24 24 0 0 0-28 6.9l-49.6 60.6A370.66 370.66 0 0 1 130.6 204.11l60.6-49.6a23.94 23.94 0 0 0 6.9-28l-48-112A24.16 24.16 0 0 0 122.6.61l-104 24A24 24 0 0 0 0 48c0 256.5 207.9 464 464 464a24 24 0 0 0 23.4-18.6l24-104a24.29 24.29 0 0 0-14.01-27.6z\"><\/path><\/svg>\t\t\t<\/span>\n\t\t\t\t\t\t\t\t\t<span class=\"elementor-button-text\">085-0716620<\/span>\n\t\t\t\t\t<\/span>\n\t\t\t\t\t<\/a>\n\t\t\t\t<\/div>\n\t\t\t\t\t\t\t\t<\/div>\n\t\t\t\t<\/div>\n\t\t\t\t<div class=\"elementor-element elementor-element-30ef0cc elementor-align-left animated-fast elementor-invisible elementor-widget elementor-widget-button\" data-id=\"30ef0cc\" data-element_type=\"widget\" data-e-type=\"widget\" data-settings=\"{&quot;_animation&quot;:&quot;zoomIn&quot;}\" data-widget_type=\"button.default\">\n\t\t\t\t<div class=\"elementor-widget-container\">\n\t\t\t\t\t\t\t\t\t<div class=\"elementor-button-wrapper\">\n\t\t\t\t\t<a class=\"elementor-button elementor-button-link elementor-size-sm\" href=\"https:\/\/www.citycharge.eu\/no\/kontakt\/\">\n\t\t\t\t\t\t<span class=\"elementor-button-content-wrapper\">\n\t\t\t\t\t\t\t\t\t<span class=\"elementor-button-text\">Kontakt<\/span>\n\t\t\t\t\t<\/span>\n\t\t\t\t\t<\/a>\n\t\t\t\t<\/div>\n\t\t\t\t\t\t\t\t<\/div>\n\t\t\t\t<\/div>\n\t\t\t\t<\/div>\n\t\t\t\t\t<\/div>\n\t\t\t\t<\/div>\n\t\t\t\t<\/div>\n\t\t","protected":false},"excerpt":{"rendered":"<p>Sitemap &laquo;Sikker lading og lek \u2013 CityCharge gir et barnevennlig milj\u00f8.&raquo; Vil du ogs\u00e5 lade bekymringsfritt? Er du nysgjerrig p\u00e5 hva CityCharge kan gj\u00f8re for din kommune eller ditt prosjekt? Vi forteller deg gjerne om mulighetene. Ta kontakt med en av v\u00e5re r\u00e5dgivere. 085-0716620 Kontakt<\/p>\n","protected":false},"author":1,"featured_media":0,"parent":0,"menu_order":0,"comment_status":"closed","ping_status":"closed","template":"elementor_header_footer","meta":{"_acf_changed":false,"footnotes":""},"class_list":["post-10003","page","type-page","status-publish","hentry"],"acf":[],"yoast_head":"<!-- This site is optimized with the Yoast SEO plugin v27.4 - https:\/\/yoast.com\/product\/yoast-seo-wordpress\/ -->\n<title>Sitemap - CityCharge<\/title>\n<meta name=\"robots\" content=\"index, follow, max-snippet:-1, max-image-preview:large, max-video-preview:-1\" \/>\n<link rel=\"canonical\" href=\"https:\/\/www.citycharge.eu\/no\/sitemap\/\" \/>\n<meta property=\"og:locale\" content=\"nb_NO\" \/>\n<meta property=\"og:type\" content=\"article\" \/>\n<meta property=\"og:title\" content=\"Sitemap - CityCharge\" \/>\n<meta property=\"og:description\" content=\"Sitemap &laquo;Sikker lading og lek \u2013 CityCharge gir et barnevennlig milj\u00f8.&raquo; Vil du ogs\u00e5 lade bekymringsfritt? Er du nysgjerrig p\u00e5 hva CityCharge kan gj\u00f8re for din kommune eller ditt prosjekt? Vi forteller deg gjerne om mulighetene. Ta kontakt med en av v\u00e5re r\u00e5dgivere. 085-0716620 Kontakt\" \/>\n<meta property=\"og:url\" content=\"https:\/\/www.citycharge.eu\/no\/sitemap\/\" \/>\n<meta property=\"og:site_name\" content=\"CityCharge\" \/>\n<meta property=\"article:modified_time\" content=\"2024-12-24T07:47:28+00:00\" \/>\n<meta name=\"twitter:card\" content=\"summary_large_image\" \/>\n<script type=\"application\/ld+json\" class=\"yoast-schema-graph\">{\"@context\":\"https:\\\/\\\/schema.org\",\"@graph\":[{\"@type\":\"WebPage\",\"@id\":\"https:\\\/\\\/www.citycharge.eu\\\/no\\\/sitemap\\\/\",\"url\":\"https:\\\/\\\/www.citycharge.eu\\\/no\\\/sitemap\\\/\",\"name\":\"Sitemap - CityCharge\",\"isPartOf\":{\"@id\":\"https:\\\/\\\/www.citycharge.eu\\\/no\\\/#website\"},\"datePublished\":\"2024-05-13T07:57:42+00:00\",\"dateModified\":\"2024-12-24T07:47:28+00:00\",\"breadcrumb\":{\"@id\":\"https:\\\/\\\/www.citycharge.eu\\\/no\\\/sitemap\\\/#breadcrumb\"},\"inLanguage\":\"nb-NO\",\"potentialAction\":[{\"@type\":\"ReadAction\",\"target\":[\"https:\\\/\\\/www.citycharge.eu\\\/no\\\/sitemap\\\/\"]}]},{\"@type\":\"BreadcrumbList\",\"@id\":\"https:\\\/\\\/www.citycharge.eu\\\/no\\\/sitemap\\\/#breadcrumb\",\"itemListElement\":[{\"@type\":\"ListItem\",\"position\":1,\"name\":\"Home\",\"item\":\"https:\\\/\\\/www.citycharge.eu\\\/no\\\/\"},{\"@type\":\"ListItem\",\"position\":2,\"name\":\"Sitemap\"}]},{\"@type\":\"WebSite\",\"@id\":\"https:\\\/\\\/www.citycharge.eu\\\/no\\\/#website\",\"url\":\"https:\\\/\\\/www.citycharge.eu\\\/no\\\/\",\"name\":\"CityCharge\",\"description\":\"Nieuw licht op laden\",\"publisher\":{\"@id\":\"https:\\\/\\\/www.citycharge.eu\\\/no\\\/#organization\"},\"potentialAction\":[{\"@type\":\"SearchAction\",\"target\":{\"@type\":\"EntryPoint\",\"urlTemplate\":\"https:\\\/\\\/www.citycharge.eu\\\/no\\\/?s={search_term_string}\"},\"query-input\":{\"@type\":\"PropertyValueSpecification\",\"valueRequired\":true,\"valueName\":\"search_term_string\"}}],\"inLanguage\":\"nb-NO\"},{\"@type\":\"Organization\",\"@id\":\"https:\\\/\\\/www.citycharge.eu\\\/no\\\/#organization\",\"name\":\"CityCharge\",\"url\":\"https:\\\/\\\/www.citycharge.eu\\\/no\\\/\",\"logo\":{\"@type\":\"ImageObject\",\"inLanguage\":\"nb-NO\",\"@id\":\"https:\\\/\\\/www.citycharge.eu\\\/no\\\/#\\\/schema\\\/logo\\\/image\\\/\",\"url\":\"https:\\\/\\\/www.citycharge.eu\\\/wp-content\\\/uploads\\\/2024\\\/07\\\/Citycharge_payofff_white.svg\",\"contentUrl\":\"https:\\\/\\\/www.citycharge.eu\\\/wp-content\\\/uploads\\\/2024\\\/07\\\/Citycharge_payofff_white.svg\",\"width\":1920,\"height\":530,\"caption\":\"CityCharge\"},\"image\":{\"@id\":\"https:\\\/\\\/www.citycharge.eu\\\/no\\\/#\\\/schema\\\/logo\\\/image\\\/\"}}]}<\/script>\n<!-- \/ Yoast SEO plugin. -->","yoast_head_json":{"title":"Sitemap - CityCharge","robots":{"index":"index","follow":"follow","max-snippet":"max-snippet:-1","max-image-preview":"max-image-preview:large","max-video-preview":"max-video-preview:-1"},"canonical":"https:\/\/www.citycharge.eu\/no\/sitemap\/","og_locale":"nb_NO","og_type":"article","og_title":"Sitemap - CityCharge","og_description":"Sitemap &laquo;Sikker lading og lek \u2013 CityCharge gir et barnevennlig milj\u00f8.&raquo; Vil du ogs\u00e5 lade bekymringsfritt? Er du nysgjerrig p\u00e5 hva CityCharge kan gj\u00f8re for din kommune eller ditt prosjekt? Vi forteller deg gjerne om mulighetene. Ta kontakt med en av v\u00e5re r\u00e5dgivere. 085-0716620 Kontakt","og_url":"https:\/\/www.citycharge.eu\/no\/sitemap\/","og_site_name":"CityCharge","article_modified_time":"2024-12-24T07:47:28+00:00","twitter_card":"summary_large_image","schema":{"@context":"https:\/\/schema.org","@graph":[{"@type":"WebPage","@id":"https:\/\/www.citycharge.eu\/no\/sitemap\/","url":"https:\/\/www.citycharge.eu\/no\/sitemap\/","name":"Sitemap - CityCharge","isPartOf":{"@id":"https:\/\/www.citycharge.eu\/no\/#website"},"datePublished":"2024-05-13T07:57:42+00:00","dateModified":"2024-12-24T07:47:28+00:00","breadcrumb":{"@id":"https:\/\/www.citycharge.eu\/no\/sitemap\/#breadcrumb"},"inLanguage":"nb-NO","potentialAction":[{"@type":"ReadAction","target":["https:\/\/www.citycharge.eu\/no\/sitemap\/"]}]},{"@type":"BreadcrumbList","@id":"https:\/\/www.citycharge.eu\/no\/sitemap\/#breadcrumb","itemListElement":[{"@type":"ListItem","position":1,"name":"Home","item":"https:\/\/www.citycharge.eu\/no\/"},{"@type":"ListItem","position":2,"name":"Sitemap"}]},{"@type":"WebSite","@id":"https:\/\/www.citycharge.eu\/no\/#website","url":"https:\/\/www.citycharge.eu\/no\/","name":"CityCharge","description":"Nieuw licht op laden","publisher":{"@id":"https:\/\/www.citycharge.eu\/no\/#organization"},"potentialAction":[{"@type":"SearchAction","target":{"@type":"EntryPoint","urlTemplate":"https:\/\/www.citycharge.eu\/no\/?s={search_term_string}"},"query-input":{"@type":"PropertyValueSpecification","valueRequired":true,"valueName":"search_term_string"}}],"inLanguage":"nb-NO"},{"@type":"Organization","@id":"https:\/\/www.citycharge.eu\/no\/#organization","name":"CityCharge","url":"https:\/\/www.citycharge.eu\/no\/","logo":{"@type":"ImageObject","inLanguage":"nb-NO","@id":"https:\/\/www.citycharge.eu\/no\/#\/schema\/logo\/image\/","url":"https:\/\/www.citycharge.eu\/wp-content\/uploads\/2024\/07\/Citycharge_payofff_white.svg","contentUrl":"https:\/\/www.citycharge.eu\/wp-content\/uploads\/2024\/07\/Citycharge_payofff_white.svg","width":1920,"height":530,"caption":"CityCharge"},"image":{"@id":"https:\/\/www.citycharge.eu\/no\/#\/schema\/logo\/image\/"}}]}},"_links":{"self":[{"href":"https:\/\/www.citycharge.eu\/no\/wp-json\/wp\/v2\/pages\/10003","targetHints":{"allow":["GET"]}}],"collection":[{"href":"https:\/\/www.citycharge.eu\/no\/wp-json\/wp\/v2\/pages"}],"about":[{"href":"https:\/\/www.citycharge.eu\/no\/wp-json\/wp\/v2\/types\/page"}],"author":[{"embeddable":true,"href":"https:\/\/www.citycharge.eu\/no\/wp-json\/wp\/v2\/users\/1"}],"replies":[{"embeddable":true,"href":"https:\/\/www.citycharge.eu\/no\/wp-json\/wp\/v2\/comments?post=10003"}],"version-history":[{"count":1,"href":"https:\/\/www.citycharge.eu\/no\/wp-json\/wp\/v2\/pages\/10003\/revisions"}],"predecessor-version":[{"id":10005,"href":"https:\/\/www.citycharge.eu\/no\/wp-json\/wp\/v2\/pages\/10003\/revisions\/10005"}],"wp:attachment":[{"href":"https:\/\/www.citycharge.eu\/no\/wp-json\/wp\/v2\/media?parent=10003"}],"curies":[{"name":"wp","href":"https:\/\/api.w.org\/{rel}","templated":true}]}}