{"id":9445,"date":"2024-09-30T07:22:15","date_gmt":"2024-09-30T07:22:15","guid":{"rendered":"https:\/\/www.citycharge.eu\/retningslinjer-for-informasjonskapsler\/"},"modified":"2024-12-24T07:45:40","modified_gmt":"2024-12-24T07:45:40","slug":"retningslinjer-for-informasjonskapsler","status":"publish","type":"page","link":"https:\/\/www.citycharge.eu\/no\/retningslinjer-for-informasjonskapsler\/","title":{"rendered":"Retningslinjer for informasjonskapsler"},"content":{"rendered":"\t\t<div data-elementor-type=\"wp-page\" data-elementor-id=\"9445\" class=\"elementor elementor-9445 elementor-7109\" data-elementor-post-type=\"page\">\n\t\t\t\t<div class=\"elementor-element elementor-element-4994176 e-flex e-con-boxed e-con e-parent\" data-id=\"4994176\" data-element_type=\"container\" data-e-type=\"container\" data-settings=\"{&quot;background_background&quot;:&quot;classic&quot;}\">\n\t\t\t\t\t<div class=\"e-con-inner\">\n\t\t\t\t<div class=\"elementor-element elementor-element-40facc1 elementor-widget elementor-widget-heading\" data-id=\"40facc1\" data-element_type=\"widget\" data-e-type=\"widget\" data-widget_type=\"heading.default\">\n\t\t\t\t<div class=\"elementor-widget-container\">\n\t\t\t\t\t<h1 class=\"elementor-heading-title elementor-size-default\">Retningslinjer for informasjonskapsler<\/h1>\t\t\t\t<\/div>\n\t\t\t\t<\/div>\n\t\t\t\t\t<\/div>\n\t\t\t\t<\/div>\n\t\t<div class=\"elementor-element elementor-element-189034f e-flex e-con-boxed e-con e-parent\" data-id=\"189034f\" data-element_type=\"container\" data-e-type=\"container\" data-settings=\"{&quot;background_background&quot;:&quot;classic&quot;}\">\n\t\t\t\t\t<div class=\"e-con-inner\">\n\t\t<div class=\"elementor-element elementor-element-982f161 e-con-full e-flex e-con e-child\" data-id=\"982f161\" data-element_type=\"container\" data-e-type=\"container\">\n\t\t\t\t<\/div>\n\t\t<div class=\"elementor-element elementor-element-0f88491 e-con-full e-flex e-con e-child\" data-id=\"0f88491\" data-element_type=\"container\" data-e-type=\"container\">\n\t\t\t\t<div class=\"elementor-element elementor-element-f8de039 elementor-widget elementor-widget-heading\" data-id=\"f8de039\" data-element_type=\"widget\" data-e-type=\"widget\" data-widget_type=\"heading.default\">\n\t\t\t\t<div class=\"elementor-widget-container\">\n\t\t\t\t\t<h2 class=\"elementor-heading-title elementor-size-default\">Retningslinjer for informasjonskapsler \u2013 Citycharge.eu<\/h2>\t\t\t\t<\/div>\n\t\t\t\t<\/div>\n\t\t\t\t<div class=\"elementor-element elementor-element-82197dd elementor-widget elementor-widget-text-editor\" data-id=\"82197dd\" data-element_type=\"widget\" data-e-type=\"widget\" data-widget_type=\"text-editor.default\">\n\t\t\t\t<div class=\"elementor-widget-container\">\n\t\t\t\t\t\t\t\t\t<p><script id=\"CookieDeclaration\" src=\"https:\/\/consent.cookiebot.com\/300307b4-ee1b-4d8d-abe7-2657ff9dadc6\/cd.js\" type=\"text\/javascript\" async><\/script><\/p>\n\t\t\t\t\t\t\t\t<\/div>\n\t\t\t\t<\/div>\n\t\t\t\t<\/div>\n\t\t\t\t\t<\/div>\n\t\t\t\t<\/div>\n\t\t<div class=\"elementor-element elementor-element-5e7505b e-flex e-con-boxed e-con e-parent\" data-id=\"5e7505b\" data-element_type=\"container\" data-e-type=\"container\" data-settings=\"{&quot;background_background&quot;:&quot;classic&quot;}\">\n\t\t\t\t\t<div class=\"e-con-inner\">\n\t\t<div class=\"elementor-element elementor-element-ee6647c e-con-full e-flex e-con e-child\" data-id=\"ee6647c\" data-element_type=\"container\" data-e-type=\"container\" data-settings=\"{&quot;background_background&quot;:&quot;classic&quot;}\">\n\t\t<div class=\"elementor-element elementor-element-c224e0e e-flex e-con-boxed e-con e-child\" data-id=\"c224e0e\" data-element_type=\"container\" data-e-type=\"container\">\n\t\t\t\t\t<div class=\"e-con-inner\">\n\t\t<div class=\"elementor-element elementor-element-4970bcc e-flex e-con-boxed e-con e-child\" data-id=\"4970bcc\" data-element_type=\"container\" data-e-type=\"container\">\n\t\t\t\t\t<div class=\"e-con-inner\">\n\t\t\t\t<div class=\"elementor-element elementor-element-ed2f5cc elementor-widget elementor-widget-heading\" data-id=\"ed2f5cc\" data-element_type=\"widget\" data-e-type=\"widget\" data-widget_type=\"heading.default\">\n\t\t\t\t<div class=\"elementor-widget-container\">\n\t\t\t\t\t<h3 class=\"elementor-heading-title elementor-size-default\">\"Sikker lading og lek \u2013 CityCharge gir et barnevennlig milj\u00f8.\"<\/h3>\t\t\t\t<\/div>\n\t\t\t\t<\/div>\n\t\t\t\t\t<\/div>\n\t\t\t\t<\/div>\n\t\t\t\t\t<\/div>\n\t\t\t\t<\/div>\n\t\t\t\t<\/div>\n\t\t<div class=\"elementor-element elementor-element-76a695a e-con-full e-flex e-con e-child\" data-id=\"76a695a\" data-element_type=\"container\" data-e-type=\"container\">\n\t\t\t\t<div class=\"elementor-element elementor-element-e2a9d8f elementor-widget elementor-widget-text-editor\" data-id=\"e2a9d8f\" data-element_type=\"widget\" data-e-type=\"widget\" data-widget_type=\"text-editor.default\">\n\t\t\t\t<div class=\"elementor-widget-container\">\n\t\t\t\t\t\t\t\t\t<h2>Vil du ogs\u00e5 lade bekymringsfritt?<\/h2>\n\t\t\t\t\t\t\t\t<\/div>\n\t\t\t\t<\/div>\n\t\t\t\t<div class=\"elementor-element elementor-element-46eedda elementor-widget elementor-widget-text-editor\" data-id=\"46eedda\" data-element_type=\"widget\" data-e-type=\"widget\" data-widget_type=\"text-editor.default\">\n\t\t\t\t<div class=\"elementor-widget-container\">\n\t\t\t\t\t\t\t\t\t<p>Er du nysgjerrig p\u00e5 hva CityCharge kan gj\u00f8re for din kommune eller ditt prosjekt? Vi forteller deg gjerne om mulighetene.   <\/p>\n\t\t\t\t\t\t\t\t<\/div>\n\t\t\t\t<\/div>\n\t\t\t\t<div class=\"elementor-element elementor-element-3908533 elementor-widget elementor-widget-text-editor\" data-id=\"3908533\" data-element_type=\"widget\" data-e-type=\"widget\" data-widget_type=\"text-editor.default\">\n\t\t\t\t<div class=\"elementor-widget-container\">\n\t\t\t\t\t\t\t\t\t<p><strong>Ta kontakt med en av v\u00e5re r\u00e5dgivere.<\/strong><\/p>\n\t\t\t\t\t\t\t\t<\/div>\n\t\t\t\t<\/div>\n\t\t\t\t<div class=\"elementor-element elementor-element-fca53d0 elementor-mobile-align-left elementor-widget elementor-widget-button\" data-id=\"fca53d0\" data-element_type=\"widget\" data-e-type=\"widget\" data-widget_type=\"button.default\">\n\t\t\t\t<div class=\"elementor-widget-container\">\n\t\t\t\t\t\t\t\t\t<div class=\"elementor-button-wrapper\">\n\t\t\t\t\t<a class=\"elementor-button elementor-button-link elementor-size-sm\" href=\"http:\/\/+31850716620\">\n\t\t\t\t\t\t<span class=\"elementor-button-content-wrapper\">\n\t\t\t\t\t\t<span class=\"elementor-button-icon\">\n\t\t\t\t<svg aria-hidden=\"true\" class=\"e-font-icon-svg e-fas-phone-alt\" viewBox=\"0 0 512 512\" xmlns=\"http:\/\/www.w3.org\/2000\/svg\"><path d=\"M497.39 361.8l-112-48a24 24 0 0 0-28 6.9l-49.6 60.6A370.66 370.66 0 0 1 130.6 204.11l60.6-49.6a23.94 23.94 0 0 0 6.9-28l-48-112A24.16 24.16 0 0 0 122.6.61l-104 24A24 24 0 0 0 0 48c0 256.5 207.9 464 464 464a24 24 0 0 0 23.4-18.6l24-104a24.29 24.29 0 0 0-14.01-27.6z\"><\/path><\/svg>\t\t\t<\/span>\n\t\t\t\t\t\t\t\t\t<span class=\"elementor-button-text\">085-0716620<\/span>\n\t\t\t\t\t<\/span>\n\t\t\t\t\t<\/a>\n\t\t\t\t<\/div>\n\t\t\t\t\t\t\t\t<\/div>\n\t\t\t\t<\/div>\n\t\t\t\t<div class=\"elementor-element elementor-element-d43e562 elementor-align-left animated-fast elementor-invisible elementor-widget elementor-widget-button\" data-id=\"d43e562\" data-element_type=\"widget\" data-e-type=\"widget\" data-settings=\"{&quot;_animation&quot;:&quot;zoomIn&quot;}\" data-widget_type=\"button.default\">\n\t\t\t\t<div class=\"elementor-widget-container\">\n\t\t\t\t\t\t\t\t\t<div class=\"elementor-button-wrapper\">\n\t\t\t\t\t<a class=\"elementor-button elementor-button-link elementor-size-sm\" href=\"https:\/\/www.citycharge.eu\/no\/kontakt\/\">\n\t\t\t\t\t\t<span class=\"elementor-button-content-wrapper\">\n\t\t\t\t\t\t\t\t\t<span class=\"elementor-button-text\">Kontakt<\/span>\n\t\t\t\t\t<\/span>\n\t\t\t\t\t<\/a>\n\t\t\t\t<\/div>\n\t\t\t\t\t\t\t\t<\/div>\n\t\t\t\t<\/div>\n\t\t\t\t<\/div>\n\t\t\t\t\t<\/div>\n\t\t\t\t<\/div>\n\t\t\t\t<\/div>\n\t\t","protected":false},"excerpt":{"rendered":"<p>Retningslinjer for informasjonskapsler Retningslinjer for informasjonskapsler \u2013 Citycharge.eu &laquo;Sikker lading og lek \u2013 CityCharge gir et barnevennlig milj\u00f8.&raquo; Vil du ogs\u00e5 lade bekymringsfritt? Er du nysgjerrig p\u00e5 hva CityCharge kan gj\u00f8re for din kommune eller ditt prosjekt? Vi forteller deg gjerne om mulighetene. Ta kontakt med en av v\u00e5re r\u00e5dgivere. 085-0716620 Kontakt<\/p>\n","protected":false},"author":1,"featured_media":0,"parent":0,"menu_order":0,"comment_status":"closed","ping_status":"closed","template":"elementor_header_footer","meta":{"_acf_changed":false,"footnotes":""},"class_list":["post-9445","page","type-page","status-publish","hentry"],"acf":[],"yoast_head":"<!-- This site is optimized with the Yoast SEO plugin v27.4 - https:\/\/yoast.com\/product\/yoast-seo-wordpress\/ -->\n<title>Retningslinjer for informasjonskapsler - CityCharge<\/title>\n<meta name=\"robots\" content=\"index, follow, max-snippet:-1, max-image-preview:large, max-video-preview:-1\" \/>\n<link rel=\"canonical\" href=\"https:\/\/www.citycharge.eu\/no\/retningslinjer-for-informasjonskapsler\/\" \/>\n<meta property=\"og:locale\" content=\"nb_NO\" \/>\n<meta property=\"og:type\" content=\"article\" \/>\n<meta property=\"og:title\" content=\"Retningslinjer for informasjonskapsler - CityCharge\" \/>\n<meta property=\"og:description\" content=\"Retningslinjer for informasjonskapsler Retningslinjer for informasjonskapsler \u2013 Citycharge.eu &laquo;Sikker lading og lek \u2013 CityCharge gir et barnevennlig milj\u00f8.&raquo; Vil du ogs\u00e5 lade bekymringsfritt? Er du nysgjerrig p\u00e5 hva CityCharge kan gj\u00f8re for din kommune eller ditt prosjekt? Vi forteller deg gjerne om mulighetene. Ta kontakt med en av v\u00e5re r\u00e5dgivere. 085-0716620 Kontakt\" \/>\n<meta property=\"og:url\" content=\"https:\/\/www.citycharge.eu\/no\/retningslinjer-for-informasjonskapsler\/\" \/>\n<meta property=\"og:site_name\" content=\"CityCharge\" \/>\n<meta property=\"article:modified_time\" content=\"2024-12-24T07:45:40+00:00\" \/>\n<meta name=\"twitter:card\" content=\"summary_large_image\" \/>\n<script type=\"application\/ld+json\" class=\"yoast-schema-graph\">{\"@context\":\"https:\\\/\\\/schema.org\",\"@graph\":[{\"@type\":\"WebPage\",\"@id\":\"https:\\\/\\\/www.citycharge.eu\\\/no\\\/retningslinjer-for-informasjonskapsler\\\/\",\"url\":\"https:\\\/\\\/www.citycharge.eu\\\/no\\\/retningslinjer-for-informasjonskapsler\\\/\",\"name\":\"Retningslinjer for informasjonskapsler - CityCharge\",\"isPartOf\":{\"@id\":\"https:\\\/\\\/www.citycharge.eu\\\/no\\\/#website\"},\"datePublished\":\"2024-09-30T07:22:15+00:00\",\"dateModified\":\"2024-12-24T07:45:40+00:00\",\"breadcrumb\":{\"@id\":\"https:\\\/\\\/www.citycharge.eu\\\/no\\\/retningslinjer-for-informasjonskapsler\\\/#breadcrumb\"},\"inLanguage\":\"nb-NO\",\"potentialAction\":[{\"@type\":\"ReadAction\",\"target\":[\"https:\\\/\\\/www.citycharge.eu\\\/no\\\/retningslinjer-for-informasjonskapsler\\\/\"]}]},{\"@type\":\"BreadcrumbList\",\"@id\":\"https:\\\/\\\/www.citycharge.eu\\\/no\\\/retningslinjer-for-informasjonskapsler\\\/#breadcrumb\",\"itemListElement\":[{\"@type\":\"ListItem\",\"position\":1,\"name\":\"Home\",\"item\":\"https:\\\/\\\/www.citycharge.eu\\\/no\\\/\"},{\"@type\":\"ListItem\",\"position\":2,\"name\":\"Retningslinjer for informasjonskapsler\"}]},{\"@type\":\"WebSite\",\"@id\":\"https:\\\/\\\/www.citycharge.eu\\\/no\\\/#website\",\"url\":\"https:\\\/\\\/www.citycharge.eu\\\/no\\\/\",\"name\":\"CityCharge\",\"description\":\"Nieuw licht op laden\",\"publisher\":{\"@id\":\"https:\\\/\\\/www.citycharge.eu\\\/no\\\/#organization\"},\"potentialAction\":[{\"@type\":\"SearchAction\",\"target\":{\"@type\":\"EntryPoint\",\"urlTemplate\":\"https:\\\/\\\/www.citycharge.eu\\\/no\\\/?s={search_term_string}\"},\"query-input\":{\"@type\":\"PropertyValueSpecification\",\"valueRequired\":true,\"valueName\":\"search_term_string\"}}],\"inLanguage\":\"nb-NO\"},{\"@type\":\"Organization\",\"@id\":\"https:\\\/\\\/www.citycharge.eu\\\/no\\\/#organization\",\"name\":\"CityCharge\",\"url\":\"https:\\\/\\\/www.citycharge.eu\\\/no\\\/\",\"logo\":{\"@type\":\"ImageObject\",\"inLanguage\":\"nb-NO\",\"@id\":\"https:\\\/\\\/www.citycharge.eu\\\/no\\\/#\\\/schema\\\/logo\\\/image\\\/\",\"url\":\"https:\\\/\\\/www.citycharge.eu\\\/wp-content\\\/uploads\\\/2024\\\/07\\\/Citycharge_payofff_white.svg\",\"contentUrl\":\"https:\\\/\\\/www.citycharge.eu\\\/wp-content\\\/uploads\\\/2024\\\/07\\\/Citycharge_payofff_white.svg\",\"width\":1920,\"height\":530,\"caption\":\"CityCharge\"},\"image\":{\"@id\":\"https:\\\/\\\/www.citycharge.eu\\\/no\\\/#\\\/schema\\\/logo\\\/image\\\/\"}}]}<\/script>\n<!-- \/ Yoast SEO plugin. -->","yoast_head_json":{"title":"Retningslinjer for informasjonskapsler - CityCharge","robots":{"index":"index","follow":"follow","max-snippet":"max-snippet:-1","max-image-preview":"max-image-preview:large","max-video-preview":"max-video-preview:-1"},"canonical":"https:\/\/www.citycharge.eu\/no\/retningslinjer-for-informasjonskapsler\/","og_locale":"nb_NO","og_type":"article","og_title":"Retningslinjer for informasjonskapsler - CityCharge","og_description":"Retningslinjer for informasjonskapsler Retningslinjer for informasjonskapsler \u2013 Citycharge.eu &laquo;Sikker lading og lek \u2013 CityCharge gir et barnevennlig milj\u00f8.&raquo; Vil du ogs\u00e5 lade bekymringsfritt? Er du nysgjerrig p\u00e5 hva CityCharge kan gj\u00f8re for din kommune eller ditt prosjekt? Vi forteller deg gjerne om mulighetene. Ta kontakt med en av v\u00e5re r\u00e5dgivere. 085-0716620 Kontakt","og_url":"https:\/\/www.citycharge.eu\/no\/retningslinjer-for-informasjonskapsler\/","og_site_name":"CityCharge","article_modified_time":"2024-12-24T07:45:40+00:00","twitter_card":"summary_large_image","schema":{"@context":"https:\/\/schema.org","@graph":[{"@type":"WebPage","@id":"https:\/\/www.citycharge.eu\/no\/retningslinjer-for-informasjonskapsler\/","url":"https:\/\/www.citycharge.eu\/no\/retningslinjer-for-informasjonskapsler\/","name":"Retningslinjer for informasjonskapsler - CityCharge","isPartOf":{"@id":"https:\/\/www.citycharge.eu\/no\/#website"},"datePublished":"2024-09-30T07:22:15+00:00","dateModified":"2024-12-24T07:45:40+00:00","breadcrumb":{"@id":"https:\/\/www.citycharge.eu\/no\/retningslinjer-for-informasjonskapsler\/#breadcrumb"},"inLanguage":"nb-NO","potentialAction":[{"@type":"ReadAction","target":["https:\/\/www.citycharge.eu\/no\/retningslinjer-for-informasjonskapsler\/"]}]},{"@type":"BreadcrumbList","@id":"https:\/\/www.citycharge.eu\/no\/retningslinjer-for-informasjonskapsler\/#breadcrumb","itemListElement":[{"@type":"ListItem","position":1,"name":"Home","item":"https:\/\/www.citycharge.eu\/no\/"},{"@type":"ListItem","position":2,"name":"Retningslinjer for informasjonskapsler"}]},{"@type":"WebSite","@id":"https:\/\/www.citycharge.eu\/no\/#website","url":"https:\/\/www.citycharge.eu\/no\/","name":"CityCharge","description":"Nieuw licht op laden","publisher":{"@id":"https:\/\/www.citycharge.eu\/no\/#organization"},"potentialAction":[{"@type":"SearchAction","target":{"@type":"EntryPoint","urlTemplate":"https:\/\/www.citycharge.eu\/no\/?s={search_term_string}"},"query-input":{"@type":"PropertyValueSpecification","valueRequired":true,"valueName":"search_term_string"}}],"inLanguage":"nb-NO"},{"@type":"Organization","@id":"https:\/\/www.citycharge.eu\/no\/#organization","name":"CityCharge","url":"https:\/\/www.citycharge.eu\/no\/","logo":{"@type":"ImageObject","inLanguage":"nb-NO","@id":"https:\/\/www.citycharge.eu\/no\/#\/schema\/logo\/image\/","url":"https:\/\/www.citycharge.eu\/wp-content\/uploads\/2024\/07\/Citycharge_payofff_white.svg","contentUrl":"https:\/\/www.citycharge.eu\/wp-content\/uploads\/2024\/07\/Citycharge_payofff_white.svg","width":1920,"height":530,"caption":"CityCharge"},"image":{"@id":"https:\/\/www.citycharge.eu\/no\/#\/schema\/logo\/image\/"}}]}},"_links":{"self":[{"href":"https:\/\/www.citycharge.eu\/no\/wp-json\/wp\/v2\/pages\/9445","targetHints":{"allow":["GET"]}}],"collection":[{"href":"https:\/\/www.citycharge.eu\/no\/wp-json\/wp\/v2\/pages"}],"about":[{"href":"https:\/\/www.citycharge.eu\/no\/wp-json\/wp\/v2\/types\/page"}],"author":[{"embeddable":true,"href":"https:\/\/www.citycharge.eu\/no\/wp-json\/wp\/v2\/users\/1"}],"replies":[{"embeddable":true,"href":"https:\/\/www.citycharge.eu\/no\/wp-json\/wp\/v2\/comments?post=9445"}],"version-history":[{"count":1,"href":"https:\/\/www.citycharge.eu\/no\/wp-json\/wp\/v2\/pages\/9445\/revisions"}],"predecessor-version":[{"id":9447,"href":"https:\/\/www.citycharge.eu\/no\/wp-json\/wp\/v2\/pages\/9445\/revisions\/9447"}],"wp:attachment":[{"href":"https:\/\/www.citycharge.eu\/no\/wp-json\/wp\/v2\/media?parent=9445"}],"curies":[{"name":"wp","href":"https:\/\/api.w.org\/{rel}","templated":true}]}}