{"id":9877,"date":"2024-07-12T14:54:49","date_gmt":"2024-07-12T14:54:49","guid":{"rendered":"https:\/\/www.citycharge.eu\/zastrzezenie\/"},"modified":"2024-12-24T07:47:03","modified_gmt":"2024-12-24T07:47:03","slug":"zastrzezenie","status":"publish","type":"page","link":"https:\/\/www.citycharge.eu\/pl\/zastrzezenie\/","title":{"rendered":"Zastrze\u017cenie"},"content":{"rendered":"\t\t<div data-elementor-type=\"wp-page\" data-elementor-id=\"9877\" class=\"elementor elementor-9877 elementor-6555\" data-elementor-post-type=\"page\">\n\t\t\t\t<div class=\"elementor-element elementor-element-4994176 e-flex e-con-boxed e-con e-parent\" data-id=\"4994176\" data-element_type=\"container\" data-e-type=\"container\" data-settings=\"{&quot;background_background&quot;:&quot;classic&quot;}\">\n\t\t\t\t\t<div class=\"e-con-inner\">\n\t\t\t\t<div class=\"elementor-element elementor-element-40facc1 elementor-widget elementor-widget-heading\" data-id=\"40facc1\" data-element_type=\"widget\" data-e-type=\"widget\" data-widget_type=\"heading.default\">\n\t\t\t\t<div class=\"elementor-widget-container\">\n\t\t\t\t\t<h1 class=\"elementor-heading-title elementor-size-default\">Zastrze\u017cenie  <\/h1>\t\t\t\t<\/div>\n\t\t\t\t<\/div>\n\t\t\t\t\t<\/div>\n\t\t\t\t<\/div>\n\t\t<div class=\"elementor-element elementor-element-189034f e-flex e-con-boxed e-con e-parent\" data-id=\"189034f\" data-element_type=\"container\" data-e-type=\"container\" data-settings=\"{&quot;background_background&quot;:&quot;classic&quot;}\">\n\t\t\t\t\t<div class=\"e-con-inner\">\n\t\t<div class=\"elementor-element elementor-element-982f161 e-con-full e-flex e-con e-child\" data-id=\"982f161\" data-element_type=\"container\" data-e-type=\"container\">\n\t\t\t\t<\/div>\n\t\t<div class=\"elementor-element elementor-element-0f88491 e-con-full e-flex e-con e-child\" data-id=\"0f88491\" data-element_type=\"container\" data-e-type=\"container\">\n\t\t\t\t<div class=\"elementor-element elementor-element-f8de039 elementor-widget elementor-widget-heading\" data-id=\"f8de039\" data-element_type=\"widget\" data-e-type=\"widget\" data-widget_type=\"heading.default\">\n\t\t\t\t<div class=\"elementor-widget-container\">\n\t\t\t\t\t<h2 class=\"elementor-heading-title elementor-size-default\">Zastrze\u017cenie \u2013 op\u0142ata miejska  <\/h2>\t\t\t\t<\/div>\n\t\t\t\t<\/div>\n\t\t\t\t<div class=\"elementor-element elementor-element-82197dd elementor-widget elementor-widget-text-editor\" data-id=\"82197dd\" data-element_type=\"widget\" data-e-type=\"widget\" data-widget_type=\"text-editor.default\">\n\t\t\t\t<div class=\"elementor-widget-container\">\n\t\t\t\t\t\t\t\t\t<p><span style=\"font-weight: 400;\">Ta strona internetowa<\/span> <a href=\"http:\/\/www.citycharge.eu\/\"><span style=\"font-weight: 400;\">citycharge.eu<\/span><\/a><span style=\"font-weight: 400;\">&nbsp;ma na celu dostarczenie informacji na temat naszego rozwi\u0105zania w zakresie \u0142adowania pojazd\u00f3w elektrycznych w przestrzeni publicznej. Staramy si\u0119 podawa\u0107 dok\u0142adne i aktualne informacje, jednak nie mo\u017cemy zagwarantowa\u0107, \u017ce wszystkie tre\u015bci s\u0105 wolne od b\u0142\u0119d\u00f3w. <\/span><span style=\"font-weight: 400;\"><\/span><\/p>\n<p><\/p>\n<ol>\n<li style=\"font-weight: 400;\" aria-level=\"1\"><b>Korzystanie z witryny<\/b> <span style=\"font-weight: 400;\">: Korzystaj\u0105c z tej witryny, wyra\u017casz zgod\u0119 na warunki opisane w niniejszym o\u015bwiadczeniu.<\/span><span style=\"font-weight: 400;\">\n<p><\/p>\n<p><\/p><\/span><\/li>\n<li style=\"font-weight: 400;\" aria-level=\"1\"><b>Tre\u015b\u0107 i odpowiedzialno\u015b\u0107<\/b><span style=\"font-weight: 400;\">: Dok\u0142adamy wszelkich stara\u0144, aby informacje zawarte na tej stronie by\u0142y aktualne. Niemniej jednak nie mo\u017cemy ponosi\u0107 odpowiedzialno\u015bci za jakiekolwiek b\u0142\u0119dy, pomini\u0119cia lub nieaktualne informacje. Korzystaj z informacji na w\u0142asne ryzyko.  <\/span><span style=\"font-weight: 400;\">\n<p><\/p>\n<p><\/p><\/span><\/li>\n<li style=\"font-weight: 400;\" aria-level=\"1\"><b>Linki zewn\u0119trzne<\/b><span style=\"font-weight: 400;\">: Niniejsza witryna mo\u017ce zawiera\u0107 \u0142\u0105cza do zewn\u0119trznych witryn internetowych. Nie ponosimy odpowiedzialno\u015bci za zawarto\u015b\u0107 tych zewn\u0119trznych stron internetowych. Korzystanie z link\u00f3w zewn\u0119trznych odbywa si\u0119 na w\u0142asne ryzyko.  <\/span><span style=\"font-weight: 400;\">\n<p><\/p>\n<p><\/p><\/span><\/li>\n<li style=\"font-weight: 400;\" aria-level=\"1\"><b>Prywatno\u015b\u0107 i pliki cookie<\/b><span style=\"font-weight: 400;\">: Szanujemy Twoj\u0105 prywatno\u015b\u0107 i post\u0119pujemy zgodnie z og\u00f3lnym rozporz\u0105dzeniem o ochronie danych (RODO). Przeczytaj nas &nbsp;<\/span><span style=\"font-weight: 400;\">aby uzyska\u0107 wi\u0119cej informacji o tym, jak przetwarzamy Twoje dane.<\/span><span style=\"font-weight: 400;\">\n<p><\/p>\n<p><\/p><\/span><\/li>\n<li style=\"font-weight: 400;\" aria-level=\"1\"><b>Zmiany<\/b> <span style=\"font-weight: 400;\">: Zastrzegamy sobie prawo do zmiany zawarto\u015bci tej witryny i niniejszego zastrze\u017cenia w dowolnym momencie i bez wcze\u015bniejszego powiadomienia.<\/span><\/li>\n<\/ol>\n<p><span style=\"font-weight: 400;\">Je\u015bli masz jakie\u015b pytania lub uwagi, skontaktuj si\u0119 z nami za po\u015brednictwem<\/span> <a href=\"https:\/\/www.citycharge.eu\/pl\/kontakt\/\"><span style=\"font-weight: 400;\">strony kontaktowej<\/span><\/a> <span style=\"font-weight: 400;\">.<\/span><\/p>\t\t\t\t\t\t\t\t<\/div>\n\t\t\t\t<\/div>\n\t\t\t\t<\/div>\n\t\t\t\t\t<\/div>\n\t\t\t\t<\/div>\n\t\t<div class=\"elementor-element elementor-element-5e7505b e-flex e-con-boxed e-con e-parent\" data-id=\"5e7505b\" data-element_type=\"container\" data-e-type=\"container\" data-settings=\"{&quot;background_background&quot;:&quot;classic&quot;}\">\n\t\t\t\t\t<div class=\"e-con-inner\">\n\t\t<div class=\"elementor-element elementor-element-ee6647c e-con-full e-flex e-con e-child\" data-id=\"ee6647c\" data-element_type=\"container\" data-e-type=\"container\" data-settings=\"{&quot;background_background&quot;:&quot;classic&quot;}\">\n\t\t<div class=\"elementor-element elementor-element-c224e0e e-flex e-con-boxed e-con e-child\" data-id=\"c224e0e\" data-element_type=\"container\" data-e-type=\"container\">\n\t\t\t\t\t<div class=\"e-con-inner\">\n\t\t<div class=\"elementor-element elementor-element-4970bcc e-flex e-con-boxed e-con e-child\" data-id=\"4970bcc\" data-element_type=\"container\" data-e-type=\"container\">\n\t\t\t\t\t<div class=\"e-con-inner\">\n\t\t\t\t<div class=\"elementor-element elementor-element-ed2f5cc elementor-widget elementor-widget-heading\" data-id=\"ed2f5cc\" data-element_type=\"widget\" data-e-type=\"widget\" data-widget_type=\"heading.default\">\n\t\t\t\t<div class=\"elementor-widget-container\">\n\t\t\t\t\t<h3 class=\"elementor-heading-title elementor-size-default\">\u201eBezpieczne \u0142adowanie i zabawa \u2013 CityCharge zapewnia \u015brodowisko przyjazne dzieciom.\u201d<\/h3>\t\t\t\t<\/div>\n\t\t\t\t<\/div>\n\t\t\t\t\t<\/div>\n\t\t\t\t<\/div>\n\t\t\t\t\t<\/div>\n\t\t\t\t<\/div>\n\t\t\t\t<\/div>\n\t\t<div class=\"elementor-element elementor-element-76a695a e-con-full e-flex e-con e-child\" data-id=\"76a695a\" data-element_type=\"container\" data-e-type=\"container\">\n\t\t\t\t<div class=\"elementor-element elementor-element-e2a9d8f elementor-widget elementor-widget-text-editor\" data-id=\"e2a9d8f\" data-element_type=\"widget\" data-e-type=\"widget\" data-widget_type=\"text-editor.default\">\n\t\t\t\t<div class=\"elementor-widget-container\">\n\t\t\t\t\t\t\t\t\t<h2>Czy chcesz tak\u017ce \u0142adowa\u0107 bezproblemowo?<\/h2>\n\t\t\t\t\t\t\t\t<\/div>\n\t\t\t\t<\/div>\n\t\t\t\t<div class=\"elementor-element elementor-element-46eedda elementor-widget elementor-widget-text-editor\" data-id=\"46eedda\" data-element_type=\"widget\" data-e-type=\"widget\" data-widget_type=\"text-editor.default\">\n\t\t\t\t<div class=\"elementor-widget-container\">\n\t\t\t\t\t\t\t\t\t<p>Czy jeste\u015b ciekaw, co CityCharge mo\u017ce zrobi\u0107 dla Twojej gminy lub projektu? Ch\u0119tnie opowiemy Ci o mo\u017cliwo\u015bciach.   <\/p>\n\t\t\t\t\t\t\t\t<\/div>\n\t\t\t\t<\/div>\n\t\t\t\t<div class=\"elementor-element elementor-element-3908533 elementor-widget elementor-widget-text-editor\" data-id=\"3908533\" data-element_type=\"widget\" data-e-type=\"widget\" data-widget_type=\"text-editor.default\">\n\t\t\t\t<div class=\"elementor-widget-container\">\n\t\t\t\t\t\t\t\t\t<p><strong>Skontaktuj si\u0119 z jednym z naszych doradc\u00f3w.<\/strong><\/p>\n\t\t\t\t\t\t\t\t<\/div>\n\t\t\t\t<\/div>\n\t\t\t\t<div class=\"elementor-element elementor-element-fca53d0 elementor-mobile-align-left elementor-widget elementor-widget-button\" data-id=\"fca53d0\" data-element_type=\"widget\" data-e-type=\"widget\" data-widget_type=\"button.default\">\n\t\t\t\t<div class=\"elementor-widget-container\">\n\t\t\t\t\t\t\t\t\t<div class=\"elementor-button-wrapper\">\n\t\t\t\t\t<a class=\"elementor-button elementor-button-link elementor-size-sm\" href=\"http:\/\/+31850716620\">\n\t\t\t\t\t\t<span class=\"elementor-button-content-wrapper\">\n\t\t\t\t\t\t<span class=\"elementor-button-icon\">\n\t\t\t\t<svg aria-hidden=\"true\" class=\"e-font-icon-svg e-fas-phone-alt\" viewBox=\"0 0 512 512\" xmlns=\"http:\/\/www.w3.org\/2000\/svg\"><path d=\"M497.39 361.8l-112-48a24 24 0 0 0-28 6.9l-49.6 60.6A370.66 370.66 0 0 1 130.6 204.11l60.6-49.6a23.94 23.94 0 0 0 6.9-28l-48-112A24.16 24.16 0 0 0 122.6.61l-104 24A24 24 0 0 0 0 48c0 256.5 207.9 464 464 464a24 24 0 0 0 23.4-18.6l24-104a24.29 24.29 0 0 0-14.01-27.6z\"><\/path><\/svg>\t\t\t<\/span>\n\t\t\t\t\t\t\t\t\t<span class=\"elementor-button-text\">085-0716620<\/span>\n\t\t\t\t\t<\/span>\n\t\t\t\t\t<\/a>\n\t\t\t\t<\/div>\n\t\t\t\t\t\t\t\t<\/div>\n\t\t\t\t<\/div>\n\t\t\t\t<div class=\"elementor-element elementor-element-d43e562 elementor-align-left animated-fast elementor-invisible elementor-widget elementor-widget-button\" data-id=\"d43e562\" data-element_type=\"widget\" data-e-type=\"widget\" data-settings=\"{&quot;_animation&quot;:&quot;zoomIn&quot;}\" data-widget_type=\"button.default\">\n\t\t\t\t<div class=\"elementor-widget-container\">\n\t\t\t\t\t\t\t\t\t<div class=\"elementor-button-wrapper\">\n\t\t\t\t\t<a class=\"elementor-button elementor-button-link elementor-size-sm\" href=\"https:\/\/www.citycharge.eu\/pl\/kontakt\/\">\n\t\t\t\t\t\t<span class=\"elementor-button-content-wrapper\">\n\t\t\t\t\t\t\t\t\t<span class=\"elementor-button-text\">Kontakt<\/span>\n\t\t\t\t\t<\/span>\n\t\t\t\t\t<\/a>\n\t\t\t\t<\/div>\n\t\t\t\t\t\t\t\t<\/div>\n\t\t\t\t<\/div>\n\t\t\t\t<\/div>\n\t\t\t\t\t<\/div>\n\t\t\t\t<\/div>\n\t\t\t\t<\/div>\n\t\t","protected":false},"excerpt":{"rendered":"<p>Zastrze\u017cenie Zastrze\u017cenie \u2013 op\u0142ata miejska Ta strona internetowa citycharge.eu&nbsp;ma na celu dostarczenie informacji na temat naszego rozwi\u0105zania w zakresie \u0142adowania pojazd\u00f3w elektrycznych w przestrzeni publicznej. Staramy si\u0119 podawa\u0107 dok\u0142adne i aktualne informacje, jednak nie mo\u017cemy zagwarantowa\u0107, \u017ce wszystkie tre\u015bci s\u0105 wolne od b\u0142\u0119d\u00f3w. Korzystanie z witryny : Korzystaj\u0105c z tej witryny, wyra\u017casz zgod\u0119 na warunki [&hellip;]<\/p>\n","protected":false},"author":1,"featured_media":0,"parent":0,"menu_order":0,"comment_status":"closed","ping_status":"closed","template":"elementor_header_footer","meta":{"_acf_changed":false,"footnotes":""},"class_list":["post-9877","page","type-page","status-publish","hentry"],"acf":[],"yoast_head":"<!-- This site is optimized with the Yoast SEO plugin v27.3 - https:\/\/yoast.com\/product\/yoast-seo-wordpress\/ -->\n<title>Zastrze\u017cenie - CityCharge<\/title>\n<meta name=\"robots\" content=\"index, follow, max-snippet:-1, max-image-preview:large, max-video-preview:-1\" \/>\n<link rel=\"canonical\" href=\"https:\/\/www.citycharge.eu\/pl\/zastrzezenie\/\" \/>\n<meta property=\"og:locale\" content=\"pl_PL\" \/>\n<meta property=\"og:type\" content=\"article\" \/>\n<meta property=\"og:title\" content=\"Zastrze\u017cenie - CityCharge\" \/>\n<meta property=\"og:description\" content=\"Zastrze\u017cenie Zastrze\u017cenie \u2013 op\u0142ata miejska Ta strona internetowa citycharge.eu&nbsp;ma na celu dostarczenie informacji na temat naszego rozwi\u0105zania w zakresie \u0142adowania pojazd\u00f3w elektrycznych w przestrzeni publicznej. Staramy si\u0119 podawa\u0107 dok\u0142adne i aktualne informacje, jednak nie mo\u017cemy zagwarantowa\u0107, \u017ce wszystkie tre\u015bci s\u0105 wolne od b\u0142\u0119d\u00f3w. Korzystanie z witryny : Korzystaj\u0105c z tej witryny, wyra\u017casz zgod\u0119 na warunki [&hellip;]\" \/>\n<meta property=\"og:url\" content=\"https:\/\/www.citycharge.eu\/pl\/zastrzezenie\/\" \/>\n<meta property=\"og:site_name\" content=\"CityCharge\" \/>\n<meta property=\"article:modified_time\" content=\"2024-12-24T07:47:03+00:00\" \/>\n<meta name=\"twitter:card\" content=\"summary_large_image\" \/>\n<meta name=\"twitter:label1\" content=\"Szacowany czas czytania\" \/>\n\t<meta name=\"twitter:data1\" content=\"1 minuta\" \/>\n<script type=\"application\/ld+json\" class=\"yoast-schema-graph\">{\"@context\":\"https:\\\/\\\/schema.org\",\"@graph\":[{\"@type\":\"WebPage\",\"@id\":\"https:\\\/\\\/www.citycharge.eu\\\/pl\\\/zastrzezenie\\\/\",\"url\":\"https:\\\/\\\/www.citycharge.eu\\\/pl\\\/zastrzezenie\\\/\",\"name\":\"Zastrze\u017cenie - CityCharge\",\"isPartOf\":{\"@id\":\"https:\\\/\\\/www.citycharge.eu\\\/pl\\\/#website\"},\"datePublished\":\"2024-07-12T14:54:49+00:00\",\"dateModified\":\"2024-12-24T07:47:03+00:00\",\"breadcrumb\":{\"@id\":\"https:\\\/\\\/www.citycharge.eu\\\/pl\\\/zastrzezenie\\\/#breadcrumb\"},\"inLanguage\":\"pl-PL\",\"potentialAction\":[{\"@type\":\"ReadAction\",\"target\":[\"https:\\\/\\\/www.citycharge.eu\\\/pl\\\/zastrzezenie\\\/\"]}]},{\"@type\":\"BreadcrumbList\",\"@id\":\"https:\\\/\\\/www.citycharge.eu\\\/pl\\\/zastrzezenie\\\/#breadcrumb\",\"itemListElement\":[{\"@type\":\"ListItem\",\"position\":1,\"name\":\"Home\",\"item\":\"https:\\\/\\\/www.citycharge.eu\\\/pl\\\/\"},{\"@type\":\"ListItem\",\"position\":2,\"name\":\"Zastrze\u017cenie\"}]},{\"@type\":\"WebSite\",\"@id\":\"https:\\\/\\\/www.citycharge.eu\\\/pl\\\/#website\",\"url\":\"https:\\\/\\\/www.citycharge.eu\\\/pl\\\/\",\"name\":\"CityCharge\",\"description\":\"Nieuw licht op laden\",\"publisher\":{\"@id\":\"https:\\\/\\\/www.citycharge.eu\\\/pl\\\/#organization\"},\"potentialAction\":[{\"@type\":\"SearchAction\",\"target\":{\"@type\":\"EntryPoint\",\"urlTemplate\":\"https:\\\/\\\/www.citycharge.eu\\\/pl\\\/?s={search_term_string}\"},\"query-input\":{\"@type\":\"PropertyValueSpecification\",\"valueRequired\":true,\"valueName\":\"search_term_string\"}}],\"inLanguage\":\"pl-PL\"},{\"@type\":\"Organization\",\"@id\":\"https:\\\/\\\/www.citycharge.eu\\\/pl\\\/#organization\",\"name\":\"CityCharge\",\"url\":\"https:\\\/\\\/www.citycharge.eu\\\/pl\\\/\",\"logo\":{\"@type\":\"ImageObject\",\"inLanguage\":\"pl-PL\",\"@id\":\"https:\\\/\\\/www.citycharge.eu\\\/pl\\\/#\\\/schema\\\/logo\\\/image\\\/\",\"url\":\"https:\\\/\\\/www.citycharge.eu\\\/wp-content\\\/uploads\\\/2024\\\/07\\\/Citycharge_payofff_white.svg\",\"contentUrl\":\"https:\\\/\\\/www.citycharge.eu\\\/wp-content\\\/uploads\\\/2024\\\/07\\\/Citycharge_payofff_white.svg\",\"width\":1920,\"height\":530,\"caption\":\"CityCharge\"},\"image\":{\"@id\":\"https:\\\/\\\/www.citycharge.eu\\\/pl\\\/#\\\/schema\\\/logo\\\/image\\\/\"}}]}<\/script>\n<!-- \/ Yoast SEO plugin. -->","yoast_head_json":{"title":"Zastrze\u017cenie - CityCharge","robots":{"index":"index","follow":"follow","max-snippet":"max-snippet:-1","max-image-preview":"max-image-preview:large","max-video-preview":"max-video-preview:-1"},"canonical":"https:\/\/www.citycharge.eu\/pl\/zastrzezenie\/","og_locale":"pl_PL","og_type":"article","og_title":"Zastrze\u017cenie - CityCharge","og_description":"Zastrze\u017cenie Zastrze\u017cenie \u2013 op\u0142ata miejska Ta strona internetowa citycharge.eu&nbsp;ma na celu dostarczenie informacji na temat naszego rozwi\u0105zania w zakresie \u0142adowania pojazd\u00f3w elektrycznych w przestrzeni publicznej. Staramy si\u0119 podawa\u0107 dok\u0142adne i aktualne informacje, jednak nie mo\u017cemy zagwarantowa\u0107, \u017ce wszystkie tre\u015bci s\u0105 wolne od b\u0142\u0119d\u00f3w. Korzystanie z witryny : Korzystaj\u0105c z tej witryny, wyra\u017casz zgod\u0119 na warunki [&hellip;]","og_url":"https:\/\/www.citycharge.eu\/pl\/zastrzezenie\/","og_site_name":"CityCharge","article_modified_time":"2024-12-24T07:47:03+00:00","twitter_card":"summary_large_image","twitter_misc":{"Szacowany czas czytania":"1 minuta"},"schema":{"@context":"https:\/\/schema.org","@graph":[{"@type":"WebPage","@id":"https:\/\/www.citycharge.eu\/pl\/zastrzezenie\/","url":"https:\/\/www.citycharge.eu\/pl\/zastrzezenie\/","name":"Zastrze\u017cenie - CityCharge","isPartOf":{"@id":"https:\/\/www.citycharge.eu\/pl\/#website"},"datePublished":"2024-07-12T14:54:49+00:00","dateModified":"2024-12-24T07:47:03+00:00","breadcrumb":{"@id":"https:\/\/www.citycharge.eu\/pl\/zastrzezenie\/#breadcrumb"},"inLanguage":"pl-PL","potentialAction":[{"@type":"ReadAction","target":["https:\/\/www.citycharge.eu\/pl\/zastrzezenie\/"]}]},{"@type":"BreadcrumbList","@id":"https:\/\/www.citycharge.eu\/pl\/zastrzezenie\/#breadcrumb","itemListElement":[{"@type":"ListItem","position":1,"name":"Home","item":"https:\/\/www.citycharge.eu\/pl\/"},{"@type":"ListItem","position":2,"name":"Zastrze\u017cenie"}]},{"@type":"WebSite","@id":"https:\/\/www.citycharge.eu\/pl\/#website","url":"https:\/\/www.citycharge.eu\/pl\/","name":"CityCharge","description":"Nieuw licht op laden","publisher":{"@id":"https:\/\/www.citycharge.eu\/pl\/#organization"},"potentialAction":[{"@type":"SearchAction","target":{"@type":"EntryPoint","urlTemplate":"https:\/\/www.citycharge.eu\/pl\/?s={search_term_string}"},"query-input":{"@type":"PropertyValueSpecification","valueRequired":true,"valueName":"search_term_string"}}],"inLanguage":"pl-PL"},{"@type":"Organization","@id":"https:\/\/www.citycharge.eu\/pl\/#organization","name":"CityCharge","url":"https:\/\/www.citycharge.eu\/pl\/","logo":{"@type":"ImageObject","inLanguage":"pl-PL","@id":"https:\/\/www.citycharge.eu\/pl\/#\/schema\/logo\/image\/","url":"https:\/\/www.citycharge.eu\/wp-content\/uploads\/2024\/07\/Citycharge_payofff_white.svg","contentUrl":"https:\/\/www.citycharge.eu\/wp-content\/uploads\/2024\/07\/Citycharge_payofff_white.svg","width":1920,"height":530,"caption":"CityCharge"},"image":{"@id":"https:\/\/www.citycharge.eu\/pl\/#\/schema\/logo\/image\/"}}]}},"_links":{"self":[{"href":"https:\/\/www.citycharge.eu\/pl\/wp-json\/wp\/v2\/pages\/9877","targetHints":{"allow":["GET"]}}],"collection":[{"href":"https:\/\/www.citycharge.eu\/pl\/wp-json\/wp\/v2\/pages"}],"about":[{"href":"https:\/\/www.citycharge.eu\/pl\/wp-json\/wp\/v2\/types\/page"}],"author":[{"embeddable":true,"href":"https:\/\/www.citycharge.eu\/pl\/wp-json\/wp\/v2\/users\/1"}],"replies":[{"embeddable":true,"href":"https:\/\/www.citycharge.eu\/pl\/wp-json\/wp\/v2\/comments?post=9877"}],"version-history":[{"count":2,"href":"https:\/\/www.citycharge.eu\/pl\/wp-json\/wp\/v2\/pages\/9877\/revisions"}],"predecessor-version":[{"id":9883,"href":"https:\/\/www.citycharge.eu\/pl\/wp-json\/wp\/v2\/pages\/9877\/revisions\/9883"}],"wp:attachment":[{"href":"https:\/\/www.citycharge.eu\/pl\/wp-json\/wp\/v2\/media?parent=9877"}],"curies":[{"name":"wp","href":"https:\/\/api.w.org\/{rel}","templated":true}]}}