{"id":9919,"date":"2024-06-20T15:23:18","date_gmt":"2024-06-20T15:23:18","guid":{"rendered":"https:\/\/www.citycharge.eu\/poszli-przed-toba\/"},"modified":"2024-12-24T07:47:13","modified_gmt":"2024-12-24T07:47:13","slug":"poszli-przed-toba","status":"publish","type":"page","link":"https:\/\/www.citycharge.eu\/pl\/poszli-przed-toba\/","title":{"rendered":"Poszli przed tob\u0105"},"content":{"rendered":"\t\t<div data-elementor-type=\"wp-page\" data-elementor-id=\"9919\" class=\"elementor elementor-9919 elementor-5920\" data-elementor-post-type=\"page\">\n\t\t\t\t<div class=\"elementor-element elementor-element-4994176 e-flex e-con-boxed e-con e-parent\" data-id=\"4994176\" data-element_type=\"container\" data-e-type=\"container\" data-settings=\"{&quot;background_background&quot;:&quot;classic&quot;}\">\n\t\t\t\t\t<div class=\"e-con-inner\">\n\t\t\t\t<div class=\"elementor-element elementor-element-40facc1 elementor-widget elementor-widget-heading\" data-id=\"40facc1\" data-element_type=\"widget\" data-e-type=\"widget\" data-widget_type=\"heading.default\">\n\t\t\t\t<div class=\"elementor-widget-container\">\n\t\t\t\t\t<h1 class=\"elementor-heading-title elementor-size-default\">Poszli przed tob\u0105<\/h1>\t\t\t\t<\/div>\n\t\t\t\t<\/div>\n\t\t\t\t\t<\/div>\n\t\t\t\t<\/div>\n\t\t<div class=\"elementor-element elementor-element-c48cf4c e-flex e-con-boxed e-con e-parent\" data-id=\"c48cf4c\" data-element_type=\"container\" data-e-type=\"container\" data-settings=\"{&quot;background_background&quot;:&quot;classic&quot;}\">\n\t\t\t\t\t<div class=\"e-con-inner\">\n\t\t<div class=\"elementor-element elementor-element-9348efc e-con-full e-flex e-con e-child\" data-id=\"9348efc\" data-element_type=\"container\" data-e-type=\"container\">\n\t\t\t\t<\/div>\n\t\t\t\t\t<\/div>\n\t\t\t\t<\/div>\n\t\t<div class=\"elementor-element elementor-element-0bd5222 e-flex e-con-boxed e-con e-parent\" data-id=\"0bd5222\" data-element_type=\"container\" data-e-type=\"container\" data-settings=\"{&quot;background_background&quot;:&quot;classic&quot;}\">\n\t\t\t\t\t<div class=\"e-con-inner\">\n\t\t<div class=\"elementor-element elementor-element-1c0fda2 e-con-full e-flex e-con e-child\" data-id=\"1c0fda2\" data-element_type=\"container\" data-e-type=\"container\" data-settings=\"{&quot;background_background&quot;:&quot;classic&quot;}\">\n\t\t<div class=\"elementor-element elementor-element-9c83d31 e-flex e-con-boxed e-con e-child\" data-id=\"9c83d31\" data-element_type=\"container\" data-e-type=\"container\">\n\t\t\t\t\t<div class=\"e-con-inner\">\n\t\t<div class=\"elementor-element elementor-element-59766db e-flex e-con-boxed e-con e-child\" data-id=\"59766db\" data-element_type=\"container\" data-e-type=\"container\">\n\t\t\t\t\t<div class=\"e-con-inner\">\n\t\t\t\t<div class=\"elementor-element elementor-element-0f26479 elementor-widget elementor-widget-heading\" data-id=\"0f26479\" data-element_type=\"widget\" data-e-type=\"widget\" data-widget_type=\"heading.default\">\n\t\t\t\t<div class=\"elementor-widget-container\">\n\t\t\t\t\t<h3 class=\"elementor-heading-title elementor-size-default\">\u201eCityCharge sprawia, \u017ce \u200b\u200b\u0142adowanie elektryczne jest \u0142atwiejsze ni\u017c kiedykolwiek. Prawdziwa zmiana zasad gry.\u201d<\/h3>\t\t\t\t<\/div>\n\t\t\t\t<\/div>\n\t\t\t\t\t<\/div>\n\t\t\t\t<\/div>\n\t\t\t\t\t<\/div>\n\t\t\t\t<\/div>\n\t\t\t\t<\/div>\n\t\t<div class=\"elementor-element elementor-element-812eb5a e-con-full e-flex e-con e-child\" data-id=\"812eb5a\" data-element_type=\"container\" data-e-type=\"container\">\n\t\t\t\t<div class=\"elementor-element elementor-element-0db78b0 elementor-widget elementor-widget-heading\" data-id=\"0db78b0\" data-element_type=\"widget\" data-e-type=\"widget\" data-widget_type=\"heading.default\">\n\t\t\t\t<div class=\"elementor-widget-container\">\n\t\t\t\t\t<h2 class=\"elementor-heading-title elementor-size-default\">Czy chcesz tak\u017ce \u0142adowa\u0107 bezproblemowo?<\/h2>\t\t\t\t<\/div>\n\t\t\t\t<\/div>\n\t\t\t\t<div class=\"elementor-element elementor-element-d83e7aa elementor-widget elementor-widget-text-editor\" data-id=\"d83e7aa\" data-element_type=\"widget\" data-e-type=\"widget\" data-widget_type=\"text-editor.default\">\n\t\t\t\t<div class=\"elementor-widget-container\">\n\t\t\t\t\t\t\t\t\t<p>Czy jeste\u015b ciekaw, co CityCharge mo\u017ce zrobi\u0107 dla Twojej gminy lub projektu? Ch\u0119tnie opowiemy Ci o mo\u017cliwo\u015bciach.   <\/p>\n\t\t\t\t\t\t\t\t<\/div>\n\t\t\t\t<\/div>\n\t\t\t\t<div class=\"elementor-element elementor-element-64b9bf6 elementor-widget elementor-widget-text-editor\" data-id=\"64b9bf6\" data-element_type=\"widget\" data-e-type=\"widget\" data-widget_type=\"text-editor.default\">\n\t\t\t\t<div class=\"elementor-widget-container\">\n\t\t\t\t\t\t\t\t\t<p><strong>Skontaktuj si\u0119 z jednym z naszych doradc\u00f3w.<\/strong><\/p>\n\t\t\t\t\t\t\t\t<\/div>\n\t\t\t\t<\/div>\n\t\t\t\t<div class=\"elementor-element elementor-element-833d6e7 elementor-mobile-align-left elementor-widget elementor-widget-button\" data-id=\"833d6e7\" data-element_type=\"widget\" data-e-type=\"widget\" data-widget_type=\"button.default\">\n\t\t\t\t<div class=\"elementor-widget-container\">\n\t\t\t\t\t\t\t\t\t<div class=\"elementor-button-wrapper\">\n\t\t\t\t\t<a class=\"elementor-button elementor-button-link elementor-size-sm\" href=\"#\">\n\t\t\t\t\t\t<span class=\"elementor-button-content-wrapper\">\n\t\t\t\t\t\t<span class=\"elementor-button-icon\">\n\t\t\t\t<svg aria-hidden=\"true\" class=\"e-font-icon-svg e-fas-phone-alt\" viewBox=\"0 0 512 512\" xmlns=\"http:\/\/www.w3.org\/2000\/svg\"><path d=\"M497.39 361.8l-112-48a24 24 0 0 0-28 6.9l-49.6 60.6A370.66 370.66 0 0 1 130.6 204.11l60.6-49.6a23.94 23.94 0 0 0 6.9-28l-48-112A24.16 24.16 0 0 0 122.6.61l-104 24A24 24 0 0 0 0 48c0 256.5 207.9 464 464 464a24 24 0 0 0 23.4-18.6l24-104a24.29 24.29 0 0 0-14.01-27.6z\"><\/path><\/svg>\t\t\t<\/span>\n\t\t\t\t\t\t\t\t\t<span class=\"elementor-button-text\">085-0716620<\/span>\n\t\t\t\t\t<\/span>\n\t\t\t\t\t<\/a>\n\t\t\t\t<\/div>\n\t\t\t\t\t\t\t\t<\/div>\n\t\t\t\t<\/div>\n\t\t\t\t<div class=\"elementor-element elementor-element-66d3e10 elementor-align-left animated-fast elementor-invisible elementor-widget elementor-widget-button\" data-id=\"66d3e10\" data-element_type=\"widget\" data-e-type=\"widget\" data-settings=\"{&quot;_animation&quot;:&quot;zoomIn&quot;}\" data-widget_type=\"button.default\">\n\t\t\t\t<div class=\"elementor-widget-container\">\n\t\t\t\t\t\t\t\t\t<div class=\"elementor-button-wrapper\">\n\t\t\t\t\t<a class=\"elementor-button elementor-button-link elementor-size-sm\" href=\"https:\/\/www.citycharge.eu\/pl\/kontakt\/\">\n\t\t\t\t\t\t<span class=\"elementor-button-content-wrapper\">\n\t\t\t\t\t\t\t\t\t<span class=\"elementor-button-text\">Kontakt<\/span>\n\t\t\t\t\t<\/span>\n\t\t\t\t\t<\/a>\n\t\t\t\t<\/div>\n\t\t\t\t\t\t\t\t<\/div>\n\t\t\t\t<\/div>\n\t\t\t\t<\/div>\n\t\t\t\t\t<\/div>\n\t\t\t\t<\/div>\n\t\t\t\t<\/div>\n\t\t","protected":false},"excerpt":{"rendered":"<p>Poszli przed tob\u0105 \u201eCityCharge sprawia, \u017ce \u200b\u200b\u0142adowanie elektryczne jest \u0142atwiejsze ni\u017c kiedykolwiek. Prawdziwa zmiana zasad gry.\u201d Czy chcesz tak\u017ce \u0142adowa\u0107 bezproblemowo? Czy jeste\u015b ciekaw, co CityCharge mo\u017ce zrobi\u0107 dla Twojej gminy lub projektu? Ch\u0119tnie opowiemy Ci o mo\u017cliwo\u015bciach. Skontaktuj si\u0119 z jednym z naszych doradc\u00f3w. 085-0716620 Kontakt<\/p>\n","protected":false},"author":1,"featured_media":0,"parent":0,"menu_order":0,"comment_status":"closed","ping_status":"closed","template":"elementor_header_footer","meta":{"_acf_changed":false,"footnotes":""},"class_list":["post-9919","page","type-page","status-publish","hentry"],"acf":[],"yoast_head":"<!-- This site is optimized with the Yoast SEO plugin v27.6 - https:\/\/yoast.com\/product\/yoast-seo-wordpress\/ -->\n<title>Poszli przed tob\u0105 - CityCharge<\/title>\n<meta name=\"robots\" content=\"index, follow, max-snippet:-1, max-image-preview:large, max-video-preview:-1\" \/>\n<link rel=\"canonical\" href=\"https:\/\/www.citycharge.eu\/pl\/poszli-przed-toba\/\" \/>\n<meta property=\"og:locale\" content=\"pl_PL\" \/>\n<meta property=\"og:type\" content=\"article\" \/>\n<meta property=\"og:title\" content=\"Poszli przed tob\u0105 - CityCharge\" \/>\n<meta property=\"og:description\" content=\"Poszli przed tob\u0105 \u201eCityCharge sprawia, \u017ce \u200b\u200b\u0142adowanie elektryczne jest \u0142atwiejsze ni\u017c kiedykolwiek. Prawdziwa zmiana zasad gry.\u201d Czy chcesz tak\u017ce \u0142adowa\u0107 bezproblemowo? Czy jeste\u015b ciekaw, co CityCharge mo\u017ce zrobi\u0107 dla Twojej gminy lub projektu? Ch\u0119tnie opowiemy Ci o mo\u017cliwo\u015bciach. Skontaktuj si\u0119 z jednym z naszych doradc\u00f3w. 085-0716620 Kontakt\" \/>\n<meta property=\"og:url\" content=\"https:\/\/www.citycharge.eu\/pl\/poszli-przed-toba\/\" \/>\n<meta property=\"og:site_name\" content=\"CityCharge\" \/>\n<meta property=\"article:modified_time\" content=\"2024-12-24T07:47:13+00:00\" \/>\n<meta name=\"twitter:card\" content=\"summary_large_image\" \/>\n<script type=\"application\/ld+json\" class=\"yoast-schema-graph\">{\"@context\":\"https:\\\/\\\/schema.org\",\"@graph\":[{\"@type\":\"WebPage\",\"@id\":\"https:\\\/\\\/www.citycharge.eu\\\/pl\\\/poszli-przed-toba\\\/\",\"url\":\"https:\\\/\\\/www.citycharge.eu\\\/pl\\\/poszli-przed-toba\\\/\",\"name\":\"Poszli przed tob\u0105 - CityCharge\",\"isPartOf\":{\"@id\":\"https:\\\/\\\/www.citycharge.eu\\\/pl\\\/#website\"},\"datePublished\":\"2024-06-20T15:23:18+00:00\",\"dateModified\":\"2024-12-24T07:47:13+00:00\",\"breadcrumb\":{\"@id\":\"https:\\\/\\\/www.citycharge.eu\\\/pl\\\/poszli-przed-toba\\\/#breadcrumb\"},\"inLanguage\":\"pl-PL\",\"potentialAction\":[{\"@type\":\"ReadAction\",\"target\":[\"https:\\\/\\\/www.citycharge.eu\\\/pl\\\/poszli-przed-toba\\\/\"]}]},{\"@type\":\"BreadcrumbList\",\"@id\":\"https:\\\/\\\/www.citycharge.eu\\\/pl\\\/poszli-przed-toba\\\/#breadcrumb\",\"itemListElement\":[{\"@type\":\"ListItem\",\"position\":1,\"name\":\"Home\",\"item\":\"https:\\\/\\\/www.citycharge.eu\\\/pl\\\/\"},{\"@type\":\"ListItem\",\"position\":2,\"name\":\"Poszli przed tob\u0105\"}]},{\"@type\":\"WebSite\",\"@id\":\"https:\\\/\\\/www.citycharge.eu\\\/pl\\\/#website\",\"url\":\"https:\\\/\\\/www.citycharge.eu\\\/pl\\\/\",\"name\":\"CityCharge\",\"description\":\"Nieuw licht op laden\",\"publisher\":{\"@id\":\"https:\\\/\\\/www.citycharge.eu\\\/pl\\\/#organization\"},\"potentialAction\":[{\"@type\":\"SearchAction\",\"target\":{\"@type\":\"EntryPoint\",\"urlTemplate\":\"https:\\\/\\\/www.citycharge.eu\\\/pl\\\/?s={search_term_string}\"},\"query-input\":{\"@type\":\"PropertyValueSpecification\",\"valueRequired\":true,\"valueName\":\"search_term_string\"}}],\"inLanguage\":\"pl-PL\"},{\"@type\":\"Organization\",\"@id\":\"https:\\\/\\\/www.citycharge.eu\\\/pl\\\/#organization\",\"name\":\"CityCharge\",\"url\":\"https:\\\/\\\/www.citycharge.eu\\\/pl\\\/\",\"logo\":{\"@type\":\"ImageObject\",\"inLanguage\":\"pl-PL\",\"@id\":\"https:\\\/\\\/www.citycharge.eu\\\/pl\\\/#\\\/schema\\\/logo\\\/image\\\/\",\"url\":\"https:\\\/\\\/www.citycharge.eu\\\/wp-content\\\/uploads\\\/2024\\\/07\\\/Citycharge_payofff_white.svg\",\"contentUrl\":\"https:\\\/\\\/www.citycharge.eu\\\/wp-content\\\/uploads\\\/2024\\\/07\\\/Citycharge_payofff_white.svg\",\"width\":1920,\"height\":530,\"caption\":\"CityCharge\"},\"image\":{\"@id\":\"https:\\\/\\\/www.citycharge.eu\\\/pl\\\/#\\\/schema\\\/logo\\\/image\\\/\"}}]}<\/script>\n<!-- \/ Yoast SEO plugin. -->","yoast_head_json":{"title":"Poszli przed tob\u0105 - CityCharge","robots":{"index":"index","follow":"follow","max-snippet":"max-snippet:-1","max-image-preview":"max-image-preview:large","max-video-preview":"max-video-preview:-1"},"canonical":"https:\/\/www.citycharge.eu\/pl\/poszli-przed-toba\/","og_locale":"pl_PL","og_type":"article","og_title":"Poszli przed tob\u0105 - CityCharge","og_description":"Poszli przed tob\u0105 \u201eCityCharge sprawia, \u017ce \u200b\u200b\u0142adowanie elektryczne jest \u0142atwiejsze ni\u017c kiedykolwiek. Prawdziwa zmiana zasad gry.\u201d Czy chcesz tak\u017ce \u0142adowa\u0107 bezproblemowo? Czy jeste\u015b ciekaw, co CityCharge mo\u017ce zrobi\u0107 dla Twojej gminy lub projektu? Ch\u0119tnie opowiemy Ci o mo\u017cliwo\u015bciach. Skontaktuj si\u0119 z jednym z naszych doradc\u00f3w. 085-0716620 Kontakt","og_url":"https:\/\/www.citycharge.eu\/pl\/poszli-przed-toba\/","og_site_name":"CityCharge","article_modified_time":"2024-12-24T07:47:13+00:00","twitter_card":"summary_large_image","schema":{"@context":"https:\/\/schema.org","@graph":[{"@type":"WebPage","@id":"https:\/\/www.citycharge.eu\/pl\/poszli-przed-toba\/","url":"https:\/\/www.citycharge.eu\/pl\/poszli-przed-toba\/","name":"Poszli przed tob\u0105 - CityCharge","isPartOf":{"@id":"https:\/\/www.citycharge.eu\/pl\/#website"},"datePublished":"2024-06-20T15:23:18+00:00","dateModified":"2024-12-24T07:47:13+00:00","breadcrumb":{"@id":"https:\/\/www.citycharge.eu\/pl\/poszli-przed-toba\/#breadcrumb"},"inLanguage":"pl-PL","potentialAction":[{"@type":"ReadAction","target":["https:\/\/www.citycharge.eu\/pl\/poszli-przed-toba\/"]}]},{"@type":"BreadcrumbList","@id":"https:\/\/www.citycharge.eu\/pl\/poszli-przed-toba\/#breadcrumb","itemListElement":[{"@type":"ListItem","position":1,"name":"Home","item":"https:\/\/www.citycharge.eu\/pl\/"},{"@type":"ListItem","position":2,"name":"Poszli przed tob\u0105"}]},{"@type":"WebSite","@id":"https:\/\/www.citycharge.eu\/pl\/#website","url":"https:\/\/www.citycharge.eu\/pl\/","name":"CityCharge","description":"Nieuw licht op laden","publisher":{"@id":"https:\/\/www.citycharge.eu\/pl\/#organization"},"potentialAction":[{"@type":"SearchAction","target":{"@type":"EntryPoint","urlTemplate":"https:\/\/www.citycharge.eu\/pl\/?s={search_term_string}"},"query-input":{"@type":"PropertyValueSpecification","valueRequired":true,"valueName":"search_term_string"}}],"inLanguage":"pl-PL"},{"@type":"Organization","@id":"https:\/\/www.citycharge.eu\/pl\/#organization","name":"CityCharge","url":"https:\/\/www.citycharge.eu\/pl\/","logo":{"@type":"ImageObject","inLanguage":"pl-PL","@id":"https:\/\/www.citycharge.eu\/pl\/#\/schema\/logo\/image\/","url":"https:\/\/www.citycharge.eu\/wp-content\/uploads\/2024\/07\/Citycharge_payofff_white.svg","contentUrl":"https:\/\/www.citycharge.eu\/wp-content\/uploads\/2024\/07\/Citycharge_payofff_white.svg","width":1920,"height":530,"caption":"CityCharge"},"image":{"@id":"https:\/\/www.citycharge.eu\/pl\/#\/schema\/logo\/image\/"}}]}},"_links":{"self":[{"href":"https:\/\/www.citycharge.eu\/pl\/wp-json\/wp\/v2\/pages\/9919","targetHints":{"allow":["GET"]}}],"collection":[{"href":"https:\/\/www.citycharge.eu\/pl\/wp-json\/wp\/v2\/pages"}],"about":[{"href":"https:\/\/www.citycharge.eu\/pl\/wp-json\/wp\/v2\/types\/page"}],"author":[{"embeddable":true,"href":"https:\/\/www.citycharge.eu\/pl\/wp-json\/wp\/v2\/users\/1"}],"replies":[{"embeddable":true,"href":"https:\/\/www.citycharge.eu\/pl\/wp-json\/wp\/v2\/comments?post=9919"}],"version-history":[{"count":2,"href":"https:\/\/www.citycharge.eu\/pl\/wp-json\/wp\/v2\/pages\/9919\/revisions"}],"predecessor-version":[{"id":9924,"href":"https:\/\/www.citycharge.eu\/pl\/wp-json\/wp\/v2\/pages\/9919\/revisions\/9924"}],"wp:attachment":[{"href":"https:\/\/www.citycharge.eu\/pl\/wp-json\/wp\/v2\/media?parent=9919"}],"curies":[{"name":"wp","href":"https:\/\/api.w.org\/{rel}","templated":true}]}}