{"id":9999,"date":"2024-05-13T07:57:42","date_gmt":"2024-05-13T07:57:42","guid":{"rendered":"https:\/\/www.citycharge.eu\/mapa-witryny\/"},"modified":"2024-12-24T07:47:28","modified_gmt":"2024-12-24T07:47:28","slug":"mapa-witryny","status":"publish","type":"page","link":"https:\/\/www.citycharge.eu\/pl\/mapa-witryny\/","title":{"rendered":"Mapa witryny"},"content":{"rendered":"\t\t<div data-elementor-type=\"wp-page\" data-elementor-id=\"9999\" class=\"elementor elementor-9999 elementor-655\" data-elementor-post-type=\"page\">\n\t\t\t\t<div class=\"elementor-element elementor-element-4994176 e-flex e-con-boxed e-con e-parent\" data-id=\"4994176\" data-element_type=\"container\" data-e-type=\"container\" data-settings=\"{&quot;background_background&quot;:&quot;classic&quot;}\">\n\t\t\t\t\t<div class=\"e-con-inner\">\n\t\t\t\t<div class=\"elementor-element elementor-element-40facc1 elementor-widget elementor-widget-heading\" data-id=\"40facc1\" data-element_type=\"widget\" data-e-type=\"widget\" data-widget_type=\"heading.default\">\n\t\t\t\t<div class=\"elementor-widget-container\">\n\t\t\t\t\t<h1 class=\"elementor-heading-title elementor-size-default\">Mapa witryny  <\/h1>\t\t\t\t<\/div>\n\t\t\t\t<\/div>\n\t\t\t\t\t<\/div>\n\t\t\t\t<\/div>\n\t\t<div class=\"elementor-element elementor-element-e83b362 linkzwart e-flex e-con-boxed e-con e-parent\" data-id=\"e83b362\" data-element_type=\"container\" data-e-type=\"container\" data-settings=\"{&quot;background_background&quot;:&quot;classic&quot;}\">\n\t\t\t\t\t<div class=\"e-con-inner\">\n\t\t<div class=\"elementor-element elementor-element-9d4b3fe e-con-full e-flex e-con e-child\" data-id=\"9d4b3fe\" data-element_type=\"container\" data-e-type=\"container\">\n\t\t\t\t<div class=\"elementor-element elementor-element-10b9202 elementor-widget elementor-widget-text-editor\" data-id=\"10b9202\" data-element_type=\"widget\" data-e-type=\"widget\" data-widget_type=\"text-editor.default\">\n\t\t\t\t<div class=\"elementor-widget-container\">\n\t\t\t\t\t\t\t\t\t<ul>\n<li><div class=\"wsp-container\"><h2 class=\"wsp-posts-title\">Posts by category<\/h2>\n<ul class=\"wsp-posts-list\">\n\t<li><strong class=\"wsp-category-title\">Category: <a href=\"https:\/\/www.citycharge.eu\/pl\/category\/aktualnosci\/\">Aktualno\u015bci<\/a><\/strong>\n<ul class=\"wsp-posts-list\">\t\t<li class=\"wsp-post\"><a href=\"https:\/\/www.citycharge.eu\/pl\/certyfikat-open-charge-alliance-core\/\">Certyfikat Open Charge Alliance Core<\/a><\/li>\n\t\t<li class=\"wsp-post\"><a href=\"https:\/\/www.citycharge.eu\/pl\/citycharge-obecny-na-sail-amsterdam\/\">CityCharge obecny na SAIL Amsterdam<\/a><\/li>\n\t\t<li class=\"wsp-post\"><a href=\"https:\/\/www.citycharge.eu\/pl\/oostnl-inwestycja-w-inteligentne-punkty-ladowania-w-latarniach\/\">OostNL: Inwestycja w inteligentne punkty \u0142adowania w latarniach<\/a><\/li>\n\t\t<li class=\"wsp-post\"><a href=\"https:\/\/www.citycharge.eu\/pl\/pierwsza-w-eindhoven-i-druga-w-holandii-latarnia-z-gniazdkiem-do-ladowania-samochodow-elektrycznych\/\">Pierwsza w Eindhoven (i druga w Holandii): latarnia z gniazdkiem do \u0142adowania samochod\u00f3w elektrycznych<\/a><\/li>\n\t\t<li class=\"wsp-post\"><a href=\"https:\/\/www.citycharge.eu\/pl\/juz-niedlugo-w-zaltbommel-bedzie-mozliwe-ladowanie-samochodu-na-latarni-brakel-dostanie-wtyczki-uliczne\/\">Ju\u017c nied\u0142ugo w Zaltbommel b\u0119dzie mo\u017cliwe \u0142adowanie samochodu na latarni, Brakel dostanie wtyczki uliczne<\/a><\/li>\n\t\t<li class=\"wsp-post\"><a href=\"https:\/\/www.citycharge.eu\/pl\/nowe-latarnie-ladujace-w-arnhem\/\">Nowe latarnie \u0142aduj\u0105ce w Arnhem<\/a><\/li>\n\t\t<li class=\"wsp-post\"><a href=\"https:\/\/www.citycharge.eu\/pl\/inteligentny-slup-oswietleniowy-jest-teraz-faktem-takze-w-renkum\/\">Inteligentny s\u0142up o\u015bwietleniowy jest teraz faktem tak\u017ce w Renkum<\/a><\/li>\n\t\t<li class=\"wsp-post\"><a href=\"https:\/\/www.citycharge.eu\/pl\/primevest-przeksztalca-latarnie-w-inteligentny-punkt-ladowania-aby-ulatwic-gwaltowny-rozwoj-samochodow-elektrycznych\/\">Primevest przekszta\u0142ca latarni\u0119 w inteligentny punkt \u0142adowania, aby u\u0142atwi\u0107 gwa\u0142towny rozw\u00f3j samochod\u00f3w elektrycznych<\/a><\/li>\n<\/ul><\/li>\n\t<li><strong class=\"wsp-category-title\">Category: <a href=\"https:\/\/www.citycharge.eu\/pl\/category\/sprawy\/\">Sprawy<\/a><\/strong>\n<ul class=\"wsp-posts-list\">\t\t<li class=\"wsp-post\"><a href=\"https:\/\/www.citycharge.eu\/pl\/stacja-ladowania-we-francji\/\">Stacja \u0142adowania we Francji<\/a><\/li>\n\t\t<li class=\"wsp-post\"><a href=\"https:\/\/www.citycharge.eu\/pl\/gmina-tilburg\/\">Gmina Tilburg<\/a><\/li>\n\t\t<li class=\"wsp-post\"><a href=\"https:\/\/www.citycharge.eu\/pl\/gmina-eemsdelta\/\">Gmina Eemsdelta<\/a><\/li>\n\t\t<li class=\"wsp-post\"><a href=\"https:\/\/www.citycharge.eu\/pl\/gmina-haarlemmermeer\/\">Gmina Haarlemmermeer<\/a><\/li>\n\t\t<li class=\"wsp-post\"><a href=\"https:\/\/www.citycharge.eu\/pl\/gmina-leiderdorp\/\">Gmina Leiderdorp<\/a><\/li>\n\t\t<li class=\"wsp-post\"><a href=\"https:\/\/www.citycharge.eu\/pl\/gmina-deventer\/\">Gmina Deventer<\/a><\/li>\n\t\t<li class=\"wsp-post\"><a href=\"https:\/\/www.citycharge.eu\/pl\/gmina-arnhem\/\">Gmina Arnhem<\/a><\/li>\n\t\t<li class=\"wsp-post\"><a href=\"https:\/\/www.citycharge.eu\/pl\/gmina-zaltbommel\/\">Gmina Zaltbommel<\/a><\/li>\n\t\t<li class=\"wsp-post\"><a href=\"https:\/\/www.citycharge.eu\/pl\/gmina-eindhoven\/\">Gmina Eindhoven<\/a><\/li>\n\t\t<li class=\"wsp-post\"><a href=\"https:\/\/www.citycharge.eu\/pl\/gmina-renkum\/\">Gmina Renkum<\/a><\/li>\n\t\t<li class=\"wsp-post\"><a href=\"https:\/\/www.citycharge.eu\/pl\/gmina-oosterhout\/\">Gmina Oosterhout<\/a><\/li>\n\t\t<li class=\"wsp-post\"><a href=\"https:\/\/www.citycharge.eu\/pl\/gmina-alkmaar\/\">Gmina Alkmaar<\/a><\/li>\n<\/ul><\/li>\n<\/ul>\n<\/div><\/li>\n<\/ul>\n\t\t\t\t\t\t\t\t<\/div>\n\t\t\t\t<\/div>\n\t\t\t\t<\/div>\n\t\t<div class=\"elementor-element elementor-element-60ea742 e-con-full e-flex e-con e-child\" data-id=\"60ea742\" data-element_type=\"container\" data-e-type=\"container\">\n\t\t\t\t<div class=\"elementor-element elementor-element-2d2792b elementor-widget elementor-widget-text-editor\" data-id=\"2d2792b\" data-element_type=\"widget\" data-e-type=\"widget\" data-widget_type=\"text-editor.default\">\n\t\t\t\t<div class=\"elementor-widget-container\">\n\t\t\t\t\t\t\t\t\t<ul>\n<li><div class=\"wsp-container\"><h2 class=\"wsp-pages-title\">Pages<\/h2>\n<ul class=\"wsp-pages-list\">\n<li class=\"page_item page-item-9973\"><a href=\"https:\/\/www.citycharge.eu\/pl\/aktualnosci\/\">Aktualno\u015bci<\/a><\/li>\n<li class=\"page_item page-item-9314\"><a href=\"https:\/\/www.citycharge.eu\/pl\/broszura\/\">Broszura<\/a><\/li>\n<li class=\"page_item page-item-9156\"><a href=\"https:\/\/www.citycharge.eu\/pl\/\">Dom<\/a><\/li>\n<li class=\"page_item page-item-9337\"><a href=\"https:\/\/www.citycharge.eu\/pl\/dziekuje-za-pobranie-broszury\/\">Dzi\u0119kuj\u0119 za pobranie broszury<\/a><\/li>\n<li class=\"page_item page-item-9850\"><a href=\"https:\/\/www.citycharge.eu\/pl\/dziekujemy-za-specyfikacje-pobierania-strony\/\">Dzi\u0119kujemy za specyfikacj\u0119 pobierania strony<\/a><\/li>\n<li class=\"page_item page-item-9243\"><a href=\"https:\/\/www.citycharge.eu\/pl\/formularz-kontaktowy-strona-z-podziekowaniami\/\">Formularz kontaktowy, strona z podzi\u0119kowaniami<\/a><\/li>\n<li class=\"page_item page-item-9233\"><a href=\"https:\/\/www.citycharge.eu\/pl\/kontakt\/\">Kontakt<\/a><\/li>\n<li class=\"page_item page-item-9999\"><a href=\"https:\/\/www.citycharge.eu\/pl\/mapa-witryny\/\">Mapa witryny<\/a><\/li>\n<li class=\"page_item page-item-9204\"><a href=\"https:\/\/www.citycharge.eu\/pl\/o-nas\/\">O nas<\/a><\/li>\n<li class=\"page_item page-item-9441\"><a href=\"https:\/\/www.citycharge.eu\/pl\/polityka-plikow-cookie\/\">Polityka plik\u00f3w cookie<\/a><\/li>\n<li class=\"page_item page-item-10012\"><a href=\"https:\/\/www.citycharge.eu\/pl\/polityka-prywatnosci\/\">Polityka prywatno\u015bci<\/a><\/li>\n<li class=\"page_item page-item-9919\"><a href=\"https:\/\/www.citycharge.eu\/pl\/poszli-przed-toba\/\">Poszli przed tob\u0105<\/a><\/li>\n<li class=\"page_item page-item-9288 page_item_has_children\"><a href=\"https:\/\/www.citycharge.eu\/pl\/rozwiazanie-do-ladowania\/\">Rozwi\u0105zanie do \u0142adowania<\/a>\n<ul class='children'>\n\t<li class=\"page_item page-item-10115\"><a href=\"https:\/\/www.citycharge.eu\/pl\/rozwiazanie-do-ladowania\/cpo\/\">CPO<\/a><\/li>\n\t<li class=\"page_item page-item-10033\"><a href=\"https:\/\/www.citycharge.eu\/pl\/rozwiazanie-do-ladowania\/firmy-konsultingowe\/\">Firmy konsultingowe<\/a><\/li>\n\t<li class=\"page_item page-item-9265\"><a href=\"https:\/\/www.citycharge.eu\/pl\/rozwiazanie-do-ladowania\/gminy\/\">Gminy<\/a><\/li>\n\t<li class=\"page_item page-item-10087\"><a href=\"https:\/\/www.citycharge.eu\/pl\/rozwiazanie-do-ladowania\/instytucje-zamawiajace\/\">Instytucje zamawiaj\u0105ce<\/a><\/li>\n\t<li class=\"page_item page-item-10061\"><a href=\"https:\/\/www.citycharge.eu\/pl\/rozwiazanie-do-ladowania\/tworcy-projektu\/\">Tw\u00f3rcy projektu<\/a><\/li>\n<\/ul>\n<\/li>\n<li class=\"page_item page-item-9299\"><a href=\"https:\/\/www.citycharge.eu\/pl\/specyfikacje-techniczne\/\">Specyfikacje techniczne<\/a><\/li>\n<li class=\"page_item page-item-9465\"><a href=\"https:\/\/www.citycharge.eu\/pl\/narzedzie-obliczeniowe\/\">Szybkie skanowanie<\/a><\/li>\n<li class=\"page_item page-item-9945\"><a href=\"https:\/\/www.citycharge.eu\/pl\/wzmacniacz\/\">Wzmacniacz<\/a><\/li>\n<li class=\"page_item page-item-11421\"><a href=\"https:\/\/www.citycharge.eu\/pl\/zalety-innowacyjnych-masztow-oswietleniowych-do-ladowania\/\">Zalety innowacyjnych maszt\u00f3w o\u015bwietleniowych do \u0142adowania<\/a><\/li>\n<li class=\"page_item page-item-9877\"><a href=\"https:\/\/www.citycharge.eu\/pl\/zastrzezenie\/\">Zastrze\u017cenie<\/a><\/li>\n<\/ul>\n<\/div><\/li>\n<\/ul>\n\t\t\t\t\t\t\t\t<\/div>\n\t\t\t\t<\/div>\n\t\t\t\t<\/div>\n\t\t\t\t\t<\/div>\n\t\t\t\t<\/div>\n\t\t<div class=\"elementor-element elementor-element-5bdfffa e-flex e-con-boxed e-con e-parent\" data-id=\"5bdfffa\" data-element_type=\"container\" data-e-type=\"container\" data-settings=\"{&quot;background_background&quot;:&quot;classic&quot;}\">\n\t\t\t\t\t<div class=\"e-con-inner\">\n\t\t<div class=\"elementor-element elementor-element-9c0d534 e-con-full e-flex e-con e-child\" data-id=\"9c0d534\" data-element_type=\"container\" data-e-type=\"container\" data-settings=\"{&quot;background_background&quot;:&quot;classic&quot;}\">\n\t\t<div class=\"elementor-element elementor-element-daf70e3 e-flex e-con-boxed e-con e-child\" data-id=\"daf70e3\" data-element_type=\"container\" data-e-type=\"container\">\n\t\t\t\t\t<div class=\"e-con-inner\">\n\t\t<div class=\"elementor-element elementor-element-9be657b e-flex e-con-boxed e-con e-child\" data-id=\"9be657b\" data-element_type=\"container\" data-e-type=\"container\">\n\t\t\t\t\t<div class=\"e-con-inner\">\n\t\t\t\t<div class=\"elementor-element elementor-element-20a910c elementor-widget elementor-widget-heading\" data-id=\"20a910c\" data-element_type=\"widget\" data-e-type=\"widget\" data-widget_type=\"heading.default\">\n\t\t\t\t<div class=\"elementor-widget-container\">\n\t\t\t\t\t<h3 class=\"elementor-heading-title elementor-size-default\">\u201eBezpieczne \u0142adowanie i zabawa \u2013 CityCharge zapewnia \u015brodowisko przyjazne dzieciom.\u201d<\/h3>\t\t\t\t<\/div>\n\t\t\t\t<\/div>\n\t\t\t\t\t<\/div>\n\t\t\t\t<\/div>\n\t\t\t\t\t<\/div>\n\t\t\t\t<\/div>\n\t\t\t\t<\/div>\n\t\t<div class=\"elementor-element elementor-element-35fd8d1 e-con-full e-flex e-con e-child\" data-id=\"35fd8d1\" data-element_type=\"container\" data-e-type=\"container\">\n\t\t\t\t<div class=\"elementor-element elementor-element-b99b5e3 elementor-widget elementor-widget-text-editor\" data-id=\"b99b5e3\" data-element_type=\"widget\" data-e-type=\"widget\" data-widget_type=\"text-editor.default\">\n\t\t\t\t<div class=\"elementor-widget-container\">\n\t\t\t\t\t\t\t\t\t<h2>Czy chcesz tak\u017ce \u0142adowa\u0107 bezproblemowo?<\/h2>\n\t\t\t\t\t\t\t\t<\/div>\n\t\t\t\t<\/div>\n\t\t\t\t<div class=\"elementor-element elementor-element-b9db6f6 elementor-widget elementor-widget-text-editor\" data-id=\"b9db6f6\" data-element_type=\"widget\" data-e-type=\"widget\" data-widget_type=\"text-editor.default\">\n\t\t\t\t<div class=\"elementor-widget-container\">\n\t\t\t\t\t\t\t\t\t<p>Czy jeste\u015b ciekaw, co CityCharge mo\u017ce zrobi\u0107 dla Twojej gminy lub projektu? Ch\u0119tnie opowiemy Ci o mo\u017cliwo\u015bciach.   <\/p>\n\t\t\t\t\t\t\t\t<\/div>\n\t\t\t\t<\/div>\n\t\t\t\t<div class=\"elementor-element elementor-element-a646ef4 elementor-widget elementor-widget-text-editor\" data-id=\"a646ef4\" data-element_type=\"widget\" data-e-type=\"widget\" data-widget_type=\"text-editor.default\">\n\t\t\t\t<div class=\"elementor-widget-container\">\n\t\t\t\t\t\t\t\t\t<p><strong>Skontaktuj si\u0119 z jednym z naszych doradc\u00f3w.<\/strong><\/p>\n\t\t\t\t\t\t\t\t<\/div>\n\t\t\t\t<\/div>\n\t\t\t\t<div class=\"elementor-element elementor-element-f75e8fd elementor-mobile-align-left elementor-widget elementor-widget-button\" data-id=\"f75e8fd\" data-element_type=\"widget\" data-e-type=\"widget\" data-widget_type=\"button.default\">\n\t\t\t\t<div class=\"elementor-widget-container\">\n\t\t\t\t\t\t\t\t\t<div class=\"elementor-button-wrapper\">\n\t\t\t\t\t<a class=\"elementor-button elementor-button-link elementor-size-sm\" href=\"http:\/\/+31850716620\">\n\t\t\t\t\t\t<span class=\"elementor-button-content-wrapper\">\n\t\t\t\t\t\t<span class=\"elementor-button-icon\">\n\t\t\t\t<svg aria-hidden=\"true\" class=\"e-font-icon-svg e-fas-phone-alt\" viewBox=\"0 0 512 512\" xmlns=\"http:\/\/www.w3.org\/2000\/svg\"><path d=\"M497.39 361.8l-112-48a24 24 0 0 0-28 6.9l-49.6 60.6A370.66 370.66 0 0 1 130.6 204.11l60.6-49.6a23.94 23.94 0 0 0 6.9-28l-48-112A24.16 24.16 0 0 0 122.6.61l-104 24A24 24 0 0 0 0 48c0 256.5 207.9 464 464 464a24 24 0 0 0 23.4-18.6l24-104a24.29 24.29 0 0 0-14.01-27.6z\"><\/path><\/svg>\t\t\t<\/span>\n\t\t\t\t\t\t\t\t\t<span class=\"elementor-button-text\">085-0716620<\/span>\n\t\t\t\t\t<\/span>\n\t\t\t\t\t<\/a>\n\t\t\t\t<\/div>\n\t\t\t\t\t\t\t\t<\/div>\n\t\t\t\t<\/div>\n\t\t\t\t<div class=\"elementor-element elementor-element-30ef0cc elementor-align-left animated-fast elementor-invisible elementor-widget elementor-widget-button\" data-id=\"30ef0cc\" data-element_type=\"widget\" data-e-type=\"widget\" data-settings=\"{&quot;_animation&quot;:&quot;zoomIn&quot;}\" data-widget_type=\"button.default\">\n\t\t\t\t<div class=\"elementor-widget-container\">\n\t\t\t\t\t\t\t\t\t<div class=\"elementor-button-wrapper\">\n\t\t\t\t\t<a class=\"elementor-button elementor-button-link elementor-size-sm\" href=\"https:\/\/www.citycharge.eu\/pl\/kontakt\/\">\n\t\t\t\t\t\t<span class=\"elementor-button-content-wrapper\">\n\t\t\t\t\t\t\t\t\t<span class=\"elementor-button-text\">Kontakt<\/span>\n\t\t\t\t\t<\/span>\n\t\t\t\t\t<\/a>\n\t\t\t\t<\/div>\n\t\t\t\t\t\t\t\t<\/div>\n\t\t\t\t<\/div>\n\t\t\t\t<\/div>\n\t\t\t\t\t<\/div>\n\t\t\t\t<\/div>\n\t\t\t\t<\/div>\n\t\t","protected":false},"excerpt":{"rendered":"<p>Mapa witryny \u201eBezpieczne \u0142adowanie i zabawa \u2013 CityCharge zapewnia \u015brodowisko przyjazne dzieciom.\u201d Czy chcesz tak\u017ce \u0142adowa\u0107 bezproblemowo? Czy jeste\u015b ciekaw, co CityCharge mo\u017ce zrobi\u0107 dla Twojej gminy lub projektu? Ch\u0119tnie opowiemy Ci o mo\u017cliwo\u015bciach. Skontaktuj si\u0119 z jednym z naszych doradc\u00f3w. 085-0716620 Kontakt<\/p>\n","protected":false},"author":1,"featured_media":0,"parent":0,"menu_order":0,"comment_status":"closed","ping_status":"closed","template":"elementor_header_footer","meta":{"_acf_changed":false,"footnotes":""},"class_list":["post-9999","page","type-page","status-publish","hentry"],"acf":[],"yoast_head":"<!-- This site is optimized with the Yoast SEO plugin v27.4 - https:\/\/yoast.com\/product\/yoast-seo-wordpress\/ -->\n<title>Mapa witryny - CityCharge<\/title>\n<meta name=\"robots\" content=\"index, follow, max-snippet:-1, max-image-preview:large, max-video-preview:-1\" \/>\n<link rel=\"canonical\" href=\"https:\/\/www.citycharge.eu\/pl\/mapa-witryny\/\" \/>\n<meta property=\"og:locale\" content=\"pl_PL\" \/>\n<meta property=\"og:type\" content=\"article\" \/>\n<meta property=\"og:title\" content=\"Mapa witryny - CityCharge\" \/>\n<meta property=\"og:description\" content=\"Mapa witryny \u201eBezpieczne \u0142adowanie i zabawa \u2013 CityCharge zapewnia \u015brodowisko przyjazne dzieciom.\u201d Czy chcesz tak\u017ce \u0142adowa\u0107 bezproblemowo? Czy jeste\u015b ciekaw, co CityCharge mo\u017ce zrobi\u0107 dla Twojej gminy lub projektu? Ch\u0119tnie opowiemy Ci o mo\u017cliwo\u015bciach. Skontaktuj si\u0119 z jednym z naszych doradc\u00f3w. 085-0716620 Kontakt\" \/>\n<meta property=\"og:url\" content=\"https:\/\/www.citycharge.eu\/pl\/mapa-witryny\/\" \/>\n<meta property=\"og:site_name\" content=\"CityCharge\" \/>\n<meta property=\"article:modified_time\" content=\"2024-12-24T07:47:28+00:00\" \/>\n<meta name=\"twitter:card\" content=\"summary_large_image\" \/>\n<script type=\"application\/ld+json\" class=\"yoast-schema-graph\">{\"@context\":\"https:\\\/\\\/schema.org\",\"@graph\":[{\"@type\":\"WebPage\",\"@id\":\"https:\\\/\\\/www.citycharge.eu\\\/pl\\\/mapa-witryny\\\/\",\"url\":\"https:\\\/\\\/www.citycharge.eu\\\/pl\\\/mapa-witryny\\\/\",\"name\":\"Mapa witryny - CityCharge\",\"isPartOf\":{\"@id\":\"https:\\\/\\\/www.citycharge.eu\\\/pl\\\/#website\"},\"datePublished\":\"2024-05-13T07:57:42+00:00\",\"dateModified\":\"2024-12-24T07:47:28+00:00\",\"breadcrumb\":{\"@id\":\"https:\\\/\\\/www.citycharge.eu\\\/pl\\\/mapa-witryny\\\/#breadcrumb\"},\"inLanguage\":\"pl-PL\",\"potentialAction\":[{\"@type\":\"ReadAction\",\"target\":[\"https:\\\/\\\/www.citycharge.eu\\\/pl\\\/mapa-witryny\\\/\"]}]},{\"@type\":\"BreadcrumbList\",\"@id\":\"https:\\\/\\\/www.citycharge.eu\\\/pl\\\/mapa-witryny\\\/#breadcrumb\",\"itemListElement\":[{\"@type\":\"ListItem\",\"position\":1,\"name\":\"Home\",\"item\":\"https:\\\/\\\/www.citycharge.eu\\\/pl\\\/\"},{\"@type\":\"ListItem\",\"position\":2,\"name\":\"Mapa witryny\"}]},{\"@type\":\"WebSite\",\"@id\":\"https:\\\/\\\/www.citycharge.eu\\\/pl\\\/#website\",\"url\":\"https:\\\/\\\/www.citycharge.eu\\\/pl\\\/\",\"name\":\"CityCharge\",\"description\":\"Nieuw licht op laden\",\"publisher\":{\"@id\":\"https:\\\/\\\/www.citycharge.eu\\\/pl\\\/#organization\"},\"potentialAction\":[{\"@type\":\"SearchAction\",\"target\":{\"@type\":\"EntryPoint\",\"urlTemplate\":\"https:\\\/\\\/www.citycharge.eu\\\/pl\\\/?s={search_term_string}\"},\"query-input\":{\"@type\":\"PropertyValueSpecification\",\"valueRequired\":true,\"valueName\":\"search_term_string\"}}],\"inLanguage\":\"pl-PL\"},{\"@type\":\"Organization\",\"@id\":\"https:\\\/\\\/www.citycharge.eu\\\/pl\\\/#organization\",\"name\":\"CityCharge\",\"url\":\"https:\\\/\\\/www.citycharge.eu\\\/pl\\\/\",\"logo\":{\"@type\":\"ImageObject\",\"inLanguage\":\"pl-PL\",\"@id\":\"https:\\\/\\\/www.citycharge.eu\\\/pl\\\/#\\\/schema\\\/logo\\\/image\\\/\",\"url\":\"https:\\\/\\\/www.citycharge.eu\\\/wp-content\\\/uploads\\\/2024\\\/07\\\/Citycharge_payofff_white.svg\",\"contentUrl\":\"https:\\\/\\\/www.citycharge.eu\\\/wp-content\\\/uploads\\\/2024\\\/07\\\/Citycharge_payofff_white.svg\",\"width\":1920,\"height\":530,\"caption\":\"CityCharge\"},\"image\":{\"@id\":\"https:\\\/\\\/www.citycharge.eu\\\/pl\\\/#\\\/schema\\\/logo\\\/image\\\/\"}}]}<\/script>\n<!-- \/ Yoast SEO plugin. -->","yoast_head_json":{"title":"Mapa witryny - CityCharge","robots":{"index":"index","follow":"follow","max-snippet":"max-snippet:-1","max-image-preview":"max-image-preview:large","max-video-preview":"max-video-preview:-1"},"canonical":"https:\/\/www.citycharge.eu\/pl\/mapa-witryny\/","og_locale":"pl_PL","og_type":"article","og_title":"Mapa witryny - CityCharge","og_description":"Mapa witryny \u201eBezpieczne \u0142adowanie i zabawa \u2013 CityCharge zapewnia \u015brodowisko przyjazne dzieciom.\u201d Czy chcesz tak\u017ce \u0142adowa\u0107 bezproblemowo? Czy jeste\u015b ciekaw, co CityCharge mo\u017ce zrobi\u0107 dla Twojej gminy lub projektu? Ch\u0119tnie opowiemy Ci o mo\u017cliwo\u015bciach. Skontaktuj si\u0119 z jednym z naszych doradc\u00f3w. 085-0716620 Kontakt","og_url":"https:\/\/www.citycharge.eu\/pl\/mapa-witryny\/","og_site_name":"CityCharge","article_modified_time":"2024-12-24T07:47:28+00:00","twitter_card":"summary_large_image","schema":{"@context":"https:\/\/schema.org","@graph":[{"@type":"WebPage","@id":"https:\/\/www.citycharge.eu\/pl\/mapa-witryny\/","url":"https:\/\/www.citycharge.eu\/pl\/mapa-witryny\/","name":"Mapa witryny - CityCharge","isPartOf":{"@id":"https:\/\/www.citycharge.eu\/pl\/#website"},"datePublished":"2024-05-13T07:57:42+00:00","dateModified":"2024-12-24T07:47:28+00:00","breadcrumb":{"@id":"https:\/\/www.citycharge.eu\/pl\/mapa-witryny\/#breadcrumb"},"inLanguage":"pl-PL","potentialAction":[{"@type":"ReadAction","target":["https:\/\/www.citycharge.eu\/pl\/mapa-witryny\/"]}]},{"@type":"BreadcrumbList","@id":"https:\/\/www.citycharge.eu\/pl\/mapa-witryny\/#breadcrumb","itemListElement":[{"@type":"ListItem","position":1,"name":"Home","item":"https:\/\/www.citycharge.eu\/pl\/"},{"@type":"ListItem","position":2,"name":"Mapa witryny"}]},{"@type":"WebSite","@id":"https:\/\/www.citycharge.eu\/pl\/#website","url":"https:\/\/www.citycharge.eu\/pl\/","name":"CityCharge","description":"Nieuw licht op laden","publisher":{"@id":"https:\/\/www.citycharge.eu\/pl\/#organization"},"potentialAction":[{"@type":"SearchAction","target":{"@type":"EntryPoint","urlTemplate":"https:\/\/www.citycharge.eu\/pl\/?s={search_term_string}"},"query-input":{"@type":"PropertyValueSpecification","valueRequired":true,"valueName":"search_term_string"}}],"inLanguage":"pl-PL"},{"@type":"Organization","@id":"https:\/\/www.citycharge.eu\/pl\/#organization","name":"CityCharge","url":"https:\/\/www.citycharge.eu\/pl\/","logo":{"@type":"ImageObject","inLanguage":"pl-PL","@id":"https:\/\/www.citycharge.eu\/pl\/#\/schema\/logo\/image\/","url":"https:\/\/www.citycharge.eu\/wp-content\/uploads\/2024\/07\/Citycharge_payofff_white.svg","contentUrl":"https:\/\/www.citycharge.eu\/wp-content\/uploads\/2024\/07\/Citycharge_payofff_white.svg","width":1920,"height":530,"caption":"CityCharge"},"image":{"@id":"https:\/\/www.citycharge.eu\/pl\/#\/schema\/logo\/image\/"}}]}},"_links":{"self":[{"href":"https:\/\/www.citycharge.eu\/pl\/wp-json\/wp\/v2\/pages\/9999","targetHints":{"allow":["GET"]}}],"collection":[{"href":"https:\/\/www.citycharge.eu\/pl\/wp-json\/wp\/v2\/pages"}],"about":[{"href":"https:\/\/www.citycharge.eu\/pl\/wp-json\/wp\/v2\/types\/page"}],"author":[{"embeddable":true,"href":"https:\/\/www.citycharge.eu\/pl\/wp-json\/wp\/v2\/users\/1"}],"replies":[{"embeddable":true,"href":"https:\/\/www.citycharge.eu\/pl\/wp-json\/wp\/v2\/comments?post=9999"}],"version-history":[{"count":1,"href":"https:\/\/www.citycharge.eu\/pl\/wp-json\/wp\/v2\/pages\/9999\/revisions"}],"predecessor-version":[{"id":10001,"href":"https:\/\/www.citycharge.eu\/pl\/wp-json\/wp\/v2\/pages\/9999\/revisions\/10001"}],"wp:attachment":[{"href":"https:\/\/www.citycharge.eu\/pl\/wp-json\/wp\/v2\/media?parent=9999"}],"curies":[{"name":"wp","href":"https:\/\/api.w.org\/{rel}","templated":true}]}}