{"id":9227,"date":"2024-05-09T20:39:55","date_gmt":"2024-05-09T20:39:55","guid":{"rendered":"https:\/\/www.citycharge.eu\/kontaktformular-tacksida\/"},"modified":"2024-12-24T07:44:44","modified_gmt":"2024-12-24T07:44:44","slug":"kontaktformular-tacksida","status":"publish","type":"page","link":"https:\/\/www.citycharge.eu\/sv\/kontaktformular-tacksida\/","title":{"rendered":"Kontaktformul\u00e4r tacksida"},"content":{"rendered":"\t\t<div data-elementor-type=\"wp-page\" data-elementor-id=\"9227\" class=\"elementor elementor-9227 elementor-446\" data-elementor-post-type=\"page\">\n\t\t\t\t<div class=\"elementor-element elementor-element-d5786f4 e-flex e-con-boxed e-con e-parent\" data-id=\"d5786f4\" data-element_type=\"container\" data-e-type=\"container\">\n\t\t\t\t\t<div class=\"e-con-inner\">\n\t\t\t\t\t<\/div>\n\t\t\t\t<\/div>\n\t\t<div class=\"elementor-element elementor-element-c8b4b39 e-flex e-con-boxed e-con e-parent\" data-id=\"c8b4b39\" data-element_type=\"container\" data-e-type=\"container\">\n\t\t\t\t\t<div class=\"e-con-inner\">\n\t\t\t\t<div class=\"elementor-element elementor-element-ac1e7f5 elementor-widget elementor-widget-heading\" data-id=\"ac1e7f5\" data-element_type=\"widget\" data-e-type=\"widget\" data-widget_type=\"heading.default\">\n\t\t\t\t<div class=\"elementor-widget-container\">\n\t\t\t\t\t<h2 class=\"elementor-heading-title elementor-size-default\">Tack<\/h2>\t\t\t\t<\/div>\n\t\t\t\t<\/div>\n\t\t\t\t<div class=\"elementor-element elementor-element-745e32c elementor-widget elementor-widget-text-editor\" data-id=\"745e32c\" data-element_type=\"widget\" data-e-type=\"widget\" data-widget_type=\"text-editor.default\">\n\t\t\t\t<div class=\"elementor-widget-container\">\n\t\t\t\t\t\t\t\t\t<p class=\"p1\">Tack f\u00f6r att du fyller i v\u00e5rt kontaktformul\u00e4r. Vi kommer att kontakta dig s\u00e5 snart som m\u00f6jligt. <\/p>\n\t\t\t\t\t\t\t\t<\/div>\n\t\t\t\t<\/div>\n\t\t\t\t<div class=\"elementor-element elementor-element-6ee6140 elementor-align-center animated-fast elementor-invisible elementor-widget elementor-widget-button\" data-id=\"6ee6140\" data-element_type=\"widget\" data-e-type=\"widget\" data-settings=\"{&quot;_animation&quot;:&quot;zoomIn&quot;}\" data-widget_type=\"button.default\">\n\t\t\t\t<div class=\"elementor-widget-container\">\n\t\t\t\t\t\t\t\t\t<div class=\"elementor-button-wrapper\">\n\t\t\t\t\t<a class=\"elementor-button elementor-button-link elementor-size-sm\" href=\"\/\">\n\t\t\t\t\t\t<span class=\"elementor-button-content-wrapper\">\n\t\t\t\t\t\t\t\t\t<span class=\"elementor-button-text\">Tillbaka till startsidan<\/span>\n\t\t\t\t\t<\/span>\n\t\t\t\t\t<\/a>\n\t\t\t\t<\/div>\n\t\t\t\t\t\t\t\t<\/div>\n\t\t\t\t<\/div>\n\t\t\t\t\t<\/div>\n\t\t\t\t<\/div>\n\t\t\t\t<\/div>\n\t\t","protected":false},"excerpt":{"rendered":"<p>Tack Tack f\u00f6r att du fyller i v\u00e5rt kontaktformul\u00e4r. Vi kommer att kontakta dig s\u00e5 snart som m\u00f6jligt. Tillbaka till startsidan<\/p>\n","protected":false},"author":1,"featured_media":0,"parent":0,"menu_order":0,"comment_status":"closed","ping_status":"closed","template":"elementor_header_footer","meta":{"_acf_changed":false,"footnotes":""},"class_list":["post-9227","page","type-page","status-publish","hentry"],"acf":[],"yoast_head":"<!-- This site is optimized with the Yoast SEO plugin v27.3 - https:\/\/yoast.com\/product\/yoast-seo-wordpress\/ -->\n<title>Kontaktformul\u00e4r tacksida - CityCharge<\/title>\n<meta name=\"robots\" content=\"index, follow, max-snippet:-1, max-image-preview:large, max-video-preview:-1\" \/>\n<link rel=\"canonical\" href=\"https:\/\/www.citycharge.eu\/sv\/kontaktformular-tacksida\/\" \/>\n<meta property=\"og:locale\" content=\"sv_SE\" \/>\n<meta property=\"og:type\" content=\"article\" \/>\n<meta property=\"og:title\" content=\"Kontaktformul\u00e4r tacksida - CityCharge\" \/>\n<meta property=\"og:description\" content=\"Tack Tack f\u00f6r att du fyller i v\u00e5rt kontaktformul\u00e4r. Vi kommer att kontakta dig s\u00e5 snart som m\u00f6jligt. Tillbaka till startsidan\" \/>\n<meta property=\"og:url\" content=\"https:\/\/www.citycharge.eu\/sv\/kontaktformular-tacksida\/\" \/>\n<meta property=\"og:site_name\" content=\"CityCharge\" \/>\n<meta property=\"article:modified_time\" content=\"2024-12-24T07:44:44+00:00\" \/>\n<meta name=\"twitter:card\" content=\"summary_large_image\" \/>\n<script type=\"application\/ld+json\" class=\"yoast-schema-graph\">{\"@context\":\"https:\\\/\\\/schema.org\",\"@graph\":[{\"@type\":\"WebPage\",\"@id\":\"https:\\\/\\\/www.citycharge.eu\\\/sv\\\/kontaktformular-tacksida\\\/\",\"url\":\"https:\\\/\\\/www.citycharge.eu\\\/sv\\\/kontaktformular-tacksida\\\/\",\"name\":\"Kontaktformul\u00e4r tacksida - CityCharge\",\"isPartOf\":{\"@id\":\"https:\\\/\\\/www.citycharge.eu\\\/sv\\\/#website\"},\"datePublished\":\"2024-05-09T20:39:55+00:00\",\"dateModified\":\"2024-12-24T07:44:44+00:00\",\"breadcrumb\":{\"@id\":\"https:\\\/\\\/www.citycharge.eu\\\/sv\\\/kontaktformular-tacksida\\\/#breadcrumb\"},\"inLanguage\":\"sv-SE\",\"potentialAction\":[{\"@type\":\"ReadAction\",\"target\":[\"https:\\\/\\\/www.citycharge.eu\\\/sv\\\/kontaktformular-tacksida\\\/\"]}]},{\"@type\":\"BreadcrumbList\",\"@id\":\"https:\\\/\\\/www.citycharge.eu\\\/sv\\\/kontaktformular-tacksida\\\/#breadcrumb\",\"itemListElement\":[{\"@type\":\"ListItem\",\"position\":1,\"name\":\"Home\",\"item\":\"https:\\\/\\\/www.citycharge.eu\\\/sv\\\/\"},{\"@type\":\"ListItem\",\"position\":2,\"name\":\"Kontaktformul\u00e4r tacksida\"}]},{\"@type\":\"WebSite\",\"@id\":\"https:\\\/\\\/www.citycharge.eu\\\/sv\\\/#website\",\"url\":\"https:\\\/\\\/www.citycharge.eu\\\/sv\\\/\",\"name\":\"CityCharge\",\"description\":\"Nieuw licht op laden\",\"publisher\":{\"@id\":\"https:\\\/\\\/www.citycharge.eu\\\/sv\\\/#organization\"},\"potentialAction\":[{\"@type\":\"SearchAction\",\"target\":{\"@type\":\"EntryPoint\",\"urlTemplate\":\"https:\\\/\\\/www.citycharge.eu\\\/sv\\\/?s={search_term_string}\"},\"query-input\":{\"@type\":\"PropertyValueSpecification\",\"valueRequired\":true,\"valueName\":\"search_term_string\"}}],\"inLanguage\":\"sv-SE\"},{\"@type\":\"Organization\",\"@id\":\"https:\\\/\\\/www.citycharge.eu\\\/sv\\\/#organization\",\"name\":\"CityCharge\",\"url\":\"https:\\\/\\\/www.citycharge.eu\\\/sv\\\/\",\"logo\":{\"@type\":\"ImageObject\",\"inLanguage\":\"sv-SE\",\"@id\":\"https:\\\/\\\/www.citycharge.eu\\\/sv\\\/#\\\/schema\\\/logo\\\/image\\\/\",\"url\":\"https:\\\/\\\/www.citycharge.eu\\\/wp-content\\\/uploads\\\/2024\\\/07\\\/Citycharge_payofff_white.svg\",\"contentUrl\":\"https:\\\/\\\/www.citycharge.eu\\\/wp-content\\\/uploads\\\/2024\\\/07\\\/Citycharge_payofff_white.svg\",\"width\":1920,\"height\":530,\"caption\":\"CityCharge\"},\"image\":{\"@id\":\"https:\\\/\\\/www.citycharge.eu\\\/sv\\\/#\\\/schema\\\/logo\\\/image\\\/\"}}]}<\/script>\n<!-- \/ Yoast SEO plugin. -->","yoast_head_json":{"title":"Kontaktformul\u00e4r tacksida - CityCharge","robots":{"index":"index","follow":"follow","max-snippet":"max-snippet:-1","max-image-preview":"max-image-preview:large","max-video-preview":"max-video-preview:-1"},"canonical":"https:\/\/www.citycharge.eu\/sv\/kontaktformular-tacksida\/","og_locale":"sv_SE","og_type":"article","og_title":"Kontaktformul\u00e4r tacksida - CityCharge","og_description":"Tack Tack f\u00f6r att du fyller i v\u00e5rt kontaktformul\u00e4r. Vi kommer att kontakta dig s\u00e5 snart som m\u00f6jligt. Tillbaka till startsidan","og_url":"https:\/\/www.citycharge.eu\/sv\/kontaktformular-tacksida\/","og_site_name":"CityCharge","article_modified_time":"2024-12-24T07:44:44+00:00","twitter_card":"summary_large_image","schema":{"@context":"https:\/\/schema.org","@graph":[{"@type":"WebPage","@id":"https:\/\/www.citycharge.eu\/sv\/kontaktformular-tacksida\/","url":"https:\/\/www.citycharge.eu\/sv\/kontaktformular-tacksida\/","name":"Kontaktformul\u00e4r tacksida - CityCharge","isPartOf":{"@id":"https:\/\/www.citycharge.eu\/sv\/#website"},"datePublished":"2024-05-09T20:39:55+00:00","dateModified":"2024-12-24T07:44:44+00:00","breadcrumb":{"@id":"https:\/\/www.citycharge.eu\/sv\/kontaktformular-tacksida\/#breadcrumb"},"inLanguage":"sv-SE","potentialAction":[{"@type":"ReadAction","target":["https:\/\/www.citycharge.eu\/sv\/kontaktformular-tacksida\/"]}]},{"@type":"BreadcrumbList","@id":"https:\/\/www.citycharge.eu\/sv\/kontaktformular-tacksida\/#breadcrumb","itemListElement":[{"@type":"ListItem","position":1,"name":"Home","item":"https:\/\/www.citycharge.eu\/sv\/"},{"@type":"ListItem","position":2,"name":"Kontaktformul\u00e4r tacksida"}]},{"@type":"WebSite","@id":"https:\/\/www.citycharge.eu\/sv\/#website","url":"https:\/\/www.citycharge.eu\/sv\/","name":"CityCharge","description":"Nieuw licht op laden","publisher":{"@id":"https:\/\/www.citycharge.eu\/sv\/#organization"},"potentialAction":[{"@type":"SearchAction","target":{"@type":"EntryPoint","urlTemplate":"https:\/\/www.citycharge.eu\/sv\/?s={search_term_string}"},"query-input":{"@type":"PropertyValueSpecification","valueRequired":true,"valueName":"search_term_string"}}],"inLanguage":"sv-SE"},{"@type":"Organization","@id":"https:\/\/www.citycharge.eu\/sv\/#organization","name":"CityCharge","url":"https:\/\/www.citycharge.eu\/sv\/","logo":{"@type":"ImageObject","inLanguage":"sv-SE","@id":"https:\/\/www.citycharge.eu\/sv\/#\/schema\/logo\/image\/","url":"https:\/\/www.citycharge.eu\/wp-content\/uploads\/2024\/07\/Citycharge_payofff_white.svg","contentUrl":"https:\/\/www.citycharge.eu\/wp-content\/uploads\/2024\/07\/Citycharge_payofff_white.svg","width":1920,"height":530,"caption":"CityCharge"},"image":{"@id":"https:\/\/www.citycharge.eu\/sv\/#\/schema\/logo\/image\/"}}]}},"_links":{"self":[{"href":"https:\/\/www.citycharge.eu\/sv\/wp-json\/wp\/v2\/pages\/9227","targetHints":{"allow":["GET"]}}],"collection":[{"href":"https:\/\/www.citycharge.eu\/sv\/wp-json\/wp\/v2\/pages"}],"about":[{"href":"https:\/\/www.citycharge.eu\/sv\/wp-json\/wp\/v2\/types\/page"}],"author":[{"embeddable":true,"href":"https:\/\/www.citycharge.eu\/sv\/wp-json\/wp\/v2\/users\/1"}],"replies":[{"embeddable":true,"href":"https:\/\/www.citycharge.eu\/sv\/wp-json\/wp\/v2\/comments?post=9227"}],"version-history":[{"count":1,"href":"https:\/\/www.citycharge.eu\/sv\/wp-json\/wp\/v2\/pages\/9227\/revisions"}],"predecessor-version":[{"id":9229,"href":"https:\/\/www.citycharge.eu\/sv\/wp-json\/wp\/v2\/pages\/9227\/revisions\/9229"}],"wp:attachment":[{"href":"https:\/\/www.citycharge.eu\/sv\/wp-json\/wp\/v2\/media?parent=9227"}],"curies":[{"name":"wp","href":"https:\/\/api.w.org\/{rel}","templated":true}]}}